{"id":35228,"date":"2025-04-17T04:12:54","date_gmt":"2025-04-17T04:12:54","guid":{"rendered":"https:\/\/silver-louse-480719.hostingersite.com\/tienda\/?post_type=product&#038;p=35228"},"modified":"2026-02-06T21:39:39","modified_gmt":"2026-02-06T21:39:39","slug":"sistema-de-presoterapia-air-relax","status":"publish","type":"product","link":"https:\/\/www.zannasalud.com\/tienda\/producto\/sistema-de-presoterapia-air-relax\/","title":{"rendered":"AIR RELAX"},"content":{"rendered":"<p>El sistema de recuperaci\u00f3n de piernas Air Relax Classic incluye: unidad de control AR-2.0 (enchufe de 110 V US &#8211; TIPO A), un par de mangas para piernas y manual de usuario.<br \/>\nCiclo de operaci\u00f3n controlado digitalmente: modo A: perist\u00e1ltico, modo B: secuencial, modo C: masaje, modo autom\u00e1tico: perist\u00e1ltico + secuencial, modo de compresi\u00f3n dirigida con 4 niveles de presi\u00f3n.<br \/>\nCiclo r\u00e1pido: el ciclo r\u00e1pido maximiza el tiempo de tratamiento y conduce a 2-3 secuencias de compresi\u00f3n m\u00e1s por tratamiento que otros sistemas de recuperaci\u00f3n.<br \/>\nBomba de grado m\u00e9dico: m\u00e1s potente y eficaz que otros sistemas de recuperaci\u00f3n.<br \/>\nInterfaz de usuario: sencilla, proporciona acceso r\u00e1pido a todas las funciones.<br \/>\nCremalleras YKK &#8211; Todas las cremalleras provienen de YKK que fabrica la cremallera m\u00e1s confiable de la industria.<br \/>\nManguera de silicona de grado m\u00e9dico: no t\u00f3xica, sin plomo. Probado para biocompatibilidad y es apropiado para ser utilizado en aplicaciones m\u00e9dicas y cumplir con altos est\u00e1ndares de fabricaci\u00f3n, biocompatibilidad y seguridad.<br \/>\nAlta calidad \u2013 Sistema confiable, port\u00e1til y liviano, f\u00e1cil de usar para la recuperaci\u00f3n diaria y garant\u00eda de 1 a\u00f1o sin preocupaciones.<\/p>\n","protected":false},"excerpt":{"rendered":"<p>Sistema de recuperaci\u00f3n Air Relax port\u00e1til y eficiente.<\/p>\n","protected":false},"featured_media":0,"template":"","meta":{"_acf_changed":false,"content-type":""},"product_brand":[],"product_cat":[14141,13252,13304],"product_tag":[14143,14142,14145,14148,14146,14147,14021,13932,14144,14022],"class_list":{"0":"post-35228","1":"product","2":"type-product","3":"status-publish","5":"product_cat-air-relax","6":"product_cat-modalidades","7":"product_cat-sistemas-de-presoterapia-y-crioterapia","8":"product_tag-circulacion","9":"product_tag-compresion","10":"product_tag-deportivo","11":"product_tag-equipo","12":"product_tag-flexibilidad","13":"product_tag-manguera","14":"product_tag-recuperacion","15":"product_tag-rehabilitacion","16":"product_tag-rendimiento","17":"product_tag-terapeutico","19":"first","20":"instock","21":"taxable","22":"shipping-taxable","23":"product-type-simple"},"acf":[],"_links":{"self":[{"href":"https:\/\/www.zannasalud.com\/tienda\/wp-json\/wp\/v2\/product\/35228","targetHints":{"allow":["GET"]}}],"collection":[{"href":"https:\/\/www.zannasalud.com\/tienda\/wp-json\/wp\/v2\/product"}],"about":[{"href":"https:\/\/www.zannasalud.com\/tienda\/wp-json\/wp\/v2\/types\/product"}],"wp:attachment":[{"href":"https:\/\/www.zannasalud.com\/tienda\/wp-json\/wp\/v2\/media?parent=35228"}],"wp:term":[{"taxonomy":"product_brand","embeddable":true,"href":"https:\/\/www.zannasalud.com\/tienda\/wp-json\/wp\/v2\/product_brand?post=35228"},{"taxonomy":"product_cat","embeddable":true,"href":"https:\/\/www.zannasalud.com\/tienda\/wp-json\/wp\/v2\/product_cat?post=35228"},{"taxonomy":"product_tag","embeddable":true,"href":"https:\/\/www.zannasalud.com\/tienda\/wp-json\/wp\/v2\/product_tag?post=35228"}],"curies":[{"name":"wp","href":"https:\/\/api.w.org\/{rel}","templated":true}]}}