{"id":35219,"date":"2025-04-17T03:05:41","date_gmt":"2025-04-17T03:05:41","guid":{"rendered":"https:\/\/silver-louse-480719.hostingersite.com\/tienda\/?post_type=product&#038;p=35219"},"modified":"2025-04-17T03:20:19","modified_gmt":"2025-04-17T03:20:19","slug":"tanque-de-hidroterapia-lower-extremity-whirlpool","status":"publish","type":"product","link":"https:\/\/www.zannasalud.com\/tienda\/producto\/tanque-de-hidroterapia-lower-extremity-whirlpool\/","title":{"rendered":"TANQUE DE HIDROTERAPIA LOWER EXTREMITY WHIRLPOOL"},"content":{"rendered":"<p>Las ba\u00f1eras Whirlpool 1115 EZ y 1115 est\u00e1n dise\u00f1adas para el tratamiento de las extremidades inferiores y la columna lumbar. El tratamiento en ambos modelos se realiza con 12 jets submarinos con direcci\u00f3n ajustable, divididos en tres secciones independientes. Dos niveles de llenado de la ba\u00f1era permiten un ahorro significativo de agua. El panel electr\u00f3nico asegura la posibilidad de elegir entre 7 combinaciones posibles de funcionamiento de las secciones.<\/p>\n<p>Volumen: 210 l<br \/>\nLongitud: 1440 mm<br \/>\nAncho: 720 mm<br \/>\nAltura: 980 mm<\/p>\n<p>Caracter\u00edsticas t\u00e9cnicas:<br \/>\n\u2022 Sistema de jets con posibilidad de ajustar la direcci\u00f3n del flujo de agua (12 jets divididos en 3 secciones independientes)<br \/>\n\u2022 Sistema de drenaje semi-autom\u00e1tico<br \/>\n\u2022 Dos niveles de llenado de agua (80 y 210 litros)<\/p>\n<p>1115 T:<br \/>\n? 12 jets para masaje submarino en 3 secciones independientes<br \/>\n? Ducha manual<br \/>\n? Masaje pasivo con perlas<br \/>\n? Panel de control t\u00e1ctil<br \/>\n? Sistema autom\u00e1tico de llenado con term\u00f3metro electr\u00f3nico<br \/>\n? Apagado autom\u00e1tico despu\u00e9s del tiempo de tratamiento<br \/>\n? Protecci\u00f3n contra \u00abtrabajo en seco\u00bb de la bomba<br \/>\n? Drenaje autom\u00e1tico electr\u00f3nico controlado<br \/>\n(opci\u00f3n) Sistema de desinfecci\u00f3n qu\u00edmica<br \/>\n? Sistema de mantenimiento de temperatura\/calentamiento del agua en la ba\u00f1era<br \/>\n? Escalones para facilitar el acceso a la ba\u00f1era.<br \/>\n? L\u00edquido limpiador (1 l)<\/p>\n","protected":false},"excerpt":{"rendered":"<p>Ba\u00f1era Whirlpool 1115 T: Terapia avanzada para extremidades y columna lumbar.<\/p>\n","protected":false},"featured_media":0,"template":"","meta":{"_acf_changed":false,"content-type":""},"product_brand":[],"product_cat":[13255,13299,13301,13252,13300],"product_tag":[14119,14114,14115,14120,14117,14005,14121,14116,11803,14118],"class_list":{"0":"post-35219","1":"product","2":"type-product","3":"status-publish","5":"product_cat-marca","6":"product_cat-hydroterapia","7":"product_cat-technomex","8":"product_cat-modalidades","9":"product_cat-tanques-y-baneras","10":"product_tag-01-501-015-technomex","11":"product_tag-1115-t-technomex","12":"product_tag-1115-t-whirlpool","13":"product_tag-banera-de-hidromasaje-para-extremidades-y-espalda","14":"product_tag-banera-extremidades-inferiores","15":"product_tag-banera-technomex","16":"product_tag-diseno-ergonomico-para-tratamiento-de-columna-lumbar","17":"product_tag-tanque-extremidades-inferiores","18":"product_tag-technomex","19":"product_tag-za01-501-015","21":"first","22":"instock","23":"taxable","24":"shipping-taxable","25":"purchasable","26":"product-type-variable"},"acf":[],"_links":{"self":[{"href":"https:\/\/www.zannasalud.com\/tienda\/wp-json\/wp\/v2\/product\/35219","targetHints":{"allow":["GET"]}}],"collection":[{"href":"https:\/\/www.zannasalud.com\/tienda\/wp-json\/wp\/v2\/product"}],"about":[{"href":"https:\/\/www.zannasalud.com\/tienda\/wp-json\/wp\/v2\/types\/product"}],"wp:attachment":[{"href":"https:\/\/www.zannasalud.com\/tienda\/wp-json\/wp\/v2\/media?parent=35219"}],"wp:term":[{"taxonomy":"product_brand","embeddable":true,"href":"https:\/\/www.zannasalud.com\/tienda\/wp-json\/wp\/v2\/product_brand?post=35219"},{"taxonomy":"product_cat","embeddable":true,"href":"https:\/\/www.zannasalud.com\/tienda\/wp-json\/wp\/v2\/product_cat?post=35219"},{"taxonomy":"product_tag","embeddable":true,"href":"https:\/\/www.zannasalud.com\/tienda\/wp-json\/wp\/v2\/product_tag?post=35219"}],"curies":[{"name":"wp","href":"https:\/\/api.w.org\/{rel}","templated":true}]}}