{"id":35192,"date":"2025-04-16T03:34:05","date_gmt":"2025-04-16T03:34:05","guid":{"rendered":"https:\/\/silver-louse-480719.hostingersite.com\/tienda\/?post_type=product&#038;p=35192"},"modified":"2025-04-16T03:38:37","modified_gmt":"2025-04-16T03:38:37","slug":"terapia-combinada-mettler-sonicator-plus-921","status":"publish","type":"product","link":"https:\/\/www.zannasalud.com\/tienda\/producto\/terapia-combinada-mettler-sonicator-plus-921\/","title":{"rendered":"TERAPIA COMBINADA METTLER SONICATOR PLUS 921"},"content":{"rendered":"<p>El Sonicator\u00ae Plus 921 es un estimulador combinado de 2 canales con ultrasonidos. Cuenta con una pantalla t\u00e1ctil de colores vivos para configuraciones de tratamiento r\u00e1pidas y f\u00e1ciles. El 921 ofrece 6 formas de onda \u00fanicas; Interferencial (IF-4), Premodulado (IF-2), EMS, Ruso, TENS y Alta Tensi\u00f3n (AT). La interfaz de software f\u00e1cil de usar permite una configuraci\u00f3n r\u00e1pida, precisi\u00f3n y exactitud cl\u00ednica. El Sonicator Plus 921 ofrece una biblioteca anat\u00f3mica con recomendaciones de colocaci\u00f3n y tratamiento de electrodos. Todas las recomendaciones de tratamiento son escritas por m\u00e9dicos. Hay espacio para que el m\u00e9dico almacene y utilice protocolos de tratamiento espec\u00edficos junto con una descripci\u00f3n de cada uno. Este es un tremendo dispositivo de combinaci\u00f3n para cualquier pr\u00e1ctica. Con 6 formas de onda cl\u00ednicas y ultrasonidos de frecuencia de 1 y 3 MHz, el 921 es una de las unidades m\u00e1s avanzadas del mercado.<\/p>\n","protected":false},"excerpt":{"rendered":"<p>Estimulador combinado con ultrasonidos y pantalla t\u00e1ctil intuitiva.<\/p>\n","protected":false},"featured_media":0,"template":"","meta":{"_acf_changed":false,"content-type":""},"product_brand":[],"product_cat":[13252,13253,13256,13270],"product_tag":[14017,13743,14020,14018,14021,13932,14022,14015,14019,14016],"class_list":{"0":"post-35192","1":"product","2":"type-product","3":"status-publish","5":"product_cat-modalidades","6":"product_cat-electroterapia-ultrasonidos-accesorios-laser-diaterma-microondas-onda-corta-estim-magnet","7":"product_cat-mettler-electronics","8":"product_cat-ultrasonido-profesional","9":"product_tag-fisioterapia","10":"product_tag-lesiones","11":"product_tag-musculos","12":"product_tag-profundidad","13":"product_tag-recuperacion","14":"product_tag-rehabilitacion","15":"product_tag-terapeutico","16":"product_tag-terapia","17":"product_tag-tratamiento","18":"product_tag-ultrasonido","20":"first","21":"instock","22":"taxable","23":"shipping-taxable","24":"purchasable","25":"product-type-variable"},"acf":[],"_links":{"self":[{"href":"https:\/\/www.zannasalud.com\/tienda\/wp-json\/wp\/v2\/product\/35192","targetHints":{"allow":["GET"]}}],"collection":[{"href":"https:\/\/www.zannasalud.com\/tienda\/wp-json\/wp\/v2\/product"}],"about":[{"href":"https:\/\/www.zannasalud.com\/tienda\/wp-json\/wp\/v2\/types\/product"}],"wp:attachment":[{"href":"https:\/\/www.zannasalud.com\/tienda\/wp-json\/wp\/v2\/media?parent=35192"}],"wp:term":[{"taxonomy":"product_brand","embeddable":true,"href":"https:\/\/www.zannasalud.com\/tienda\/wp-json\/wp\/v2\/product_brand?post=35192"},{"taxonomy":"product_cat","embeddable":true,"href":"https:\/\/www.zannasalud.com\/tienda\/wp-json\/wp\/v2\/product_cat?post=35192"},{"taxonomy":"product_tag","embeddable":true,"href":"https:\/\/www.zannasalud.com\/tienda\/wp-json\/wp\/v2\/product_tag?post=35192"}],"curies":[{"name":"wp","href":"https:\/\/api.w.org\/{rel}","templated":true}]}}