{"id":35079,"date":"2025-04-09T03:47:38","date_gmt":"2025-04-09T03:47:38","guid":{"rendered":"https:\/\/silver-louse-480719.hostingersite.com\/tienda\/producto\/monofilamentos-touch-test\/"},"modified":"2025-04-09T03:54:15","modified_gmt":"2025-04-09T03:54:15","slug":"monofilamentos-touch-test","status":"publish","type":"product","link":"https:\/\/www.zannasalud.com\/tienda\/producto\/monofilamentos-touch-test\/","title":{"rendered":"MONOFILAMENTOS TOUCH-TEST\u00ae"},"content":{"rendered":"<p>Util\u00edcelo para probar los niveles sensoriales y obtener datos objetivos para informar con precisi\u00f3n sobre el estado de la disminuci\u00f3n o el retorno de la sensibilidad.<br \/>\nEl filamento se dobla cuando se alcanza el umbral de fuerza m\u00e1xima.<br \/>\nEl mango \u00fanico se abre f\u00e1cilmente en un \u00e1ngulo de 90\u00b0 para realizar pruebas. Cuando est\u00e1 cerrado, el Sensory Evaluator se puede llevar de forma segura en un bolsillo o estuche de transporte, protegiendo el filamento cuando no est\u00e1 en uso.<br \/>\nLas hendiduras de los dedos en el mango proporcionan una sujeci\u00f3n firme y c\u00f3moda.<br \/>\nLas manijas del evaluador sensorial est\u00e1n marcadas con el nivel de presi\u00f3n codificado por colores correspondiente.<br \/>\nLos evaluadores sensoriales de repuesto individuales se venden por separado, incluido el 5.07, que indica la p\u00e9rdida de la sensaci\u00f3n protectora del pie.<br \/>\nDisponible en un kit de mano de 5 piezas, un kit de pie de 6 piezas y un kit completo de 20 piezas.<br \/>\nCada kit viene en una funda protectora. Se incluyen instrucciones.<br \/>\nLos art\u00edculos de revistas gratuitos est\u00e1n disponibles.<br \/>\nPara conocer las pautas de atenci\u00f3n, consulte la pesta\u00f1a \u00abinformaci\u00f3n\u00bb.<\/p>\n","protected":false},"excerpt":{"rendered":"<p>Estos evaluadores sensoriales port\u00e1tiles se fabrican dentro de una desviaci\u00f3n est\u00e1ndar del 5% de cada fuerza objetivo.<\/p>\n","protected":false},"featured_media":0,"template":"","meta":{"_acf_changed":false,"content-type":""},"product_brand":[],"product_cat":[13414,13413,13276,13409],"product_tag":[13937,13936,13929,13934,13931,13935,13932,13938,13930,13933],"class_list":{"0":"post-35079","1":"product","2":"type-product","3":"status-publish","5":"product_cat-dinamometros","6":"product_cat-fuerza","7":"product_cat-north-coast","8":"product_cat-obtencion-de-datos","9":"product_tag-diagnostico-clinico","10":"product_tag-dispositivo-medico","11":"product_tag-evaluacion-sensorial","12":"product_tag-medicion-de-percepcion","13":"product_tag-neurologia","14":"product_tag-precision","15":"product_tag-rehabilitacion","16":"product_tag-sensacion-tactil","17":"product_tag-sensibilidad-tactil","18":"product_tag-terapia-fisica","20":"first","21":"instock","22":"taxable","23":"shipping-taxable","24":"purchasable","25":"product-type-variable"},"acf":[],"_links":{"self":[{"href":"https:\/\/www.zannasalud.com\/tienda\/wp-json\/wp\/v2\/product\/35079","targetHints":{"allow":["GET"]}}],"collection":[{"href":"https:\/\/www.zannasalud.com\/tienda\/wp-json\/wp\/v2\/product"}],"about":[{"href":"https:\/\/www.zannasalud.com\/tienda\/wp-json\/wp\/v2\/types\/product"}],"wp:attachment":[{"href":"https:\/\/www.zannasalud.com\/tienda\/wp-json\/wp\/v2\/media?parent=35079"}],"wp:term":[{"taxonomy":"product_brand","embeddable":true,"href":"https:\/\/www.zannasalud.com\/tienda\/wp-json\/wp\/v2\/product_brand?post=35079"},{"taxonomy":"product_cat","embeddable":true,"href":"https:\/\/www.zannasalud.com\/tienda\/wp-json\/wp\/v2\/product_cat?post=35079"},{"taxonomy":"product_tag","embeddable":true,"href":"https:\/\/www.zannasalud.com\/tienda\/wp-json\/wp\/v2\/product_tag?post=35079"}],"curies":[{"name":"wp","href":"https:\/\/api.w.org\/{rel}","templated":true}]}}