{"id":35060,"date":"2025-04-08T13:45:44","date_gmt":"2025-04-08T13:45:44","guid":{"rendered":"https:\/\/silver-louse-480719.hostingersite.com\/tienda\/producto\/cinta-termoplastica-orficast-2\/"},"modified":"2025-04-08T13:55:41","modified_gmt":"2025-04-08T13:55:41","slug":"cinta-termoplastica-orficast-2","status":"publish","type":"product","link":"https:\/\/www.zannasalud.com\/tienda\/producto\/cinta-termoplastica-orficast-2\/","title":{"rendered":"CINTA TERMOPLASTICA ORFICAST"},"content":{"rendered":"<p>ORFICAST\u2122 MORE<br \/>\nM\u00e1s grueso que nuestro ORFICAST\u2122 original, la innovadora versi\u00f3n ORFICAST\u2122 MORE le brinda la capacidad de cumplir con una amplia gama de aplicaciones ortop\u00e9dicas.<\/p>\n<p>El mayor grosor del material evita la necesidad de utilizar dos capas para ortesis r\u00edgidas y proporciona un tiempo de trabajo m\u00e1s prolongado .<\/p>\n<p>ORFICAST\u2122 MORE est\u00e1 disponible en cuatro anchos: 6 cm (2,5?), 12 cm (5\u201d), 15 cm (6?) y 30 cm (12?).<\/p>\n<p>&nbsp;<\/p>\n<p>Ejemplos de fabricaci\u00f3n de ortesis<\/p>\n<p>Se puede hacer una amplia variedad de dise\u00f1os ortop\u00e9dicos sin gran esfuerzo, incluso por terapeutas menos experimentados.<\/p>\n<p>\u00d3rtesis de poste de pulgar, usando el dise\u00f1o de mariposa<br \/>\n\u00d3rtesis de artritis CMC, usando el dise\u00f1o de ballena<br \/>\nOrtesis de canal cubital y canal radial<br \/>\nOrtesis de M\u00e1nchester<br \/>\nORFICAST\u2122 MORE es ideal para la fabricaci\u00f3n de ortesis m\u00e1s grandes que van m\u00e1s all\u00e1 de la mu\u00f1eca.<\/p>\n<p>\u00d3rtesis de De Quervain \/ \u00d3rtesis oponente pulgar-mu\u00f1eca<br \/>\n\u00d3rtesis de M\u00fcnster<br \/>\n\u00d3rtesis de mu\u00f1eca volar<br \/>\nSoporte de tobillo<br \/>\nSoporte de codo ligero<\/p>\n","protected":false},"excerpt":{"rendered":"<p>ORFICAST\u2122 MORE Thermoplastic Tape, m\u00e1s grueso que el Orficast\u2122 original, evita la necesidad de utilizar dos capas para ortesis r\u00edgidas y proporciona un tiempo de trabajo m\u00e1s prolongado.<\/p>\n","protected":false},"featured_media":0,"template":"","meta":{"_acf_changed":false,"content-type":""},"product_brand":[],"product_cat":[13716,13350,13338,13347],"product_tag":[13851,13852,13850,13858,13855,13857,12011,13853,13849,13854,13856],"class_list":{"0":"post-35060","1":"product","2":"type-product","3":"status-publish","5":"product_cat-sin-categorizar","6":"product_cat-laminas-termoplasticas","7":"product_cat-terapia-para-miembro-superior","8":"product_cat-ferulaje","9":"product_tag-braces","10":"product_tag-eco","11":"product_tag-ferulaje","12":"product_tag-laminas-moldeables","13":"product_tag-laminas-termomoldeables","14":"product_tag-laminas-termoplasticas","15":"product_tag-orfit","16":"product_tag-ortesicos","17":"product_tag-ortesis","18":"product_tag-terapia-ocupacional","19":"product_tag-termoplastico","21":"first","22":"instock","23":"taxable","24":"shipping-taxable","25":"purchasable","26":"product-type-variable"},"acf":[],"_links":{"self":[{"href":"https:\/\/www.zannasalud.com\/tienda\/wp-json\/wp\/v2\/product\/35060","targetHints":{"allow":["GET"]}}],"collection":[{"href":"https:\/\/www.zannasalud.com\/tienda\/wp-json\/wp\/v2\/product"}],"about":[{"href":"https:\/\/www.zannasalud.com\/tienda\/wp-json\/wp\/v2\/types\/product"}],"wp:attachment":[{"href":"https:\/\/www.zannasalud.com\/tienda\/wp-json\/wp\/v2\/media?parent=35060"}],"wp:term":[{"taxonomy":"product_brand","embeddable":true,"href":"https:\/\/www.zannasalud.com\/tienda\/wp-json\/wp\/v2\/product_brand?post=35060"},{"taxonomy":"product_cat","embeddable":true,"href":"https:\/\/www.zannasalud.com\/tienda\/wp-json\/wp\/v2\/product_cat?post=35060"},{"taxonomy":"product_tag","embeddable":true,"href":"https:\/\/www.zannasalud.com\/tienda\/wp-json\/wp\/v2\/product_tag?post=35060"}],"curies":[{"name":"wp","href":"https:\/\/api.w.org\/{rel}","templated":true}]}}