{"id":34774,"date":"2025-04-04T13:37:57","date_gmt":"2025-04-04T13:37:57","guid":{"rendered":"https:\/\/silver-louse-480719.hostingersite.com\/tienda\/?post_type=product&p=34774"},"modified":"2025-04-04T14:31:21","modified_gmt":"2025-04-04T14:31:21","slug":"disposivo-de-rehabilitacion-mirr-1-espejo-1","status":"publish","type":"product","link":"https:\/\/www.zannasalud.com\/tienda\/producto\/disposivo-de-rehabilitacion-mirr-1-espejo-1\/","title":{"rendered":"DISPOSIVO DE REHABILITACI\u00d3N MIRR 1 \/ESPEJO 1"},"content":{"rendered":"<p>El espejo con red posturogr\u00e1fica est\u00e1 dise\u00f1ado para verificar la postura correcta del paciente. El espejo est\u00e1 equipado con un chasis con sistema de freno que proporciona una movilidad total de la estructura. Se utiliza en salas de hospitales, cl\u00ednicas, residencias de ancianos, as\u00ed como en consultorios privados y rehabilitaci\u00f3n cosm\u00e9tica. La rejilla est\u00e1 \u00abtallada\u00bb en el vidrio, lo que garantiza su durabilidad y resistencia a la abrasi\u00f3n. El marco del espejo est\u00e1 hecho de acero para garantizar una alta estabilidad de la estructura. El marco est\u00e1 recubierto de polvo para garantizar una alta durabilidad a los ara\u00f1azos de la pintura.<\/p>\n<p>Datos t\u00e9cnicos:<br \/>\nSuperficie del espejo (Alto x Ancho) [mm]: 1600 x 630<br \/>\nDimensiones (Alto x Ancho) [mm]: 1950 x 675<br \/>\nDimensiones de la red posturogr\u00e1fica [mm]: 100 x 100<\/p>\n","protected":false},"excerpt":{"rendered":"<p>MIRR 1 Single corrective mirror<\/p>\n","protected":false},"featured_media":0,"template":"","meta":{"_acf_changed":false,"content-type":""},"product_brand":[],"product_cat":[13716],"product_tag":[],"class_list":{"0":"post-34774","1":"product","2":"type-product","3":"status-publish","5":"product_cat-sin-categorizar","7":"first","8":"instock","9":"taxable","10":"shipping-taxable","11":"purchasable","12":"product-type-simple"},"acf":[],"_links":{"self":[{"href":"https:\/\/www.zannasalud.com\/tienda\/wp-json\/wp\/v2\/product\/34774","targetHints":{"allow":["GET"]}}],"collection":[{"href":"https:\/\/www.zannasalud.com\/tienda\/wp-json\/wp\/v2\/product"}],"about":[{"href":"https:\/\/www.zannasalud.com\/tienda\/wp-json\/wp\/v2\/types\/product"}],"wp:attachment":[{"href":"https:\/\/www.zannasalud.com\/tienda\/wp-json\/wp\/v2\/media?parent=34774"}],"wp:term":[{"taxonomy":"product_brand","embeddable":true,"href":"https:\/\/www.zannasalud.com\/tienda\/wp-json\/wp\/v2\/product_brand?post=34774"},{"taxonomy":"product_cat","embeddable":true,"href":"https:\/\/www.zannasalud.com\/tienda\/wp-json\/wp\/v2\/product_cat?post=34774"},{"taxonomy":"product_tag","embeddable":true,"href":"https:\/\/www.zannasalud.com\/tienda\/wp-json\/wp\/v2\/product_tag?post=34774"}],"curies":[{"name":"wp","href":"https:\/\/api.w.org\/{rel}","templated":true}]}}