{"id":34756,"date":"2025-04-04T13:37:44","date_gmt":"2025-04-04T13:37:44","guid":{"rendered":"https:\/\/silver-louse-480719.hostingersite.com\/tienda\/?post_type=product&p=34756"},"modified":"2025-04-04T14:31:18","modified_gmt":"2025-04-04T14:31:18","slug":"electroterapia-globus-genesy-3000-ref-zaglbgys30","status":"publish","type":"product","link":"https:\/\/www.zannasalud.com\/tienda\/producto\/electroterapia-globus-genesy-3000-ref-zaglbgys30\/","title":{"rendered":"ELECTROTERAPIA GLOBUS GENESY 3000 REF. ZAGLBGYS30"},"content":{"rendered":"<p>Todos sus programas se pueden personalizar en funci\u00f3n de las necesidades terap\u00e9uticas individuales y est\u00e1n especialmente indicados para tratar los trastornos m\u00e1s comunes del sistema musculoesquel\u00e9tico.<\/p>\n","protected":false},"excerpt":{"rendered":"<p>Genesy 3000<br \/>\nCon sus 423 programas, los electroestimuladores Genesy 3000 son los dispositivos m\u00e1s adecuados para los profesionales de la rehabilitaci\u00f3n.<\/p>\n","protected":false},"featured_media":0,"template":"","meta":{"_acf_changed":false,"content-type":""},"product_brand":[],"product_cat":[13716],"product_tag":[],"class_list":{"0":"post-34756","1":"product","2":"type-product","3":"status-publish","5":"product_cat-sin-categorizar","7":"first","8":"instock","9":"taxable","10":"shipping-taxable","11":"purchasable","12":"product-type-simple"},"acf":[],"_links":{"self":[{"href":"https:\/\/www.zannasalud.com\/tienda\/wp-json\/wp\/v2\/product\/34756","targetHints":{"allow":["GET"]}}],"collection":[{"href":"https:\/\/www.zannasalud.com\/tienda\/wp-json\/wp\/v2\/product"}],"about":[{"href":"https:\/\/www.zannasalud.com\/tienda\/wp-json\/wp\/v2\/types\/product"}],"wp:attachment":[{"href":"https:\/\/www.zannasalud.com\/tienda\/wp-json\/wp\/v2\/media?parent=34756"}],"wp:term":[{"taxonomy":"product_brand","embeddable":true,"href":"https:\/\/www.zannasalud.com\/tienda\/wp-json\/wp\/v2\/product_brand?post=34756"},{"taxonomy":"product_cat","embeddable":true,"href":"https:\/\/www.zannasalud.com\/tienda\/wp-json\/wp\/v2\/product_cat?post=34756"},{"taxonomy":"product_tag","embeddable":true,"href":"https:\/\/www.zannasalud.com\/tienda\/wp-json\/wp\/v2\/product_tag?post=34756"}],"curies":[{"name":"wp","href":"https:\/\/api.w.org\/{rel}","templated":true}]}}