{"id":32616,"date":"2020-11-18T20:46:38","date_gmt":"2020-11-18T20:46:38","guid":{"rendered":"https:\/\/silver-louse-480719.hostingersite.com\/tienda\/producto\/tobillera-orliman\/"},"modified":"2025-04-04T22:06:53","modified_gmt":"2025-04-04T22:06:53","slug":"tobillera-orliman","status":"publish","type":"product","link":"https:\/\/www.zannasalud.com\/tienda\/producto\/tobillera-orliman\/","title":{"rendered":"TOBILLERA ORLIMAN\u00ae"},"content":{"rendered":"<p>Tobillera el\u00e1stica transpirable, confeccionada en la parte interior con panal, exterior de velour (ambos el\u00e1sticos) y cincha el\u00e1stica de licra. La tobillera es abierta por la parte anterior, por lo que resulta f\u00e1cil de ajustar. Se cierra mediante un sencillo sistema de velcros, lo que nos permitir\u00e1 ajustarla en funci\u00f3n de las caracter\u00edsticas f\u00edsicas de cada paciente. Incluye una banda el\u00e1stica estabilizadora.<\/p>\n<p>REFERENCIA OP1190 COLOR GRIS Y NEGRO<br \/>\nCOLORES DISPONIBLES GRIS Y NEGRO<br \/>\nFAMILIA ORLIMAN PEDIATRIC<\/p>\n<p>INDICACIONES Esguinces de primer grado. Tendinitis. Recidivas. Ligera inestabilidad de articulaci\u00f3n tibiotarsiana.<\/p>\n","protected":false},"excerpt":{"rendered":"<p>Tobillera el\u00e1stica transpirable, confeccionada en la parte interior con panal, exterior de velour (ambos el\u00e1sticos) y cincha el\u00e1stica de licra. La tobillera es abierta por la parte anterior, por lo que resulta f\u00e1cil de ajustar. Se cierra mediante un sencillo sistema de velcros, lo que nos permitir\u00e1 ajustarla en funci\u00f3n de las caracter\u00edsticas f\u00edsicas de cada paciente. Incluye una banda el\u00e1stica estabilizadora.<\/p>\n<p>REFERENCIA OP1190 COLOR GRIS Y NEGRO<br \/>\nCOLORES DISPONIBLES GRIS Y NEGRO<br \/>\nFAMILIA ORLIMAN PEDIATRIC<\/p>\n<p>INDICACIONES Esguinces de primer grado. Tendinitis. Recidivas. Ligera inestabilidad de articulaci\u00f3n tibiotarsiana.<\/p>\n","protected":false},"featured_media":4672,"template":"","meta":{"_acf_changed":false,"content-type":""},"product_brand":[],"product_cat":[13521,13524,13255,13523,13518],"product_tag":[12283],"class_list":{"0":"post-32616","1":"product","2":"type-product","3":"status-publish","4":"has-post-thumbnail","6":"product_cat-braces-m-inferior","7":"product_cat-braces-rodilla","8":"product_cat-marca","9":"product_cat-orliman","10":"product_cat-ortopedia","11":"product_tag-orliman","13":"first","14":"onbackorder","15":"shipping-taxable","16":"purchasable","17":"product-type-variable"},"acf":[],"_links":{"self":[{"href":"https:\/\/www.zannasalud.com\/tienda\/wp-json\/wp\/v2\/product\/32616","targetHints":{"allow":["GET"]}}],"collection":[{"href":"https:\/\/www.zannasalud.com\/tienda\/wp-json\/wp\/v2\/product"}],"about":[{"href":"https:\/\/www.zannasalud.com\/tienda\/wp-json\/wp\/v2\/types\/product"}],"wp:featuredmedia":[{"embeddable":true,"href":"https:\/\/www.zannasalud.com\/tienda\/wp-json\/wp\/v2\/media\/4672"}],"wp:attachment":[{"href":"https:\/\/www.zannasalud.com\/tienda\/wp-json\/wp\/v2\/media?parent=32616"}],"wp:term":[{"taxonomy":"product_brand","embeddable":true,"href":"https:\/\/www.zannasalud.com\/tienda\/wp-json\/wp\/v2\/product_brand?post=32616"},{"taxonomy":"product_cat","embeddable":true,"href":"https:\/\/www.zannasalud.com\/tienda\/wp-json\/wp\/v2\/product_cat?post=32616"},{"taxonomy":"product_tag","embeddable":true,"href":"https:\/\/www.zannasalud.com\/tienda\/wp-json\/wp\/v2\/product_tag?post=32616"}],"curies":[{"name":"wp","href":"https:\/\/api.w.org\/{rel}","templated":true}]}}