{"id":32609,"date":"2020-11-18T20:46:30","date_gmt":"2020-11-18T20:46:30","guid":{"rendered":"https:\/\/silver-louse-480719.hostingersite.com\/tienda\/producto\/munequera-inmovilizadora-orliman-2\/"},"modified":"2024-04-08T19:06:35","modified_gmt":"2024-04-08T19:06:35","slug":"munequera-inmovilizadora-orliman-2","status":"publish","type":"product","link":"https:\/\/www.zannasalud.com\/tienda\/producto\/munequera-inmovilizadora-orliman-2\/","title":{"rendered":"MU\u00d1EQUERA INMOVILIZADORA ORLIMAN\u00ae"},"content":{"rendered":"<p>Mu\u00f1equera f\u00e9rula pedi\u00e1trica confeccionada en su parte interior con panal y en la exterior con velour, transpirable. Incluye una pletina palmar de aluminio maleable que inmoviliza la articulaci\u00f3nde la mu\u00f1eca en posici\u00f3n funcional y otra situada en la parte dorsal, que confiere a la f\u00e9rula la suficiente rigidez.<\/p>\n<p>REFERENCIA OP1152 (DERECHA) OP1153 (IZQUIERDA) COLOR GRIS Y VERDE<br \/>\nCOLORES DISPONIBLES GRIS Y VERDE<br \/>\nFAMILIA ORLIMAN PEDIATRIC<\/p>\n<p>INDICACIONES Inmovilizaci\u00f3n y protecci\u00f3n de las articulaciones carpometacarpiana y metacarpofal\u00e1ngica. Tratamiento conservador despu\u00e9s de cirug\u00eda o lesiones.<\/p>\n","protected":false},"excerpt":{"rendered":"<p>Mu\u00f1equera f\u00e9rula pedi\u00e1trica confeccionada en su parte interior con panal y en la exterior con velour, transpirable. Incluye una pletina palmar de aluminio maleable que inmoviliza la articulaci\u00f3nde la mu\u00f1eca en posici\u00f3n funcional y otra situada en la parte dorsal, que confiere a la f\u00e9rula la suficiente rigidez.<\/p>\n<p>REFERENCIA OP1152 (DERECHA) OP1153 (IZQUIERDA) COLOR GRIS Y VERDE<br \/>\nCOLORES DISPONIBLES GRIS Y VERDE<br \/>\nFAMILIA ORLIMAN PEDIATRIC<\/p>\n<p>INDICACIONES Inmovilizaci\u00f3n y protecci\u00f3n de las articulaciones carpometacarpiana y metacarpofal\u00e1ngica. Tratamiento conservador despu\u00e9s de cirug\u00eda o lesiones.<\/p>\n","protected":false},"featured_media":4702,"template":"","meta":{"_acf_changed":false,"content-type":""},"product_brand":[],"product_cat":[13255,13523,13518,13528],"product_tag":[12283],"class_list":{"0":"post-32609","1":"product","2":"type-product","3":"status-publish","4":"has-post-thumbnail","6":"product_cat-marca","7":"product_cat-orliman","8":"product_cat-ortopedia","9":"product_cat-pediatrico","10":"product_tag-orliman","12":"first","13":"instock","14":"shipping-taxable","15":"purchasable","16":"product-type-variable"},"acf":[],"_links":{"self":[{"href":"https:\/\/www.zannasalud.com\/tienda\/wp-json\/wp\/v2\/product\/32609","targetHints":{"allow":["GET"]}}],"collection":[{"href":"https:\/\/www.zannasalud.com\/tienda\/wp-json\/wp\/v2\/product"}],"about":[{"href":"https:\/\/www.zannasalud.com\/tienda\/wp-json\/wp\/v2\/types\/product"}],"wp:featuredmedia":[{"embeddable":true,"href":"https:\/\/www.zannasalud.com\/tienda\/wp-json\/wp\/v2\/media\/4702"}],"wp:attachment":[{"href":"https:\/\/www.zannasalud.com\/tienda\/wp-json\/wp\/v2\/media?parent=32609"}],"wp:term":[{"taxonomy":"product_brand","embeddable":true,"href":"https:\/\/www.zannasalud.com\/tienda\/wp-json\/wp\/v2\/product_brand?post=32609"},{"taxonomy":"product_cat","embeddable":true,"href":"https:\/\/www.zannasalud.com\/tienda\/wp-json\/wp\/v2\/product_cat?post=32609"},{"taxonomy":"product_tag","embeddable":true,"href":"https:\/\/www.zannasalud.com\/tienda\/wp-json\/wp\/v2\/product_tag?post=32609"}],"curies":[{"name":"wp","href":"https:\/\/api.w.org\/{rel}","templated":true}]}}