{"id":32606,"date":"2020-11-18T20:46:30","date_gmt":"2020-11-18T20:46:30","guid":{"rendered":"https:\/\/silver-louse-480719.hostingersite.com\/tienda\/producto\/cabestrillo-pediatrico-orliman\/"},"modified":"2024-04-08T19:06:35","modified_gmt":"2024-04-08T19:06:35","slug":"cabestrillo-pediatrico-orliman","status":"publish","type":"product","link":"https:\/\/www.zannasalud.com\/tienda\/producto\/cabestrillo-pediatrico-orliman\/","title":{"rendered":"CABESTRILLO PEDIATRICO ORLIMAN\u00ae"},"content":{"rendered":"<p>Fabricado con tejido transpirable de panal y rizo con forma de bolsa para codo y antebrazo, posee un sistema de cierre de microgancho con el que podemos regular la longitud del tirante adecu\u00e1ndolo a las necesidades de cada paciente. El tirante dispone de una almohadilla acolchada que protege al paciente deinc\u00f3modas presiones sobre cuello y hombro.<\/p>\n<p>REFERENCIA OP1132 COLOR GRIS Y VERDE<br \/>\nCOLORES DISPONIBLES GRIS Y VERDE<br \/>\nFAMILIA ORLIMAN PEDIATRIC<\/p>\n<p>INDICACIONES Tratamientos de inmovilizaci\u00f3n posquir\u00fargica o postraum\u00e1tica. Traumatismos de hombro y brazo que requieran para su tratamiento una reducci\u00f3n de la movilidad. Lesiones en partes blandas, como infecciones o quemaduras.<\/p>\n","protected":false},"excerpt":{"rendered":"<p>Fabricado con tejido transpirable de panal y rizo con forma de bolsa para codo y antebrazo, posee un sistema de cierre de microgancho con el que podemos regular la longitud del tirante adecu\u00e1ndolo a las necesidades de cada paciente. El tirante dispone de una almohadilla acolchada que protege al paciente deinc\u00f3modas presiones sobre cuello y hombro.<\/p>\n<p>REFERENCIA OP1132 COLOR GRIS Y VERDE<br \/>\nCOLORES DISPONIBLES GRIS Y VERDE<br \/>\nFAMILIA ORLIMAN PEDIATRIC<\/p>\n<p>INDICACIONES Tratamientos de inmovilizaci\u00f3n posquir\u00fargica o postraum\u00e1tica. Traumatismos de hombro y brazo que requieran para su tratamiento una reducci\u00f3n de la movilidad. Lesiones en partes blandas, como infecciones o quemaduras.<\/p>\n","protected":false},"featured_media":4700,"template":"","meta":{"_acf_changed":false,"content-type":""},"product_brand":[],"product_cat":[13255,13523,13518,13528],"product_tag":[12283],"class_list":{"0":"post-32606","1":"product","2":"type-product","3":"status-publish","4":"has-post-thumbnail","6":"product_cat-marca","7":"product_cat-orliman","8":"product_cat-ortopedia","9":"product_cat-pediatrico","10":"product_tag-orliman","12":"first","13":"onbackorder","14":"shipping-taxable","15":"purchasable","16":"product-type-variable"},"acf":[],"_links":{"self":[{"href":"https:\/\/www.zannasalud.com\/tienda\/wp-json\/wp\/v2\/product\/32606","targetHints":{"allow":["GET"]}}],"collection":[{"href":"https:\/\/www.zannasalud.com\/tienda\/wp-json\/wp\/v2\/product"}],"about":[{"href":"https:\/\/www.zannasalud.com\/tienda\/wp-json\/wp\/v2\/types\/product"}],"wp:featuredmedia":[{"embeddable":true,"href":"https:\/\/www.zannasalud.com\/tienda\/wp-json\/wp\/v2\/media\/4700"}],"wp:attachment":[{"href":"https:\/\/www.zannasalud.com\/tienda\/wp-json\/wp\/v2\/media?parent=32606"}],"wp:term":[{"taxonomy":"product_brand","embeddable":true,"href":"https:\/\/www.zannasalud.com\/tienda\/wp-json\/wp\/v2\/product_brand?post=32606"},{"taxonomy":"product_cat","embeddable":true,"href":"https:\/\/www.zannasalud.com\/tienda\/wp-json\/wp\/v2\/product_cat?post=32606"},{"taxonomy":"product_tag","embeddable":true,"href":"https:\/\/www.zannasalud.com\/tienda\/wp-json\/wp\/v2\/product_tag?post=32606"}],"curies":[{"name":"wp","href":"https:\/\/api.w.org\/{rel}","templated":true}]}}