{"id":32591,"date":"2020-11-18T20:46:30","date_gmt":"2020-11-18T20:46:30","guid":{"rendered":"https:\/\/silver-louse-480719.hostingersite.com\/tienda\/producto\/munequera-ferula-beige-orliman\/"},"modified":"2025-04-04T22:04:49","modified_gmt":"2025-04-04T22:04:49","slug":"munequera-ferula-beige-orliman","status":"publish","type":"product","link":"https:\/\/www.zannasalud.com\/tienda\/producto\/munequera-ferula-beige-orliman\/","title":{"rendered":"MU\u00d1EQUERA FERULA BEIGE ORLIMAN\u00ae"},"content":{"rendered":"<p>Mu\u00f1equera confeccionada con materiales transpirables de \u00faltima generaci\u00f3n (tricapa: foam, velour, espuma) provista de triple sistema inmovilizador con f\u00e9rula palmar en aluminio maleable y pletinas medio-laterales obteniendo con ello una mejor adaptaci\u00f3n. Dise\u00f1o bilateral que nos permite ser adaptada tanto para la mano izquierda como derecha. Nuevo sistema de cierre y ajuste compuesto por cincha de antebrazo y cierre de mu\u00f1eca que gracias a su dise\u00f1o mediante una sola cincha nos permite el ajuste tanto de la mu\u00f1eca como de la mano.<\/p>\n<p>Ajuste personalizado Palmar: En la zona palmar posee doble sistema de cinchas con microgancho pudiendo as\u00ed ajustarse al ancho de la zona metacarpiana de la mano.<br \/>\nREFERENCIA M660 COLOR Beige<br \/>\nCOLORES DISPONIBLES M660 (Beige) \/ M760 (Granate)<br \/>\nLARGO (CM) 21<br \/>\nFAMILIA MANUTEC FIX.<br \/>\nEFECTOS Sujeci\u00f3n y estabilizaci\u00f3n e inmovilizaci\u00f3n.<\/p>\n<p>INDICACIONES: Inmovilizaci\u00f3n de mu\u00f1eca, post- traum\u00e1tica, post-operatoria, secuelas dolorosas e inflamatorias, inestabilidad, rehabilitaci\u00f3n.<\/p>\n","protected":false},"excerpt":{"rendered":"<p>Mu\u00f1equera confeccionada con materiales transpirables de \u00faltima generaci\u00f3n (tricapa: foam, velour, espuma) provista de triple sistema inmovilizador con f\u00e9rula palmar en aluminio maleable y pletinas medio-laterales obteniendo con ello una mejor adaptaci\u00f3n. Dise\u00f1o bilateral que nos permite ser adaptada tanto para la mano izquierda como derecha. Nuevo sistema de cierre y ajuste compuesto por cincha de antebrazo y cierre de mu\u00f1eca que gracias a su dise\u00f1o mediante una sola cincha nos permite el ajuste tanto de la mu\u00f1eca como de la mano.<\/p>\n<p>Ajuste personalizado Palmar: En la zona palmar posee doble sistema de cinchas con microgancho pudiendo as\u00ed ajustarse al ancho de la zona metacarpiana de la mano.<br \/>\nREFERENCIA M660 COLOR Beige<br \/>\nCOLORES DISPONIBLES M660 (Beige) \/ M760 (Granate)<br \/>\nLARGO (CM) 21<br \/>\nFAMILIA MANUTEC FIX.<br \/>\nEFECTOS Sujeci\u00f3n y estabilizaci\u00f3n e inmovilizaci\u00f3n.<\/p>\n<p>INDICACIONES: Inmovilizaci\u00f3n de mu\u00f1eca, post- traum\u00e1tica, post-operatoria, secuelas dolorosas e inflamatorias, inestabilidad, rehabilitaci\u00f3n.<\/p>\n","protected":false},"featured_media":4607,"template":"","meta":{"_acf_changed":false,"content-type":""},"product_brand":[],"product_cat":[13592,13529,13255,13523,13518],"product_tag":[12283],"class_list":{"0":"post-32591","1":"product","2":"type-product","3":"status-publish","4":"has-post-thumbnail","6":"product_cat-braces-de-codo-y-mano","7":"product_cat-braces-m-superior","8":"product_cat-marca","9":"product_cat-orliman","10":"product_cat-ortopedia","11":"product_tag-orliman","13":"first","14":"onbackorder","15":"shipping-taxable","16":"purchasable","17":"product-type-variable"},"acf":[],"_links":{"self":[{"href":"https:\/\/www.zannasalud.com\/tienda\/wp-json\/wp\/v2\/product\/32591","targetHints":{"allow":["GET"]}}],"collection":[{"href":"https:\/\/www.zannasalud.com\/tienda\/wp-json\/wp\/v2\/product"}],"about":[{"href":"https:\/\/www.zannasalud.com\/tienda\/wp-json\/wp\/v2\/types\/product"}],"wp:featuredmedia":[{"embeddable":true,"href":"https:\/\/www.zannasalud.com\/tienda\/wp-json\/wp\/v2\/media\/4607"}],"wp:attachment":[{"href":"https:\/\/www.zannasalud.com\/tienda\/wp-json\/wp\/v2\/media?parent=32591"}],"wp:term":[{"taxonomy":"product_brand","embeddable":true,"href":"https:\/\/www.zannasalud.com\/tienda\/wp-json\/wp\/v2\/product_brand?post=32591"},{"taxonomy":"product_cat","embeddable":true,"href":"https:\/\/www.zannasalud.com\/tienda\/wp-json\/wp\/v2\/product_cat?post=32591"},{"taxonomy":"product_tag","embeddable":true,"href":"https:\/\/www.zannasalud.com\/tienda\/wp-json\/wp\/v2\/product_tag?post=32591"}],"curies":[{"name":"wp","href":"https:\/\/api.w.org\/{rel}","templated":true}]}}