{"id":32582,"date":"2020-11-18T20:46:22","date_gmt":"2020-11-18T20:46:22","guid":{"rendered":"https:\/\/silver-louse-480719.hostingersite.com\/tienda\/producto\/ortesis-fascitis-planar-orliman\/"},"modified":"2025-04-04T22:06:38","modified_gmt":"2025-04-04T22:06:38","slug":"ortesis-fascitis-planar-orliman","status":"publish","type":"product","link":"https:\/\/www.zannasalud.com\/tienda\/producto\/ortesis-fascitis-planar-orliman\/","title":{"rendered":"ORTESIS, FASCITIS PLANAR ORLIMAN\u00ae"},"content":{"rendered":"<p>Ortesis dise\u00f1ada para el tratamiento de la fascitis plantar, compuesta por una banda anat\u00f3mica de velour que se cierra sobre la parte superior del tobillo con unos velcros de microgancho, a la que se le a\u00f1ade una cinta el\u00e1stica que pasa por debajo de la articulaci\u00f3n del tobillo, presionando la zona comprendida entre la tuberosidad del calc\u00e1neo y la fascia plantar. Incorpora en la banda anat\u00f3mica de velour unas almohadillas de gel que incrementan la sensaci\u00f3n de confort, evitando as\u00ed posibles rozaduras por presi\u00f3n.<\/p>\n","protected":false},"excerpt":{"rendered":"<p>Ortesis dise\u00f1ada para el tratamiento de la fascitis plantar, compuesta por una banda anat\u00f3mica de velour que se cierra sobre la parte superior del tobillo con unos velcros de microgancho, a la que se le a\u00f1ade una cinta el\u00e1stica que pasa por debajo de la articulaci\u00f3n del tobillo, presionando la zona comprendida entre la tuberosidad del calc\u00e1neo y la fascia plantar. Incorpora en la banda anat\u00f3mica de velour unas almohadillas de gel que incrementan la sensaci\u00f3n de confort, evitando as\u00ed posibles rozaduras por presi\u00f3n.<\/p>\n","protected":false},"featured_media":4670,"template":"","meta":{"_acf_changed":false,"content-type":""},"product_brand":[],"product_cat":[13521,13524,13255,13523,13518],"product_tag":[12283],"class_list":{"0":"post-32582","1":"product","2":"type-product","3":"status-publish","4":"has-post-thumbnail","6":"product_cat-braces-m-inferior","7":"product_cat-braces-rodilla","8":"product_cat-marca","9":"product_cat-orliman","10":"product_cat-ortopedia","11":"product_tag-orliman","13":"first","14":"onbackorder","15":"shipping-taxable","16":"purchasable","17":"product-type-variable"},"acf":[],"_links":{"self":[{"href":"https:\/\/www.zannasalud.com\/tienda\/wp-json\/wp\/v2\/product\/32582","targetHints":{"allow":["GET"]}}],"collection":[{"href":"https:\/\/www.zannasalud.com\/tienda\/wp-json\/wp\/v2\/product"}],"about":[{"href":"https:\/\/www.zannasalud.com\/tienda\/wp-json\/wp\/v2\/types\/product"}],"wp:featuredmedia":[{"embeddable":true,"href":"https:\/\/www.zannasalud.com\/tienda\/wp-json\/wp\/v2\/media\/4670"}],"wp:attachment":[{"href":"https:\/\/www.zannasalud.com\/tienda\/wp-json\/wp\/v2\/media?parent=32582"}],"wp:term":[{"taxonomy":"product_brand","embeddable":true,"href":"https:\/\/www.zannasalud.com\/tienda\/wp-json\/wp\/v2\/product_brand?post=32582"},{"taxonomy":"product_cat","embeddable":true,"href":"https:\/\/www.zannasalud.com\/tienda\/wp-json\/wp\/v2\/product_cat?post=32582"},{"taxonomy":"product_tag","embeddable":true,"href":"https:\/\/www.zannasalud.com\/tienda\/wp-json\/wp\/v2\/product_tag?post=32582"}],"curies":[{"name":"wp","href":"https:\/\/api.w.org\/{rel}","templated":true}]}}