{"id":32532,"date":"2020-11-18T20:46:05","date_gmt":"2020-11-18T20:46:05","guid":{"rendered":"https:\/\/silver-louse-480719.hostingersite.com\/tienda\/producto\/guante-ergonomico-termico\/"},"modified":"2024-04-08T19:06:33","modified_gmt":"2024-04-08T19:06:33","slug":"guante-ergonomico-termico","status":"publish","type":"product","link":"https:\/\/www.zannasalud.com\/tienda\/producto\/guante-ergonomico-termico\/","title":{"rendered":"GUANTE ERGONOMICO TERMICO"},"content":{"rendered":"<p>El guante que lo protege y previene de toda lesi\u00f3n o dolor de la mano y mu\u00f1eca. Obtenga soporte ergon\u00f3mico mientras trabaja con el mouse, laptop, teclado, y otras funciones repetitivas. INDICADO PARA PREVENIR EL SINDROME DEL TUNEL DEL CARPO Y TENOSINOVITIS DE QUERVAIN.<\/p>\n","protected":false},"excerpt":{"rendered":"<p>El guante que lo protege y previene de toda lesi\u00f3n o dolor de la mano y mu\u00f1eca. Obtenga soporte ergon\u00f3mico mientras trabaja con el mouse, laptop, teclado, y otras funciones repetitivas. INDICADO PARA PREVENIR EL SINDROME DEL TUNEL DEL CARPO Y TENOSINOVITIS DE QUERVAIN.<\/p>\n","protected":false},"featured_media":4243,"template":"","meta":{"_acf_changed":false,"content-type":""},"product_brand":[],"product_cat":[13592,13519,13255,13593,13518],"product_tag":[12279],"class_list":{"0":"post-32532","1":"product","2":"type-product","3":"status-publish","4":"has-post-thumbnail","6":"product_cat-braces-de-codo-y-mano","7":"product_cat-ferulas-m-superior","8":"product_cat-marca","9":"product_cat-imak","10":"product_cat-ortopedia","11":"product_tag-imak","13":"first","14":"onbackorder","15":"shipping-taxable","16":"purchasable","17":"product-type-variable"},"acf":[],"_links":{"self":[{"href":"https:\/\/www.zannasalud.com\/tienda\/wp-json\/wp\/v2\/product\/32532","targetHints":{"allow":["GET"]}}],"collection":[{"href":"https:\/\/www.zannasalud.com\/tienda\/wp-json\/wp\/v2\/product"}],"about":[{"href":"https:\/\/www.zannasalud.com\/tienda\/wp-json\/wp\/v2\/types\/product"}],"wp:featuredmedia":[{"embeddable":true,"href":"https:\/\/www.zannasalud.com\/tienda\/wp-json\/wp\/v2\/media\/4243"}],"wp:attachment":[{"href":"https:\/\/www.zannasalud.com\/tienda\/wp-json\/wp\/v2\/media?parent=32532"}],"wp:term":[{"taxonomy":"product_brand","embeddable":true,"href":"https:\/\/www.zannasalud.com\/tienda\/wp-json\/wp\/v2\/product_brand?post=32532"},{"taxonomy":"product_cat","embeddable":true,"href":"https:\/\/www.zannasalud.com\/tienda\/wp-json\/wp\/v2\/product_cat?post=32532"},{"taxonomy":"product_tag","embeddable":true,"href":"https:\/\/www.zannasalud.com\/tienda\/wp-json\/wp\/v2\/product_tag?post=32532"}],"curies":[{"name":"wp","href":"https:\/\/api.w.org\/{rel}","templated":true}]}}