{"id":32510,"date":"2020-11-18T20:45:48","date_gmt":"2020-11-18T20:45:48","guid":{"rendered":"https:\/\/silver-louse-480719.hostingersite.com\/tienda\/producto\/ferula-para-flexion-de-dedo-lmb\/"},"modified":"2025-04-15T05:20:12","modified_gmt":"2025-04-15T05:20:12","slug":"ferula-para-flexion-de-dedo-lmb","status":"publish","type":"product","link":"https:\/\/www.zannasalud.com\/tienda\/producto\/ferula-para-flexion-de-dedo-lmb\/","title":{"rendered":"FERULA PARA FLEXION DE DEDO LMB"},"content":{"rendered":"<p>F\u00e9rula para flexi\u00f3n de dedos con resorte Ideal para dedos inflamados. Su dise\u00f1o se acomoda a las articulaciones m\u00e1s amplias para un ajuste c\u00f3modo. Se utiliza para reducir la deformidad en cuello de cisne y la rigidez de extensi\u00f3n. Capaz de flexionar la articulaci\u00f3n Interfalangica proximal a aproximadamente 80 \u00b0. Se puede doblar el alambre cuidadosamente para ajustar la posici\u00f3n. Aproximadamente 1 libra (0.45 kg) de fuerza es aplicada cuando la articulaci\u00f3n Interfalangica proximal se encuentra en toda su extensi\u00f3n. Para el tama\u00f1o, mida dorsalmente desde la Metacarpofalangica hasta la articulaci\u00f3n interfal\u00e1ngica. Vea la tabla en la pesta\u00f1a de tama\u00f1o.<\/p>\n","protected":false},"excerpt":{"rendered":"<p>F\u00e9rula para flexi\u00f3n de dedos con resorte Ideal para dedos inflamados. Su dise\u00f1o se acomoda a las articulaciones m\u00e1s amplias para un ajuste c\u00f3modo. Se utiliza para reducir la deformidad en cuello de cisne y la rigidez de extensi\u00f3n. Capaz de flexionar la articulaci\u00f3n Interfalangica proximal a aproximadamente 80 \u00b0. Se puede doblar el alambre cuidadosamente para ajustar la posici\u00f3n. Aproximadamente 1 libra (0.45 kg) de fuerza es aplicada cuando la articulaci\u00f3n Interfalangica proximal se encuentra en toda su extensi\u00f3n. Para el tama\u00f1o, mida dorsalmente desde la Metacarpofalangica hasta la articulaci\u00f3n interfal\u00e1ngica. Vea la tabla en la pesta\u00f1a de tama\u00f1o.<\/p>\n","protected":false},"featured_media":4642,"template":"","meta":{"_acf_changed":false,"content-type":""},"product_brand":[],"product_cat":[13588,13519,13255,13276,13518],"product_tag":[11849],"class_list":{"0":"post-32510","1":"product","2":"type-product","3":"status-publish","4":"has-post-thumbnail","6":"product_cat-ferulas-dedo-y-mano","7":"product_cat-ferulas-m-superior","8":"product_cat-marca","9":"product_cat-north-coast","10":"product_cat-ortopedia","11":"product_tag-north-coast","13":"first","14":"instock","15":"shipping-taxable","16":"purchasable","17":"product-type-variable"},"acf":[],"_links":{"self":[{"href":"https:\/\/www.zannasalud.com\/tienda\/wp-json\/wp\/v2\/product\/32510","targetHints":{"allow":["GET"]}}],"collection":[{"href":"https:\/\/www.zannasalud.com\/tienda\/wp-json\/wp\/v2\/product"}],"about":[{"href":"https:\/\/www.zannasalud.com\/tienda\/wp-json\/wp\/v2\/types\/product"}],"wp:featuredmedia":[{"embeddable":true,"href":"https:\/\/www.zannasalud.com\/tienda\/wp-json\/wp\/v2\/media\/4642"}],"wp:attachment":[{"href":"https:\/\/www.zannasalud.com\/tienda\/wp-json\/wp\/v2\/media?parent=32510"}],"wp:term":[{"taxonomy":"product_brand","embeddable":true,"href":"https:\/\/www.zannasalud.com\/tienda\/wp-json\/wp\/v2\/product_brand?post=32510"},{"taxonomy":"product_cat","embeddable":true,"href":"https:\/\/www.zannasalud.com\/tienda\/wp-json\/wp\/v2\/product_cat?post=32510"},{"taxonomy":"product_tag","embeddable":true,"href":"https:\/\/www.zannasalud.com\/tienda\/wp-json\/wp\/v2\/product_tag?post=32510"}],"curies":[{"name":"wp","href":"https:\/\/api.w.org\/{rel}","templated":true}]}}