{"id":32504,"date":"2020-11-18T20:45:48","date_gmt":"2020-11-18T20:45:48","guid":{"rendered":"https:\/\/silver-louse-480719.hostingersite.com\/tienda\/producto\/ferula-de-bunnell-progresiva\/"},"modified":"2025-04-15T05:37:05","modified_gmt":"2025-04-15T05:37:05","slug":"ferula-de-bunnell-progresiva","status":"publish","type":"product","link":"https:\/\/www.zannasalud.com\/tienda\/producto\/ferula-de-bunnell-progresiva\/","title":{"rendered":"FERULA DE BUNNELL PROGRESIVA"},"content":{"rendered":"<p>Extiende din\u00e1mica y progresivamente la IFP. Hecha de aluminio con almohadillas en 3 puntos para mejor soporte y estabilidad. Incluye bandas libres de l\u00e1tex para ajustar la tensi\u00f3n y obtener mayor extensi\u00f3n de la articulaci\u00f3n. De f\u00e1cil limpieza con agua tibia y jab\u00f3n.<\/p>\n<p>Indicaciones: DEDOS EN BOTONERA \/deformidades en flexi\u00f3n de los dedos.<\/p>\n","protected":false},"excerpt":{"rendered":"<p>Extiende din\u00e1mica y progresivamente la IFP. Hecha de aluminio con almohadillas en 3 puntos para mejor soporte y estabilidad. Incluye bandas libres de l\u00e1tex para ajustar la tensi\u00f3n y obtener mayor extensi\u00f3n de la articulaci\u00f3n. De f\u00e1cil limpieza con agua tibia y jab\u00f3n.<\/p>\n<p>Indicaciones: DEDOS EN BOTONERA \/deformidades en flexi\u00f3n de los dedos.<\/p>\n","protected":false},"featured_media":5543,"template":"","meta":{"_acf_changed":false,"content-type":""},"product_brand":[],"product_cat":[13588,13519,13255,13276,13518],"product_tag":[11849],"class_list":{"0":"post-32504","1":"product","2":"type-product","3":"status-publish","4":"has-post-thumbnail","6":"product_cat-ferulas-dedo-y-mano","7":"product_cat-ferulas-m-superior","8":"product_cat-marca","9":"product_cat-north-coast","10":"product_cat-ortopedia","11":"product_tag-north-coast","13":"first","14":"instock","15":"shipping-taxable","16":"purchasable","17":"product-type-variable"},"acf":[],"_links":{"self":[{"href":"https:\/\/www.zannasalud.com\/tienda\/wp-json\/wp\/v2\/product\/32504","targetHints":{"allow":["GET"]}}],"collection":[{"href":"https:\/\/www.zannasalud.com\/tienda\/wp-json\/wp\/v2\/product"}],"about":[{"href":"https:\/\/www.zannasalud.com\/tienda\/wp-json\/wp\/v2\/types\/product"}],"wp:featuredmedia":[{"embeddable":true,"href":"https:\/\/www.zannasalud.com\/tienda\/wp-json\/wp\/v2\/media\/5543"}],"wp:attachment":[{"href":"https:\/\/www.zannasalud.com\/tienda\/wp-json\/wp\/v2\/media?parent=32504"}],"wp:term":[{"taxonomy":"product_brand","embeddable":true,"href":"https:\/\/www.zannasalud.com\/tienda\/wp-json\/wp\/v2\/product_brand?post=32504"},{"taxonomy":"product_cat","embeddable":true,"href":"https:\/\/www.zannasalud.com\/tienda\/wp-json\/wp\/v2\/product_cat?post=32504"},{"taxonomy":"product_tag","embeddable":true,"href":"https:\/\/www.zannasalud.com\/tienda\/wp-json\/wp\/v2\/product_tag?post=32504"}],"curies":[{"name":"wp","href":"https:\/\/api.w.org\/{rel}","templated":true}]}}