{"id":32488,"date":"2020-11-18T20:45:39","date_gmt":"2020-11-18T20:45:39","guid":{"rendered":"https:\/\/silver-louse-480719.hostingersite.com\/tienda\/producto\/ferula-dinamica-para-extension\/"},"modified":"2025-04-15T04:40:47","modified_gmt":"2025-04-15T04:40:47","slug":"ferula-dinamica-para-extension","status":"publish","type":"product","link":"https:\/\/www.zannasalud.com\/tienda\/producto\/ferula-dinamica-para-extension\/","title":{"rendered":"FERULA DINAMICA PARA EXTENSION"},"content":{"rendered":"<p>Se utiliza para aumentar la extensi\u00f3n de la articulaci\u00f3n PIP. Contraindicado para contracturas fijas, pacientes con piel fr\u00e1gil o edemas severos.<\/p>\n<p>Construcci\u00f3n de espuma de celda cerrada y alambre de acero inoxidable.<br \/>\nAlmohadillas y bandas contorneadas para un mejor ajuste.<br \/>\nF\u00e1cil de colocar. Doblar para ajustar la fuerza de extensi\u00f3n.<br \/>\nLimpie con un pa\u00f1o h\u00famedo.<br \/>\nNo est\u00e1 fabricado con l\u00e1tex de caucho natural.<br \/>\nPara tallar, mida desde el pliegue palmar distal hasta el pliegue distal del dedo (dedo extendido).<\/p>\n","protected":false},"excerpt":{"rendered":"<p>Tratar varios diagn\u00f3sticos relacionados con la rigidez de la articulaci\u00f3n PIP.<\/p>\n","protected":false},"featured_media":4617,"template":"","meta":{"_acf_changed":false,"content-type":""},"product_brand":[],"product_cat":[13588,13519,13255,13276,13518],"product_tag":[11849],"class_list":{"0":"post-32488","1":"product","2":"type-product","3":"status-publish","4":"has-post-thumbnail","6":"product_cat-ferulas-dedo-y-mano","7":"product_cat-ferulas-m-superior","8":"product_cat-marca","9":"product_cat-north-coast","10":"product_cat-ortopedia","11":"product_tag-north-coast","13":"first","14":"instock","15":"shipping-taxable","16":"purchasable","17":"product-type-variable"},"acf":[],"_links":{"self":[{"href":"https:\/\/www.zannasalud.com\/tienda\/wp-json\/wp\/v2\/product\/32488","targetHints":{"allow":["GET"]}}],"collection":[{"href":"https:\/\/www.zannasalud.com\/tienda\/wp-json\/wp\/v2\/product"}],"about":[{"href":"https:\/\/www.zannasalud.com\/tienda\/wp-json\/wp\/v2\/types\/product"}],"wp:featuredmedia":[{"embeddable":true,"href":"https:\/\/www.zannasalud.com\/tienda\/wp-json\/wp\/v2\/media\/4617"}],"wp:attachment":[{"href":"https:\/\/www.zannasalud.com\/tienda\/wp-json\/wp\/v2\/media?parent=32488"}],"wp:term":[{"taxonomy":"product_brand","embeddable":true,"href":"https:\/\/www.zannasalud.com\/tienda\/wp-json\/wp\/v2\/product_brand?post=32488"},{"taxonomy":"product_cat","embeddable":true,"href":"https:\/\/www.zannasalud.com\/tienda\/wp-json\/wp\/v2\/product_cat?post=32488"},{"taxonomy":"product_tag","embeddable":true,"href":"https:\/\/www.zannasalud.com\/tienda\/wp-json\/wp\/v2\/product_tag?post=32488"}],"curies":[{"name":"wp","href":"https:\/\/api.w.org\/{rel}","templated":true}]}}