{"id":32475,"date":"2020-11-18T20:45:39","date_gmt":"2020-11-18T20:45:39","guid":{"rendered":"https:\/\/silver-louse-480719.hostingersite.com\/tienda\/producto\/anillos-de-murphy\/"},"modified":"2024-04-08T19:04:50","modified_gmt":"2024-04-08T19:04:50","slug":"anillos-de-murphy","status":"publish","type":"product","link":"https:\/\/www.zannasalud.com\/tienda\/producto\/anillos-de-murphy\/","title":{"rendered":"ANILLOS DE MURPHY"},"content":{"rendered":"<p>Ayudan a proveer estabilidad y mejoran la alineaci\u00f3n de los dedos lesionados o con deformidad. Alivian el dolor de la articulaci\u00f3n y mejoran la funci\u00f3n de la mano.<\/p>\n<p>indicaciones: dedos en cuello de cisne, dedos en botonera, dedos en martillo, desviaci\u00f3n cubital de los dedos.<\/p>\n","protected":false},"excerpt":{"rendered":"<p>Ayudan a proveer estabilidad y mejoran la alineaci\u00f3n de los dedos lesionados o con deformidad. Alivian el dolor de la articulaci\u00f3n y mejoran la funci\u00f3n de la mano.<\/p>\n<p>indicaciones: dedos en cuello de cisne, dedos en botonera, dedos en martillo, desviaci\u00f3n cubital de los dedos.<\/p>\n","protected":false},"featured_media":12002,"template":"","meta":{"_acf_changed":false,"content-type":""},"product_brand":[],"product_cat":[13588,13519,13255,13269,13518],"product_tag":[11698],"class_list":{"0":"post-32475","1":"product","2":"type-product","3":"status-publish","4":"has-post-thumbnail","6":"product_cat-ferulas-dedo-y-mano","7":"product_cat-ferulas-m-superior","8":"product_cat-marca","9":"product_cat-wavehealth","10":"product_cat-ortopedia","11":"product_tag-wavehealth","13":"first","14":"onbackorder","15":"shipping-taxable","16":"purchasable","17":"product-type-variable"},"acf":[],"_links":{"self":[{"href":"https:\/\/www.zannasalud.com\/tienda\/wp-json\/wp\/v2\/product\/32475","targetHints":{"allow":["GET"]}}],"collection":[{"href":"https:\/\/www.zannasalud.com\/tienda\/wp-json\/wp\/v2\/product"}],"about":[{"href":"https:\/\/www.zannasalud.com\/tienda\/wp-json\/wp\/v2\/types\/product"}],"wp:featuredmedia":[{"embeddable":true,"href":"https:\/\/www.zannasalud.com\/tienda\/wp-json\/wp\/v2\/media\/12002"}],"wp:attachment":[{"href":"https:\/\/www.zannasalud.com\/tienda\/wp-json\/wp\/v2\/media?parent=32475"}],"wp:term":[{"taxonomy":"product_brand","embeddable":true,"href":"https:\/\/www.zannasalud.com\/tienda\/wp-json\/wp\/v2\/product_brand?post=32475"},{"taxonomy":"product_cat","embeddable":true,"href":"https:\/\/www.zannasalud.com\/tienda\/wp-json\/wp\/v2\/product_cat?post=32475"},{"taxonomy":"product_tag","embeddable":true,"href":"https:\/\/www.zannasalud.com\/tienda\/wp-json\/wp\/v2\/product_tag?post=32475"}],"curies":[{"name":"wp","href":"https:\/\/api.w.org\/{rel}","templated":true}]}}