{"id":32466,"date":"2020-11-18T20:45:30","date_gmt":"2020-11-18T20:45:30","guid":{"rendered":"https:\/\/silver-louse-480719.hostingersite.com\/tienda\/producto\/guantes-para-flexion-de-dedos\/"},"modified":"2025-04-15T04:27:01","modified_gmt":"2025-04-15T04:27:01","slug":"guantes-para-flexion-de-dedos","status":"publish","type":"product","link":"https:\/\/www.zannasalud.com\/tienda\/producto\/guantes-para-flexion-de-dedos\/","title":{"rendered":"GUANTES PARA FLEXION DE DEDOS"},"content":{"rendered":"<p>Los tres modelos est\u00e1n hechos de nailon ligero, suave y el\u00e1stico. Cada dedo tiene un ojal de metal incorporado en la punta donde se sujeta la banda el\u00e1stica din\u00e1mica.<br \/>\nModelo est\u00e1ndar: La banda el\u00e1stica de cada punta se sujeta a una pieza de gancho de metal montada en una pieza firme de cuero en la mu\u00f1eca. Una correa de velcro de 1&#8243; de ancho asegura el guante alrededor de la mu\u00f1eca. Para aumentar la flexi\u00f3n, acorta las bandas haciendo nudos en ellas.<br \/>\nModelo Deluxe Finger: La banda el\u00e1stica de cada punta tiene una pieza de extensi\u00f3n de gancho que se sujeta f\u00e1cilmente a la correa de mu\u00f1eca de bucle de 2&#8243; (5 cm) de ancho del guante con cierre de anillo en D. Mueva esta pieza de gancho cerca de la mu\u00f1equera para promover una mayor flexi\u00f3n de los dedos.<br \/>\nModelo Deluxe Finger and Thumb: Similar al modelo Deluxe, pero con una configuraci\u00f3n adicional de banda en la punta del pulgar y una secci\u00f3n de bucle especial en la palma de la mano. Sujete la pieza de gancho de extensi\u00f3n del pulgar a la pieza del bucle palmar para una flexi\u00f3n din\u00e1mica del pulgar. Esta configuraci\u00f3n del pulgar se puede usar junto con los dedos flexionados o solos.<br \/>\nTodos los modelos no est\u00e1n fabricados con l\u00e1tex de caucho natural.<br \/>\nPara dimensionar, mida el ancho de la palma de la mano en las articulaciones MP.<\/p>\n","protected":false},"excerpt":{"rendered":"<p>Guante que promueve el agarre proporcionando tracci\u00f3n din\u00e1mica a las articulaciones MP, PIP<br \/>\ny DIP<\/p>\n","protected":false},"featured_media":4593,"template":"","meta":{"_acf_changed":false,"content-type":""},"product_brand":[],"product_cat":[13588,13519,13255,13276,13518],"product_tag":[11849],"class_list":{"0":"post-32466","1":"product","2":"type-product","3":"status-publish","4":"has-post-thumbnail","6":"product_cat-ferulas-dedo-y-mano","7":"product_cat-ferulas-m-superior","8":"product_cat-marca","9":"product_cat-north-coast","10":"product_cat-ortopedia","11":"product_tag-north-coast","13":"first","14":"instock","15":"shipping-taxable","16":"purchasable","17":"product-type-variable"},"acf":[],"_links":{"self":[{"href":"https:\/\/www.zannasalud.com\/tienda\/wp-json\/wp\/v2\/product\/32466","targetHints":{"allow":["GET"]}}],"collection":[{"href":"https:\/\/www.zannasalud.com\/tienda\/wp-json\/wp\/v2\/product"}],"about":[{"href":"https:\/\/www.zannasalud.com\/tienda\/wp-json\/wp\/v2\/types\/product"}],"wp:featuredmedia":[{"embeddable":true,"href":"https:\/\/www.zannasalud.com\/tienda\/wp-json\/wp\/v2\/media\/4593"}],"wp:attachment":[{"href":"https:\/\/www.zannasalud.com\/tienda\/wp-json\/wp\/v2\/media?parent=32466"}],"wp:term":[{"taxonomy":"product_brand","embeddable":true,"href":"https:\/\/www.zannasalud.com\/tienda\/wp-json\/wp\/v2\/product_brand?post=32466"},{"taxonomy":"product_cat","embeddable":true,"href":"https:\/\/www.zannasalud.com\/tienda\/wp-json\/wp\/v2\/product_cat?post=32466"},{"taxonomy":"product_tag","embeddable":true,"href":"https:\/\/www.zannasalud.com\/tienda\/wp-json\/wp\/v2\/product_tag?post=32466"}],"curies":[{"name":"wp","href":"https:\/\/api.w.org\/{rel}","templated":true}]}}