{"id":32461,"date":"2020-11-18T20:45:30","date_gmt":"2020-11-18T20:45:30","guid":{"rendered":"https:\/\/silver-louse-480719.hostingersite.com\/tienda\/producto\/ferula-para-flexion-combinada\/"},"modified":"2025-04-15T04:16:07","modified_gmt":"2025-04-15T04:16:07","slug":"ferula-para-flexion-combinada","status":"publish","type":"product","link":"https:\/\/www.zannasalud.com\/tienda\/producto\/ferula-para-flexion-combinada\/","title":{"rendered":"FERULA PARA FLEXION COMBINADA DE INTER PROXIMAL Y DISTAL"},"content":{"rendered":"<p>Proporciona fuerza progresiva constante para lograr la flexi\u00f3n completa de la interfalangica proximal y distal del dedo. <\/p>\n<p>*Coloque las tuercas de posicionamiento en las barras para obtener la flexi\u00f3n completa de la interfalangica proximal y distal del dedo. La almohadilla proximal se desliza a lo largo de las barras paralelas, para posicionar la interfalangica. Se requiere que el paciente tenga por lo menos 90 grados de flexi\u00f3n de la IF proximal y 45 grados de la interfalangica distal. Estos grados de flexi\u00f3n pasiva son necesarios para utilizar la f\u00e9rula. Las barras se pueden recortar con cortador de alambre. Las almohadillas proximal y distal est\u00e1n cubiertas con relleno de espuma suave para mayor comodidad y m\u00ednimo deslizamiento de los dedos. <\/p>\n<p>*Para el tama\u00f1o, mida el ancho en el \u00e1rea m\u00e1s amplia de los dedos.<\/p>\n","protected":false},"excerpt":{"rendered":"<p>Gire las tuercas de posicionamiento en ambas varillas para obtener una flexi\u00f3n completa de PIP y DIP compuesta. La almohadilla proximal se desliza a lo largo de las varillas paralelas, uniendo las articulaciones PIP y DIP del dedo.<br \/>\nPara encajar en la f\u00e9rula, se necesita al menos una flexi\u00f3n PIP de 90\u00b0 y una flexi\u00f3n pasiva DIP de 45\u00b0. Las varillas se pueden recortar con cortadores de alambre. No est\u00e1 dise\u00f1ado para su uso con el pulgar.<br \/>\nLas almohadillas proximales y distales est\u00e1n cubiertas con un acolchado de espuma suave para mayor comodidad y un deslizamiento m\u00ednimo de los dedos.<br \/>\nNo est\u00e1 fabricado con l\u00e1tex de caucho natural.<br \/>\nPara dimensionar, mida el ancho en el \u00e1rea m\u00e1s ancha del dedo.<\/p>\n","protected":false},"featured_media":4647,"template":"","meta":{"_acf_changed":false,"content-type":""},"product_brand":[],"product_cat":[13588,13519,13255,13276,13518],"product_tag":[11849],"class_list":{"0":"post-32461","1":"product","2":"type-product","3":"status-publish","4":"has-post-thumbnail","6":"product_cat-ferulas-dedo-y-mano","7":"product_cat-ferulas-m-superior","8":"product_cat-marca","9":"product_cat-north-coast","10":"product_cat-ortopedia","11":"product_tag-north-coast","13":"first","14":"onbackorder","15":"shipping-taxable","16":"purchasable","17":"product-type-variable"},"acf":[],"_links":{"self":[{"href":"https:\/\/www.zannasalud.com\/tienda\/wp-json\/wp\/v2\/product\/32461","targetHints":{"allow":["GET"]}}],"collection":[{"href":"https:\/\/www.zannasalud.com\/tienda\/wp-json\/wp\/v2\/product"}],"about":[{"href":"https:\/\/www.zannasalud.com\/tienda\/wp-json\/wp\/v2\/types\/product"}],"wp:featuredmedia":[{"embeddable":true,"href":"https:\/\/www.zannasalud.com\/tienda\/wp-json\/wp\/v2\/media\/4647"}],"wp:attachment":[{"href":"https:\/\/www.zannasalud.com\/tienda\/wp-json\/wp\/v2\/media?parent=32461"}],"wp:term":[{"taxonomy":"product_brand","embeddable":true,"href":"https:\/\/www.zannasalud.com\/tienda\/wp-json\/wp\/v2\/product_brand?post=32461"},{"taxonomy":"product_cat","embeddable":true,"href":"https:\/\/www.zannasalud.com\/tienda\/wp-json\/wp\/v2\/product_cat?post=32461"},{"taxonomy":"product_tag","embeddable":true,"href":"https:\/\/www.zannasalud.com\/tienda\/wp-json\/wp\/v2\/product_tag?post=32461"}],"curies":[{"name":"wp","href":"https:\/\/api.w.org\/{rel}","templated":true}]}}