{"id":32454,"date":"2020-11-18T20:45:30","date_gmt":"2020-11-18T20:45:30","guid":{"rendered":"https:\/\/silver-louse-480719.hostingersite.com\/tienda\/producto\/ferula-carpal-lock\/"},"modified":"2024-04-08T19:04:50","modified_gmt":"2024-04-08T19:04:50","slug":"ferula-carpal-lock","status":"publish","type":"product","link":"https:\/\/www.zannasalud.com\/tienda\/producto\/ferula-carpal-lock\/","title":{"rendered":"FERULA CARPAL LOCK"},"content":{"rendered":"<p>Elaborado de gamuza suave de algod\u00f3n con bandas de neopreno y cierres de Velcro \u00ae. Libre de l\u00e1tex. F\u00e9rula dorsal firme que mantiene una posici\u00f3n neutral de la mu\u00f1eca. F\u00e9rula puede ser moldeada para una posici\u00f3n personalizada. Lavar a mano y secar al aire.<\/p>\n<p>EL MAS REVOLUCIONARIO Y EFECTIVA FERULA DE MU\u00d1ECA PARA PREVENCION O TRATAMIENTO DEL SINDROME DEL TUNEL DEL CARPO, CON LIBERTAD PARA EL AGARRE. \u00danica con barra dorsal que protege la mu\u00f1eca de los diferentes movimientos que pueden producir SINDROME DEL TUNEL DEL CARPO dejando la mano libre para efectuar todos sus oficios diarios sin ocasionar da\u00f1o adicional a los tendones de los dedos. Ha sido el \u00fanico brace dise\u00f1ado espec\u00edficamente para el s\u00edndrome del t\u00fanel del carpo diferenci\u00e1ndose de los tradicionales braces de mu\u00f1eca dise\u00f1ados para el manejo de esguinces y fracturas de mu\u00f1eca.<\/p>\n","protected":false},"excerpt":{"rendered":"<p>Elaborado de gamuza suave de algod\u00f3n con bandas de neopreno y cierres de Velcro \u00ae. Libre de l\u00e1tex. F\u00e9rula dorsal firme que mantiene una posici\u00f3n neutral de la mu\u00f1eca. F\u00e9rula puede ser moldeada para una posici\u00f3n personalizada. Lavar a mano y secar al aire.<\/p>\n<p>EL MAS REVOLUCIONARIO Y EFECTIVA FERULA DE MU\u00d1ECA PARA PREVENCION O TRATAMIENTO DEL SINDROME DEL TUNEL DEL CARPO, CON LIBERTAD PARA EL AGARRE. \u00danica con barra dorsal que protege la mu\u00f1eca de los diferentes movimientos que pueden producir SINDROME DEL TUNEL DEL CARPO dejando la mano libre para efectuar todos sus oficios diarios sin ocasionar da\u00f1o adicional a los tendones de los dedos. Ha sido el \u00fanico brace dise\u00f1ado espec\u00edficamente para el s\u00edndrome del t\u00fanel del carpo diferenci\u00e1ndose de los tradicionales braces de mu\u00f1eca dise\u00f1ados para el manejo de esguinces y fracturas de mu\u00f1eca.<\/p>\n","protected":false},"featured_media":11977,"template":"","meta":{"_acf_changed":false,"content-type":""},"product_brand":[],"product_cat":[13587,13519,13255,13326,13518],"product_tag":[12144],"class_list":{"0":"post-32454","1":"product","2":"type-product","3":"status-publish","4":"has-post-thumbnail","6":"product_cat-brace-de-codo-y-mano","7":"product_cat-ferulas-m-superior","8":"product_cat-marca","9":"product_cat-optp","10":"product_cat-ortopedia","11":"product_tag-optp","13":"first","14":"instock","15":"shipping-taxable","16":"purchasable","17":"product-type-variable"},"acf":[],"_links":{"self":[{"href":"https:\/\/www.zannasalud.com\/tienda\/wp-json\/wp\/v2\/product\/32454","targetHints":{"allow":["GET"]}}],"collection":[{"href":"https:\/\/www.zannasalud.com\/tienda\/wp-json\/wp\/v2\/product"}],"about":[{"href":"https:\/\/www.zannasalud.com\/tienda\/wp-json\/wp\/v2\/types\/product"}],"wp:featuredmedia":[{"embeddable":true,"href":"https:\/\/www.zannasalud.com\/tienda\/wp-json\/wp\/v2\/media\/11977"}],"wp:attachment":[{"href":"https:\/\/www.zannasalud.com\/tienda\/wp-json\/wp\/v2\/media?parent=32454"}],"wp:term":[{"taxonomy":"product_brand","embeddable":true,"href":"https:\/\/www.zannasalud.com\/tienda\/wp-json\/wp\/v2\/product_brand?post=32454"},{"taxonomy":"product_cat","embeddable":true,"href":"https:\/\/www.zannasalud.com\/tienda\/wp-json\/wp\/v2\/product_cat?post=32454"},{"taxonomy":"product_tag","embeddable":true,"href":"https:\/\/www.zannasalud.com\/tienda\/wp-json\/wp\/v2\/product_tag?post=32454"}],"curies":[{"name":"wp","href":"https:\/\/api.w.org\/{rel}","templated":true}]}}