{"id":32439,"date":"2020-11-18T20:45:21","date_gmt":"2020-11-18T20:45:21","guid":{"rendered":"https:\/\/silver-louse-480719.hostingersite.com\/tienda\/producto\/ferula-dedo-oval-8\/"},"modified":"2025-04-15T04:07:08","modified_gmt":"2025-04-15T04:07:08","slug":"ferula-dedo-oval-8","status":"publish","type":"product","link":"https:\/\/www.zannasalud.com\/tienda\/producto\/ferula-dedo-oval-8\/","title":{"rendered":"FERULA DEDO OVAL 8"},"content":{"rendered":"<p>Alivia el dolor, estabiliza y protege las articulaciones, y m\u00e1s.<br \/>\nFabricado en polipropileno de alta temperatura de 1\/16&#8243; (16 mm). Las f\u00e9rulas Oval-8\u00ae se pueden ajustar con una pistola de calor para una peque\u00f1a alteraci\u00f3n del \u00e1ngulo.<br \/>\nCon un simple giro de la f\u00e9rula, cada f\u00e9rula de dedo Oval-8\u00ae se puede usar para controlar m\u00faltiples afecciones de los dedos como deformidades de cuello de cisne, boutonni\u00e8re y mazo, reducir la desviaci\u00f3n lateral y descansar el dedo en gatillo.<br \/>\nMantiene el nudillo DIP\/final recto para una curaci\u00f3n adecuada.<br \/>\nEvita que el PIP\/nudillo medio se doble hacia atr\u00e1s.<br \/>\nMantiene el PIP o el nudillo medio rectos para ayudar a sanar un dedo atascado.<br \/>\nLimita la flexi\u00f3n del nudillo PIP\/nudillo medio o pulgar\/nudillo final para detener la activaci\u00f3n.<br \/>\nEstabiliza las articulaciones de los dedos para reducir la hipermoidad sin limitar la funci\u00f3n.<br \/>\nLas f\u00e9rulas Oval-8\u00ae cuentan con una banda ancha y plana para una c\u00f3moda distribuci\u00f3n y control de la presi\u00f3n.<br \/>\nDisponible en 14 tama\u00f1os, cada f\u00e9rula de dedo Oval-8\u00ae se adapta a un tama\u00f1o de anillo completo y medio.<br \/>\nEl econ\u00f3mico kit Oval-8\u00ae incluye 44 f\u00e9rulas en tama\u00f1os del 2 al 15, estuche de transporte e instrucciones. Empaquetado con la mayor\u00eda de las f\u00e9rulas en los tama\u00f1os de gama media m\u00e1s utilizados.<br \/>\nImpermeable.<br \/>\nNo est\u00e1 fabricado con l\u00e1tex de caucho natural.<br \/>\nNo recomendado para ni\u00f1os menores de 4 a\u00f1os.<br \/>\nHecho en los EE. UU.<br \/>\nLos tama\u00f1os corresponden a los tama\u00f1os de los anillos de joyero, aunque la correlaci\u00f3n puede variar debido a la hinchaz\u00f3n o los cambios en las articulaciones.<\/p>\n","protected":false},"excerpt":{"rendered":"<p>F\u00e9rula para estabilizar y alinear las articulaciones IP de los dedos para mejorar la funci\u00f3n de la mano.<\/p>\n","protected":false},"featured_media":11957,"template":"","meta":{"_acf_changed":false,"content-type":""},"product_brand":[],"product_cat":[13520,13519,13255,13276,13518],"product_tag":[11849],"class_list":{"0":"post-32439","1":"product","2":"type-product","3":"status-publish","4":"has-post-thumbnail","6":"product_cat-ferulas-de-dedo-y-mano","7":"product_cat-ferulas-m-superior","8":"product_cat-marca","9":"product_cat-north-coast","10":"product_cat-ortopedia","11":"product_tag-north-coast","13":"first","14":"instock","15":"shipping-taxable","16":"purchasable","17":"product-type-variable"},"acf":[],"_links":{"self":[{"href":"https:\/\/www.zannasalud.com\/tienda\/wp-json\/wp\/v2\/product\/32439","targetHints":{"allow":["GET"]}}],"collection":[{"href":"https:\/\/www.zannasalud.com\/tienda\/wp-json\/wp\/v2\/product"}],"about":[{"href":"https:\/\/www.zannasalud.com\/tienda\/wp-json\/wp\/v2\/types\/product"}],"wp:featuredmedia":[{"embeddable":true,"href":"https:\/\/www.zannasalud.com\/tienda\/wp-json\/wp\/v2\/media\/11957"}],"wp:attachment":[{"href":"https:\/\/www.zannasalud.com\/tienda\/wp-json\/wp\/v2\/media?parent=32439"}],"wp:term":[{"taxonomy":"product_brand","embeddable":true,"href":"https:\/\/www.zannasalud.com\/tienda\/wp-json\/wp\/v2\/product_brand?post=32439"},{"taxonomy":"product_cat","embeddable":true,"href":"https:\/\/www.zannasalud.com\/tienda\/wp-json\/wp\/v2\/product_cat?post=32439"},{"taxonomy":"product_tag","embeddable":true,"href":"https:\/\/www.zannasalud.com\/tienda\/wp-json\/wp\/v2\/product_tag?post=32439"}],"curies":[{"name":"wp","href":"https:\/\/api.w.org\/{rel}","templated":true}]}}