{"id":32427,"date":"2020-11-18T20:45:11","date_gmt":"2020-11-18T20:45:11","guid":{"rendered":"https:\/\/silver-louse-480719.hostingersite.com\/tienda\/producto\/ferula-semirigida-para-desviacion-cubital\/"},"modified":"2025-04-09T04:54:42","modified_gmt":"2025-04-09T04:54:42","slug":"ferula-semirigida-para-desviacion-cubital","status":"publish","type":"product","link":"https:\/\/www.zannasalud.com\/tienda\/producto\/ferula-semirigida-para-desviacion-cubital\/","title":{"rendered":"FERULA SEMIRIGIDA PARA DESVIACION CUBITAL"},"content":{"rendered":"<p>Dise\u00f1ado para el soporte de la articulaci\u00f3n MP y la alineaci\u00f3n de las falanges proximales cuando est\u00e1 indicado para la deriva cubital.<br \/>\nEficaz como f\u00e9rula de tope MP para favorecer la flexi\u00f3n de la PIP.<br \/>\nIndicaciones: Artritis reumatoide y artroplastia articular post MP.<br \/>\nEl dise\u00f1o de n\u00facleo blando permite que la f\u00e9rula se moldee para soportar el arco palmar y adaptarse a la mano.<br \/>\nConstrucci\u00f3n de espuma de alambre de\u2122 alta calidad para un ajuste personalizado.<br \/>\nLas correas dobles aseguran la mano y permiten la funci\u00f3n.<\/p>\n","protected":false},"excerpt":{"rendered":"<p>La f\u00e9rula ligera y f\u00e1cil de ajustar se adapta al arco palmar de la mano<\/p>\n","protected":false},"featured_media":4643,"template":"","meta":{"_acf_changed":false,"content-type":""},"product_brand":[],"product_cat":[13520,13519,13255,13276,13518],"product_tag":[11849],"class_list":{"0":"post-32427","1":"product","2":"type-product","3":"status-publish","4":"has-post-thumbnail","6":"product_cat-ferulas-de-dedo-y-mano","7":"product_cat-ferulas-m-superior","8":"product_cat-marca","9":"product_cat-north-coast","10":"product_cat-ortopedia","11":"product_tag-north-coast","13":"first","14":"onbackorder","15":"shipping-taxable","16":"purchasable","17":"product-type-variable"},"acf":[],"_links":{"self":[{"href":"https:\/\/www.zannasalud.com\/tienda\/wp-json\/wp\/v2\/product\/32427","targetHints":{"allow":["GET"]}}],"collection":[{"href":"https:\/\/www.zannasalud.com\/tienda\/wp-json\/wp\/v2\/product"}],"about":[{"href":"https:\/\/www.zannasalud.com\/tienda\/wp-json\/wp\/v2\/types\/product"}],"wp:featuredmedia":[{"embeddable":true,"href":"https:\/\/www.zannasalud.com\/tienda\/wp-json\/wp\/v2\/media\/4643"}],"wp:attachment":[{"href":"https:\/\/www.zannasalud.com\/tienda\/wp-json\/wp\/v2\/media?parent=32427"}],"wp:term":[{"taxonomy":"product_brand","embeddable":true,"href":"https:\/\/www.zannasalud.com\/tienda\/wp-json\/wp\/v2\/product_brand?post=32427"},{"taxonomy":"product_cat","embeddable":true,"href":"https:\/\/www.zannasalud.com\/tienda\/wp-json\/wp\/v2\/product_cat?post=32427"},{"taxonomy":"product_tag","embeddable":true,"href":"https:\/\/www.zannasalud.com\/tienda\/wp-json\/wp\/v2\/product_tag?post=32427"}],"curies":[{"name":"wp","href":"https:\/\/api.w.org\/{rel}","templated":true}]}}