{"id":32402,"date":"2020-11-18T20:45:01","date_gmt":"2020-11-18T20:45:01","guid":{"rendered":"https:\/\/silver-louse-480719.hostingersite.com\/tienda\/producto\/baston-tucane\/"},"modified":"2024-04-08T19:04:49","modified_gmt":"2024-04-08T19:04:49","slug":"baston-tucane","status":"publish","type":"product","link":"https:\/\/www.zannasalud.com\/tienda\/producto\/baston-tucane\/","title":{"rendered":"BASTON TUCANE"},"content":{"rendered":"<p>Tucane es un avanzado sistema de ayuda de la marcha que emula una tercera cadera. Este nuevo e innovador concepto sustituye a los bastones convencionales. Ayuda al usuario a caminar en forma correcta y confortable,reduciendo y evitando los dolores en la espalda consecuencia de una postura incorrecta durante la marcha. <\/p>\n<p>Cuando Usted camina Tucane se mover\u00e1 hacia delante junto con su pierna mientras Usted avanza. Este dispositivo es ajustable y se adapta a su altura exacta para mayor confort. Su puntera est\u00e1 fabricado de un material de goma antideslizante que durante la marcha simula la articulaci\u00f3n tobillo y su estructura especial absorbe los impactos y la vibraci\u00f3n. La manija est\u00e1 fabricada de un material de goma suave. Su dise\u00f1o anti-impacto reduce las cargas sobre las diferentes estructuras anat\u00f3micas de la mano, codo y hombro previniendo la inflamaci\u00f3n de estas articulaciones.<\/p>\n<p>Detalle del producto: Igualmente Tucane corrige la postura de la marcha. Permite un desplazamiento con flexi\u00f3n de cadera previniendo al caminar arrastrar los pies en forma de patinaje. La postura de la espalda es arm\u00f3nica en cuanto a el eje mec\u00e1nico corporal, evitando los problemas de marcha cuando esta se hace inadecuadamente. Tucane reduce las vibraciones de choque de los vectores de carga, al hacer contacto con el piso, emula la articulaci\u00f3n de la cadera humana. En este sentido se ha igualado la sinergia que existe entre el Tucane y la cadera, denomin\u00e1ndola la tercera cadera. Tucane es sin duda el m\u00e1s avanzado sistema de bast\u00f3n disponible en el mercado.<\/p>\n<p>Como Funciona Tucane\u2026 El avanzado dise\u00f1o de Tucane imita el movimiento natural de la cadera humana. Los halos amarillos y azules representan los soportes principales y estos representan a los troc\u00e1nteres en la anatom\u00eda humana. La estructura en el color naranja, representa el soporte secundario, el cuello del f\u00e9mur, por \u00faltimo la manilla, que imita la cabeza del f\u00e9mur.<\/p>\n","protected":false},"excerpt":{"rendered":"<p>Tucane es un avanzado sistema de ayuda de la marcha que emula una tercera cadera. Este nuevo e innovador concepto sustituye a los bastones convencionales. Ayuda al usuario a caminar en forma correcta y confortable,reduciendo y evitando los dolores en la espalda consecuencia de una postura incorrecta durante la marcha. <\/p>\n<p>Cuando Usted camina Tucane se mover\u00e1 hacia delante junto con su pierna mientras Usted avanza. Este dispositivo es ajustable y se adapta a su altura exacta para mayor confort. Su puntera est\u00e1 fabricado de un material de goma antideslizante que durante la marcha simula la articulaci\u00f3n tobillo y su estructura especial absorbe los impactos y la vibraci\u00f3n. La manija est\u00e1 fabricada de un material de goma suave. Su dise\u00f1o anti-impacto reduce las cargas sobre las diferentes estructuras anat\u00f3micas de la mano, codo y hombro previniendo la inflamaci\u00f3n de estas articulaciones.<\/p>\n<p>Detalle del producto: Igualmente Tucane corrige la postura de la marcha. Permite un desplazamiento con flexi\u00f3n de cadera previniendo al caminar arrastrar los pies en forma de patinaje. La postura de la espalda es arm\u00f3nica en cuanto a el eje mec\u00e1nico corporal, evitando los problemas de marcha cuando esta se hace inadecuadamente. Tucane reduce las vibraciones de choque de los vectores de carga, al hacer contacto con el piso, emula la articulaci\u00f3n de la cadera humana. En este sentido se ha igualado la sinergia que existe entre el Tucane y la cadera, denomin\u00e1ndola la tercera cadera. Tucane es sin duda el m\u00e1s avanzado sistema de bast\u00f3n disponible en el mercado.<\/p>\n<p>Como Funciona Tucane\u2026 El avanzado dise\u00f1o de Tucane imita el movimiento natural de la cadera humana. Los halos amarillos y azules representan los soportes principales y estos representan a los troc\u00e1nteres en la anatom\u00eda humana. La estructura en el color naranja, representa el soporte secundario, el cuello del f\u00e9mur, por \u00faltimo la manilla, que imita la cabeza del f\u00e9mur.<\/p>\n","protected":false},"featured_media":11908,"template":"","meta":{"_acf_changed":false,"content-type":""},"product_brand":[],"product_cat":[13585,13255,13309,13582,13518],"product_tag":[12247],"class_list":{"0":"post-32402","1":"product","2":"type-product","3":"status-publish","4":"has-post-thumbnail","6":"product_cat-bastones","7":"product_cat-marca","8":"product_cat-ergoactives","9":"product_cat-movilidad-y-marcha","10":"product_cat-ortopedia","11":"product_tag-ergoactives","13":"first","14":"onbackorder","15":"taxable","16":"shipping-taxable","17":"purchasable","18":"product-type-variable"},"acf":[],"_links":{"self":[{"href":"https:\/\/www.zannasalud.com\/tienda\/wp-json\/wp\/v2\/product\/32402","targetHints":{"allow":["GET"]}}],"collection":[{"href":"https:\/\/www.zannasalud.com\/tienda\/wp-json\/wp\/v2\/product"}],"about":[{"href":"https:\/\/www.zannasalud.com\/tienda\/wp-json\/wp\/v2\/types\/product"}],"wp:featuredmedia":[{"embeddable":true,"href":"https:\/\/www.zannasalud.com\/tienda\/wp-json\/wp\/v2\/media\/11908"}],"wp:attachment":[{"href":"https:\/\/www.zannasalud.com\/tienda\/wp-json\/wp\/v2\/media?parent=32402"}],"wp:term":[{"taxonomy":"product_brand","embeddable":true,"href":"https:\/\/www.zannasalud.com\/tienda\/wp-json\/wp\/v2\/product_brand?post=32402"},{"taxonomy":"product_cat","embeddable":true,"href":"https:\/\/www.zannasalud.com\/tienda\/wp-json\/wp\/v2\/product_cat?post=32402"},{"taxonomy":"product_tag","embeddable":true,"href":"https:\/\/www.zannasalud.com\/tienda\/wp-json\/wp\/v2\/product_tag?post=32402"}],"curies":[{"name":"wp","href":"https:\/\/api.w.org\/{rel}","templated":true}]}}