{"id":32382,"date":"2020-11-18T20:44:52","date_gmt":"2020-11-18T20:44:52","guid":{"rendered":"https:\/\/silver-louse-480719.hostingersite.com\/tienda\/producto\/plataformas-soft-touch\/"},"modified":"2024-04-08T19:04:49","modified_gmt":"2024-04-08T19:04:49","slug":"plataformas-soft-touch","status":"publish","type":"product","link":"https:\/\/www.zannasalud.com\/tienda\/producto\/plataformas-soft-touch\/","title":{"rendered":"PLATAFORMAS SOFT-TOUCH\u2122"},"content":{"rendered":"<p>Como su nombre indica, estas cu\u00f1as de terapia son realmente suave al tacto! Adem\u00e1s, proporcionan el m\u00e1ximo confort y durabilidad. Libre de l\u00e1tex, el material sin problemas hace que los rollos y las cu\u00f1as de c\u00e1scara y resistente e impermeable a los l\u00edquidos.                       Medidas: 4&#8243; x 20&#8243; x 22&#8243;<\/p>\n","protected":false},"excerpt":{"rendered":"<p>Como su nombre indica, estas cu\u00f1as de terapia son realmente suave al tacto! Adem\u00e1s, proporcionan el m\u00e1ximo confort y durabilidad. Libre de l\u00e1tex, el material sin problemas hace que los rollos y las cu\u00f1as de c\u00e1scara y resistente e impermeable a los l\u00edquidos.                       Medidas: 4&#8243; x 20&#8243; x 22&#8243;<\/p>\n","protected":false},"featured_media":4838,"template":"","meta":{"_acf_changed":false,"content-type":""},"product_brand":[],"product_cat":[13512,13441,13255,13313,13443,13442,13476],"product_tag":[12003],"class_list":{"0":"post-32382","1":"product","2":"type-product","3":"status-publish","4":"has-post-thumbnail","6":"product_cat-conciencia-espacial","7":"product_cat-evaluacion-cognitiva","8":"product_cat-marca","9":"product_cat-patterson-medical","10":"product_cat-perceptual-y-motor-new","11":"product_cat-sensorial","12":"product_cat-terapia-vestibular","13":"product_tag-patterson-medical","15":"first","16":"onbackorder","17":"taxable","18":"shipping-taxable","19":"purchasable","20":"product-type-variable"},"acf":[],"_links":{"self":[{"href":"https:\/\/www.zannasalud.com\/tienda\/wp-json\/wp\/v2\/product\/32382","targetHints":{"allow":["GET"]}}],"collection":[{"href":"https:\/\/www.zannasalud.com\/tienda\/wp-json\/wp\/v2\/product"}],"about":[{"href":"https:\/\/www.zannasalud.com\/tienda\/wp-json\/wp\/v2\/types\/product"}],"wp:featuredmedia":[{"embeddable":true,"href":"https:\/\/www.zannasalud.com\/tienda\/wp-json\/wp\/v2\/media\/4838"}],"wp:attachment":[{"href":"https:\/\/www.zannasalud.com\/tienda\/wp-json\/wp\/v2\/media?parent=32382"}],"wp:term":[{"taxonomy":"product_brand","embeddable":true,"href":"https:\/\/www.zannasalud.com\/tienda\/wp-json\/wp\/v2\/product_brand?post=32382"},{"taxonomy":"product_cat","embeddable":true,"href":"https:\/\/www.zannasalud.com\/tienda\/wp-json\/wp\/v2\/product_cat?post=32382"},{"taxonomy":"product_tag","embeddable":true,"href":"https:\/\/www.zannasalud.com\/tienda\/wp-json\/wp\/v2\/product_tag?post=32382"}],"curies":[{"name":"wp","href":"https:\/\/api.w.org\/{rel}","templated":true}]}}