{"id":32352,"date":"2020-11-18T20:44:43","date_gmt":"2020-11-18T20:44:43","guid":{"rendered":"https:\/\/silver-louse-480719.hostingersite.com\/tienda\/producto\/tumble-forms\/"},"modified":"2024-04-08T19:04:48","modified_gmt":"2024-04-08T19:04:48","slug":"tumble-forms","status":"publish","type":"product","link":"https:\/\/www.zannasalud.com\/tienda\/producto\/tumble-forms\/","title":{"rendered":"TUMBLE FORMS"},"content":{"rendered":"<p>Dise\u00f1ada para ayudar a calmar a los ni\u00f1os con TDAH SID y con un \u00e9nfasis en la durabilidad y la comodidad. <\/p>\n<p>Ver catalogo electronico para mayor informaci\u00f3n<br \/>\ninfo@silver-louse-480719.hostingersite.com<\/p>\n","protected":false},"excerpt":{"rendered":"<p>Dise\u00f1ada para ayudar a calmar a los ni\u00f1os con TDAH SID y con un \u00e9nfasis en la durabilidad y la comodidad. <\/p>\n<p>Ver catalogo electronico para mayor informaci\u00f3n<br \/>\ninfo@silver-louse-480719.hostingersite.com<\/p>\n","protected":false},"featured_media":5110,"template":"","meta":{"_acf_changed":false,"content-type":""},"product_brand":[],"product_cat":[13441,13255,13313,13443,13510,13507,13442],"product_tag":[12003],"class_list":{"0":"post-32352","1":"product","2":"type-product","3":"status-publish","4":"has-post-thumbnail","6":"product_cat-evaluacion-cognitiva","7":"product_cat-marca","8":"product_cat-patterson-medical","9":"product_cat-perceptual-y-motor-new","10":"product_cat-pesaje-y-masaje","11":"product_cat-relajacion","12":"product_cat-sensorial","13":"product_tag-patterson-medical","15":"first","16":"onbackorder","17":"taxable","18":"shipping-taxable","19":"purchasable","20":"product-type-variable"},"acf":[],"_links":{"self":[{"href":"https:\/\/www.zannasalud.com\/tienda\/wp-json\/wp\/v2\/product\/32352","targetHints":{"allow":["GET"]}}],"collection":[{"href":"https:\/\/www.zannasalud.com\/tienda\/wp-json\/wp\/v2\/product"}],"about":[{"href":"https:\/\/www.zannasalud.com\/tienda\/wp-json\/wp\/v2\/types\/product"}],"wp:featuredmedia":[{"embeddable":true,"href":"https:\/\/www.zannasalud.com\/tienda\/wp-json\/wp\/v2\/media\/5110"}],"wp:attachment":[{"href":"https:\/\/www.zannasalud.com\/tienda\/wp-json\/wp\/v2\/media?parent=32352"}],"wp:term":[{"taxonomy":"product_brand","embeddable":true,"href":"https:\/\/www.zannasalud.com\/tienda\/wp-json\/wp\/v2\/product_brand?post=32352"},{"taxonomy":"product_cat","embeddable":true,"href":"https:\/\/www.zannasalud.com\/tienda\/wp-json\/wp\/v2\/product_cat?post=32352"},{"taxonomy":"product_tag","embeddable":true,"href":"https:\/\/www.zannasalud.com\/tienda\/wp-json\/wp\/v2\/product_tag?post=32352"}],"curies":[{"name":"wp","href":"https:\/\/api.w.org\/{rel}","templated":true}]}}