{"id":32333,"date":"2020-11-18T20:44:34","date_gmt":"2020-11-18T20:44:34","guid":{"rendered":"https:\/\/silver-louse-480719.hostingersite.com\/tienda\/producto\/balon-mani-cando\/"},"modified":"2025-04-09T04:26:36","modified_gmt":"2025-04-09T04:26:36","slug":"balon-mani-cando","status":"publish","type":"product","link":"https:\/\/www.zannasalud.com\/tienda\/producto\/balon-mani-cando\/","title":{"rendered":"BALON MANI. CANDO\u00ae"},"content":{"rendered":"<p>El rollo de silla de montar inflable CanDo es una pelota de estabilidad en forma de man\u00ed de grado profesional que ayuda a desarrollar los m\u00fasculos, la coordinaci\u00f3n y el equilibrio. Su dise\u00f1o \u00fanico hace que sea m\u00e1s f\u00e1cil de controlar que las pelotas de ejercicio porque el movimiento se limita a la rotaci\u00f3n hacia adelante y hacia atr\u00e1s. La parte de la silla de montar del rollo se refiere a la cuna central entre las dos rondas bolas con forma. Puede usar el sill\u00edn como asiento o contra su espalda, ya que brinda estabilidad, comodidad y confianza para todas las edades. \u00daselo durante la fisioterapia, el yoga, el gimnasio o la aptitud f\u00edsica individual en casa. Disponible en varios tama\u00f1os codificados por colores. Estos coloridos rollos inflables moldeados de alta resistencia pueden soportar hasta 300 libras. El di\u00e1metro de 16 pulgadas del rollo de silla de montar amarillo se mide alrededor del punto m\u00e1s grande de cada extremo.<\/p>\n","protected":false},"excerpt":{"rendered":"<p>Rollo de silla de montar inflable, pelota estabilidad multifuncional.<\/p>\n","protected":false},"featured_media":11824,"template":"","meta":{"_acf_changed":false,"content-type":""},"product_brand":[],"product_cat":[13479,13441,13255,13311,13443,13487,13442],"product_tag":[11858],"class_list":{"0":"post-32333","1":"product","2":"type-product","3":"status-publish","4":"has-post-thumbnail","6":"product_cat-balance","7":"product_cat-evaluacion-cognitiva","8":"product_cat-marca","9":"product_cat-fabrication-enterpreses","10":"product_cat-perceptual-y-motor-new","11":"product_cat-productos-sensoriales","12":"product_cat-sensorial","13":"product_tag-fabrication-enterpreses","15":"first","16":"onbackorder","17":"taxable","18":"shipping-taxable","19":"purchasable","20":"product-type-variable"},"acf":[],"_links":{"self":[{"href":"https:\/\/www.zannasalud.com\/tienda\/wp-json\/wp\/v2\/product\/32333","targetHints":{"allow":["GET"]}}],"collection":[{"href":"https:\/\/www.zannasalud.com\/tienda\/wp-json\/wp\/v2\/product"}],"about":[{"href":"https:\/\/www.zannasalud.com\/tienda\/wp-json\/wp\/v2\/types\/product"}],"wp:featuredmedia":[{"embeddable":true,"href":"https:\/\/www.zannasalud.com\/tienda\/wp-json\/wp\/v2\/media\/11824"}],"wp:attachment":[{"href":"https:\/\/www.zannasalud.com\/tienda\/wp-json\/wp\/v2\/media?parent=32333"}],"wp:term":[{"taxonomy":"product_brand","embeddable":true,"href":"https:\/\/www.zannasalud.com\/tienda\/wp-json\/wp\/v2\/product_brand?post=32333"},{"taxonomy":"product_cat","embeddable":true,"href":"https:\/\/www.zannasalud.com\/tienda\/wp-json\/wp\/v2\/product_cat?post=32333"},{"taxonomy":"product_tag","embeddable":true,"href":"https:\/\/www.zannasalud.com\/tienda\/wp-json\/wp\/v2\/product_tag?post=32333"}],"curies":[{"name":"wp","href":"https:\/\/api.w.org\/{rel}","templated":true}]}}