{"id":32327,"date":"2020-11-18T20:44:26","date_gmt":"2020-11-18T20:44:26","guid":{"rendered":"https:\/\/silver-louse-480719.hostingersite.com\/tienda\/producto\/bola-sensi-cando\/"},"modified":"2025-04-09T04:17:33","modified_gmt":"2025-04-09T04:17:33","slug":"bola-sensi-cando","status":"publish","type":"product","link":"https:\/\/www.zannasalud.com\/tienda\/producto\/bola-sensi-cando\/","title":{"rendered":"BOLA SENSI CANDO\u00ae"},"content":{"rendered":"<p>La pelota de ejercicio inflable CanDo tiene una superficie \u00abnudosa\u00bb especialmente texturizada que agrega elementos t\u00e1ctiles y visuales a la terapia con pelota. Las protuberancias tambi\u00e9n masajean al usuario. Las pelotas se utilizan para mejorar el equilibrio, la coordinaci\u00f3n, la flexibilidad y la fuerza, e incluso solo por diversi\u00f3n. Las pelotas pueden soportar hasta 300 libras. Disponible en varios tama\u00f1os codificados por colores.<\/p>\n","protected":false},"excerpt":{"rendered":"<p>Pelota de ejercicio inflable<\/p>\n","protected":false},"featured_media":11817,"template":"","meta":{"_acf_changed":false,"content-type":""},"product_brand":[],"product_cat":[13441,13494,13255,13311,13443,13487,13442],"product_tag":[11858],"class_list":{"0":"post-32327","1":"product","2":"type-product","3":"status-publish","4":"has-post-thumbnail","6":"product_cat-evaluacion-cognitiva","7":"product_cat-juguetes-sensoriales","8":"product_cat-marca","9":"product_cat-fabrication-enterpreses","10":"product_cat-perceptual-y-motor-new","11":"product_cat-productos-sensoriales","12":"product_cat-sensorial","13":"product_tag-fabrication-enterpreses","15":"first","16":"onbackorder","17":"taxable","18":"shipping-taxable","19":"purchasable","20":"product-type-variable"},"acf":[],"_links":{"self":[{"href":"https:\/\/www.zannasalud.com\/tienda\/wp-json\/wp\/v2\/product\/32327","targetHints":{"allow":["GET"]}}],"collection":[{"href":"https:\/\/www.zannasalud.com\/tienda\/wp-json\/wp\/v2\/product"}],"about":[{"href":"https:\/\/www.zannasalud.com\/tienda\/wp-json\/wp\/v2\/types\/product"}],"wp:featuredmedia":[{"embeddable":true,"href":"https:\/\/www.zannasalud.com\/tienda\/wp-json\/wp\/v2\/media\/11817"}],"wp:attachment":[{"href":"https:\/\/www.zannasalud.com\/tienda\/wp-json\/wp\/v2\/media?parent=32327"}],"wp:term":[{"taxonomy":"product_brand","embeddable":true,"href":"https:\/\/www.zannasalud.com\/tienda\/wp-json\/wp\/v2\/product_brand?post=32327"},{"taxonomy":"product_cat","embeddable":true,"href":"https:\/\/www.zannasalud.com\/tienda\/wp-json\/wp\/v2\/product_cat?post=32327"},{"taxonomy":"product_tag","embeddable":true,"href":"https:\/\/www.zannasalud.com\/tienda\/wp-json\/wp\/v2\/product_tag?post=32327"}],"curies":[{"name":"wp","href":"https:\/\/api.w.org\/{rel}","templated":true}]}}