{"id":32321,"date":"2020-11-18T20:44:26","date_gmt":"2020-11-18T20:44:26","guid":{"rendered":"https:\/\/silver-louse-480719.hostingersite.com\/tienda\/producto\/mesa-tratamiento-de-mano-wavehealth\/"},"modified":"2024-04-08T19:04:47","modified_gmt":"2024-04-08T19:04:47","slug":"mesa-tratamiento-de-mano-wavehealth","status":"publish","type":"product","link":"https:\/\/www.zannasalud.com\/tienda\/producto\/mesa-tratamiento-de-mano-wavehealth\/","title":{"rendered":"MESA TRATAMIENTO DE MANO WAVEHEALTH"},"content":{"rendered":"<p>Ideal para el trabajo de miembro superior y mano. Excelente para el trabajo con varios pacientes. Con escotaduras curvas para f\u00e1cil acceso. 1\/8&#8243; mes\u00f3n frontal, laminado natural con terminaciones curvas con protecci\u00f3n para choques. Patas regulables para altura con resorte de baja fricci\u00f3n Con altura ajustable (de 22&#8243; a 33&#8243;). <\/p>\n<p>Dimensiones totales: largo 93&#8243;. Permite el acceso de 3 pacientes simult\u00e1neamente, de material de alta durabilidad para instituciones de alto trafico.<\/p>\n","protected":false},"excerpt":{"rendered":"<p>Ideal para el trabajo de miembro superior y mano. Excelente para el trabajo con varios pacientes. Con escotaduras curvas para f\u00e1cil acceso. 1\/8&#8243; mes\u00f3n frontal, laminado natural con terminaciones curvas con protecci\u00f3n para choques. Patas regulables para altura con resorte de baja fricci\u00f3n Con altura ajustable (de 22&#8243; a 33&#8243;). <\/p>\n<p>Dimensiones totales: largo 93&#8243;. Permite el acceso de 3 pacientes simult\u00e1neamente, de material de alta durabilidad para instituciones de alto trafico.<\/p>\n","protected":false},"featured_media":11810,"template":"","meta":{"_acf_changed":false,"content-type":""},"product_brand":[],"product_cat":[13255,13269,13475,13466],"product_tag":[11698],"class_list":{"0":"post-32321","1":"product","2":"type-product","3":"status-publish","4":"has-post-thumbnail","6":"product_cat-marca","7":"product_cat-wavehealth","8":"product_cat-mesas-de-tratamiento","9":"product_cat-muebles-y-accesorios-para-tratamiento","10":"product_tag-wavehealth","12":"first","13":"onbackorder","14":"taxable","15":"shipping-taxable","16":"purchasable","17":"product-type-variable"},"acf":[],"_links":{"self":[{"href":"https:\/\/www.zannasalud.com\/tienda\/wp-json\/wp\/v2\/product\/32321","targetHints":{"allow":["GET"]}}],"collection":[{"href":"https:\/\/www.zannasalud.com\/tienda\/wp-json\/wp\/v2\/product"}],"about":[{"href":"https:\/\/www.zannasalud.com\/tienda\/wp-json\/wp\/v2\/types\/product"}],"wp:featuredmedia":[{"embeddable":true,"href":"https:\/\/www.zannasalud.com\/tienda\/wp-json\/wp\/v2\/media\/11810"}],"wp:attachment":[{"href":"https:\/\/www.zannasalud.com\/tienda\/wp-json\/wp\/v2\/media?parent=32321"}],"wp:term":[{"taxonomy":"product_brand","embeddable":true,"href":"https:\/\/www.zannasalud.com\/tienda\/wp-json\/wp\/v2\/product_brand?post=32321"},{"taxonomy":"product_cat","embeddable":true,"href":"https:\/\/www.zannasalud.com\/tienda\/wp-json\/wp\/v2\/product_cat?post=32321"},{"taxonomy":"product_tag","embeddable":true,"href":"https:\/\/www.zannasalud.com\/tienda\/wp-json\/wp\/v2\/product_tag?post=32321"}],"curies":[{"name":"wp","href":"https:\/\/api.w.org\/{rel}","templated":true}]}}