{"id":32132,"date":"2020-11-18T20:42:45","date_gmt":"2020-11-18T20:42:45","guid":{"rendered":"https:\/\/silver-louse-480719.hostingersite.com\/tienda\/producto\/vendajes-adhesivos-crosstape\/"},"modified":"2024-04-08T19:04:45","modified_gmt":"2024-04-08T19:04:45","slug":"vendajes-adhesivos-crosstape","status":"publish","type":"product","link":"https:\/\/www.zannasalud.com\/tienda\/producto\/vendajes-adhesivos-crosstape\/","title":{"rendered":"VENDAJES ADHESIVOS CROSSTAPE\u00ae"},"content":{"rendered":"<p>Uso deportivo y Terapeutico. Ideal para tratamiento del dolor. No contiene ningun ingrediente activo. Caracteristicas similares a las del Vendaje Kinesiologico o Neuromuscular <\/p>\n<p>Aplicaciones en: puntos de gatillo o dolor puntos de acupuntura. Estas son \u00e1reas de alta energ\u00eda que influyen en la conductividad de los m\u00fasculos, los nervios y las funciones de los meridianos. Altamente resistente al agua y puede usarse sin inguna restriccion. Tecnologia Alemana. Contiene 33 crosstapes de diferentes tamanos.<\/p>\n<p>La fibra especialmente desarrollado en el KUMBRINK CROSSTAPE\u00ae se carga electrost\u00e1ticamente hasta cuando se retira el papel especial de soporte, lo que le permite influir en la conductividad. KUMBRINK CROSSTAPE\u00ae es resistente al agua y se puede usar durante varios d\u00edas sin ninguna restricci\u00f3n. No aplicar sobre heridas o enfermedades de la piel (neurodermatitis, psoriasis). En el caso de los pacientes con piel sensible, se debe utilizar una cinta para probar su tolerabilidad.<\/p>\n<p>Detalle del producto: La fibra especialmente desarrollado en el KUMBRINK CROSSTAPE\u00ae se carga electrost\u00e1ticamente hasta cuando se retira el papel especial de soporte, lo que le permite influir en la conductividad. KUMBRINK CROSSTAPE\u00ae es resistente al agua y se puede usar durante varios d\u00edas sin ninguna restricci\u00f3n. No aplicar sobre heridas o enfermedades de la piel (neurodermatitis, psoriasis). En el caso de los pacientes con piel sensible, se debe utilizar una cinta para probar su tolerabilidad. Los Cross tape tambi\u00e9n conocidos como Vendas Cruzadas est\u00e1n formados por bandas o tiras cruzadas en malla, inel\u00e1sticas que conforman un parche con forma de rejilla de variados tama\u00f1os, exentas de medicaci\u00f3n, que pueden ser utilizadas por s\u00ed solas o como complemento de las cintas de Vendaje Neuromuscular, y que mantienen similares caracter\u00edsticas a dicho Vendaje, pues pueden dejarse durante d\u00edas pegadas, son resistentes al agua e hipoalerg\u00e9nicas. Son desarrollados entre Corea y Jap\u00f3n de la mano del Dr. Aeo Kang y del profesor Nobutaka Tanaka, respectivamente, bas\u00e1ndose en los principios de la medicina oriental y englobando conceptos como los Meridianos y su influencia en los flujos electromagn\u00e9ticos del cuerpo, con el fin de, a trav\u00e9s de ellos, reestablecer el equilibrio sobre la bioelectricidad y las microcorrientes electromagn\u00e9ticas que pasan por la piel.<\/p>\n<p>Vendajes adhesivos para las terapias Kumbrink CrossTape\u00ae. Para armonizar puntos de dolor y gatillo. Para su utilizaci\u00f3n en la terapia con acupuntura. No irrita la piel, resistente al agua, permeable al sudor y transpirable. Utilizado y recomendado por la K-Taping Academy.<\/p>\n<p>Material: Poli\u00e9ster \/ poliuretano \/ fibra acr\u00edlica.<br \/>\nTama\u00f1o: 180 unidades.<\/p>\n","protected":false},"excerpt":{"rendered":"<p>Uso deportivo y Terapeutico. Ideal para tratamiento del dolor. No contiene ningun ingrediente activo. Caracteristicas similares a las del Vendaje Kinesiologico o Neuromuscular <\/p>\n<p>Aplicaciones en: puntos de gatillo o dolor puntos de acupuntura. Estas son \u00e1reas de alta energ\u00eda que influyen en la conductividad de los m\u00fasculos, los nervios y las funciones de los meridianos. Altamente resistente al agua y puede usarse sin inguna restriccion. Tecnologia Alemana. Contiene 33 crosstapes de diferentes tamanos.<\/p>\n<p>La fibra especialmente desarrollado en el KUMBRINK CROSSTAPE\u00ae se carga electrost\u00e1ticamente hasta cuando se retira el papel especial de soporte, lo que le permite influir en la conductividad. KUMBRINK CROSSTAPE\u00ae es resistente al agua y se puede usar durante varios d\u00edas sin ninguna restricci\u00f3n. No aplicar sobre heridas o enfermedades de la piel (neurodermatitis, psoriasis). En el caso de los pacientes con piel sensible, se debe utilizar una cinta para probar su tolerabilidad.<\/p>\n<p>Detalle del producto: La fibra especialmente desarrollado en el KUMBRINK CROSSTAPE\u00ae se carga electrost\u00e1ticamente hasta cuando se retira el papel especial de soporte, lo que le permite influir en la conductividad. KUMBRINK CROSSTAPE\u00ae es resistente al agua y se puede usar durante varios d\u00edas sin ninguna restricci\u00f3n. No aplicar sobre heridas o enfermedades de la piel (neurodermatitis, psoriasis). En el caso de los pacientes con piel sensible, se debe utilizar una cinta para probar su tolerabilidad. Los Cross tape tambi\u00e9n conocidos como Vendas Cruzadas est\u00e1n formados por bandas o tiras cruzadas en malla, inel\u00e1sticas que conforman un parche con forma de rejilla de variados tama\u00f1os, exentas de medicaci\u00f3n, que pueden ser utilizadas por s\u00ed solas o como complemento de las cintas de Vendaje Neuromuscular, y que mantienen similares caracter\u00edsticas a dicho Vendaje, pues pueden dejarse durante d\u00edas pegadas, son resistentes al agua e hipoalerg\u00e9nicas. Son desarrollados entre Corea y Jap\u00f3n de la mano del Dr. Aeo Kang y del profesor Nobutaka Tanaka, respectivamente, bas\u00e1ndose en los principios de la medicina oriental y englobando conceptos como los Meridianos y su influencia en los flujos electromagn\u00e9ticos del cuerpo, con el fin de, a trav\u00e9s de ellos, reestablecer el equilibrio sobre la bioelectricidad y las microcorrientes electromagn\u00e9ticas que pasan por la piel.<\/p>\n<p>Vendajes adhesivos para las terapias Kumbrink CrossTape\u00ae. Para armonizar puntos de dolor y gatillo. Para su utilizaci\u00f3n en la terapia con acupuntura. No irrita la piel, resistente al agua, permeable al sudor y transpirable. Utilizado y recomendado por la K-Taping Academy.<\/p>\n<p>Material: Poli\u00e9ster \/ poliuretano \/ fibra acr\u00edlica.<br \/>\nTama\u00f1o: 180 unidades.<\/p>\n","protected":false},"featured_media":11586,"template":"","meta":{"_acf_changed":false,"content-type":""},"product_brand":[],"product_cat":[13255,13361,13360,13359],"product_tag":[12032],"class_list":{"0":"post-32132","1":"product","2":"type-product","3":"status-publish","4":"has-post-thumbnail","6":"product_cat-marca","7":"product_cat-biviax","8":"product_cat-vendaje-crosstape","9":"product_cat-vendaje-kinesiologico-k-tape","10":"product_tag-biviax","12":"first","13":"onbackorder","14":"shipping-taxable","15":"purchasable","16":"product-type-variable"},"acf":[],"_links":{"self":[{"href":"https:\/\/www.zannasalud.com\/tienda\/wp-json\/wp\/v2\/product\/32132","targetHints":{"allow":["GET"]}}],"collection":[{"href":"https:\/\/www.zannasalud.com\/tienda\/wp-json\/wp\/v2\/product"}],"about":[{"href":"https:\/\/www.zannasalud.com\/tienda\/wp-json\/wp\/v2\/types\/product"}],"wp:featuredmedia":[{"embeddable":true,"href":"https:\/\/www.zannasalud.com\/tienda\/wp-json\/wp\/v2\/media\/11586"}],"wp:attachment":[{"href":"https:\/\/www.zannasalud.com\/tienda\/wp-json\/wp\/v2\/media?parent=32132"}],"wp:term":[{"taxonomy":"product_brand","embeddable":true,"href":"https:\/\/www.zannasalud.com\/tienda\/wp-json\/wp\/v2\/product_brand?post=32132"},{"taxonomy":"product_cat","embeddable":true,"href":"https:\/\/www.zannasalud.com\/tienda\/wp-json\/wp\/v2\/product_cat?post=32132"},{"taxonomy":"product_tag","embeddable":true,"href":"https:\/\/www.zannasalud.com\/tienda\/wp-json\/wp\/v2\/product_tag?post=32132"}],"curies":[{"name":"wp","href":"https:\/\/api.w.org\/{rel}","templated":true}]}}