{"id":32104,"date":"2020-11-18T20:42:20","date_gmt":"2020-11-18T20:42:20","guid":{"rendered":"https:\/\/silver-louse-480719.hostingersite.com\/tienda\/producto\/ferula-para-desviacion\/"},"modified":"2025-04-08T21:19:53","modified_gmt":"2025-04-08T21:19:53","slug":"ferula-para-desviacion","status":"publish","type":"product","link":"https:\/\/www.zannasalud.com\/tienda\/producto\/ferula-para-desviacion\/","title":{"rendered":"FERULA PARA DESVIACION CUBITAL"},"content":{"rendered":"<p>Un dise\u00f1o especifico para el uso preventivo y correctivo de f\u00e9rulas para la mano reumatoide estereotipo. Las deformidades antero-posteriores y latero-laterales de la mu\u00f1eca y de los dedos, as\u00ed como las deformidades del pulgar, se alinean con toda facilidad.<\/p>\n","protected":false},"excerpt":{"rendered":"<p>La f\u00e9rula mas realista y funcional para desviaci\u00f3n cubital para manos con artritis reumatoide en fases tempranas.<\/p>\n","protected":false},"featured_media":5050,"template":"","meta":{"_acf_changed":false,"content-type":""},"product_brand":[],"product_cat":[13352,13255,13349,13338,13347],"product_tag":[12011],"class_list":{"0":"post-32104","1":"product","2":"type-product","3":"status-publish","4":"has-post-thumbnail","6":"product_cat-ferulas-termoplasticas-precortadas","7":"product_cat-marca","8":"product_cat-orfit","9":"product_cat-terapia-para-miembro-superior","10":"product_cat-ferulaje","11":"product_tag-orfit","13":"first","14":"instock","15":"shipping-taxable","16":"purchasable","17":"product-type-variable"},"acf":[],"_links":{"self":[{"href":"https:\/\/www.zannasalud.com\/tienda\/wp-json\/wp\/v2\/product\/32104","targetHints":{"allow":["GET"]}}],"collection":[{"href":"https:\/\/www.zannasalud.com\/tienda\/wp-json\/wp\/v2\/product"}],"about":[{"href":"https:\/\/www.zannasalud.com\/tienda\/wp-json\/wp\/v2\/types\/product"}],"wp:featuredmedia":[{"embeddable":true,"href":"https:\/\/www.zannasalud.com\/tienda\/wp-json\/wp\/v2\/media\/5050"}],"wp:attachment":[{"href":"https:\/\/www.zannasalud.com\/tienda\/wp-json\/wp\/v2\/media?parent=32104"}],"wp:term":[{"taxonomy":"product_brand","embeddable":true,"href":"https:\/\/www.zannasalud.com\/tienda\/wp-json\/wp\/v2\/product_brand?post=32104"},{"taxonomy":"product_cat","embeddable":true,"href":"https:\/\/www.zannasalud.com\/tienda\/wp-json\/wp\/v2\/product_cat?post=32104"},{"taxonomy":"product_tag","embeddable":true,"href":"https:\/\/www.zannasalud.com\/tienda\/wp-json\/wp\/v2\/product_tag?post=32104"}],"curies":[{"name":"wp","href":"https:\/\/api.w.org\/{rel}","templated":true}]}}