{"id":32083,"date":"2020-11-18T20:42:10","date_gmt":"2020-11-18T20:42:10","guid":{"rendered":"https:\/\/silver-louse-480719.hostingersite.com\/tienda\/producto\/ferula-de-dorsiflexion\/"},"modified":"2025-04-08T18:35:23","modified_gmt":"2025-04-08T18:35:23","slug":"ferula-de-dorsiflexion","status":"publish","type":"product","link":"https:\/\/www.zannasalud.com\/tienda\/producto\/ferula-de-dorsiflexion\/","title":{"rendered":"FERULA DE DORSIFLEXION"},"content":{"rendered":"<p>La ferula mas funcional para la mayoria de las afecciones de la mu\u00f1eca, especialmente para la par\u00e1lisis fl\u00e1ccida. Es muy adecuada como ferula basica en la que colocar soportes de extension de perfil bajo.<\/p>\n","protected":false},"excerpt":{"rendered":"<p>La ferula mas funcional para la mayoria de las afecciones de la mu\u00f1eca, especialmente para la par\u00e1lisis fl\u00e1ccida. Es muy adecuada como ferula basica en la que colocar soportes de extension de perfil bajo.<\/p>\n","protected":false},"featured_media":5053,"template":"","meta":{"_acf_changed":false,"content-type":""},"product_brand":[],"product_cat":[13352,13255,13349,13338,13347],"product_tag":[12011],"class_list":{"0":"post-32083","1":"product","2":"type-product","3":"status-publish","4":"has-post-thumbnail","6":"product_cat-ferulas-termoplasticas-precortadas","7":"product_cat-marca","8":"product_cat-orfit","9":"product_cat-terapia-para-miembro-superior","10":"product_cat-ferulaje","11":"product_tag-orfit","13":"first","14":"instock","15":"shipping-taxable","16":"purchasable","17":"product-type-variable"},"acf":[],"_links":{"self":[{"href":"https:\/\/www.zannasalud.com\/tienda\/wp-json\/wp\/v2\/product\/32083","targetHints":{"allow":["GET"]}}],"collection":[{"href":"https:\/\/www.zannasalud.com\/tienda\/wp-json\/wp\/v2\/product"}],"about":[{"href":"https:\/\/www.zannasalud.com\/tienda\/wp-json\/wp\/v2\/types\/product"}],"wp:featuredmedia":[{"embeddable":true,"href":"https:\/\/www.zannasalud.com\/tienda\/wp-json\/wp\/v2\/media\/5053"}],"wp:attachment":[{"href":"https:\/\/www.zannasalud.com\/tienda\/wp-json\/wp\/v2\/media?parent=32083"}],"wp:term":[{"taxonomy":"product_brand","embeddable":true,"href":"https:\/\/www.zannasalud.com\/tienda\/wp-json\/wp\/v2\/product_brand?post=32083"},{"taxonomy":"product_cat","embeddable":true,"href":"https:\/\/www.zannasalud.com\/tienda\/wp-json\/wp\/v2\/product_cat?post=32083"},{"taxonomy":"product_tag","embeddable":true,"href":"https:\/\/www.zannasalud.com\/tienda\/wp-json\/wp\/v2\/product_tag?post=32083"}],"curies":[{"name":"wp","href":"https:\/\/api.w.org\/{rel}","templated":true}]}}