{"id":31990,"date":"2020-11-18T20:41:24","date_gmt":"2020-11-18T20:41:24","guid":{"rendered":"https:\/\/silver-louse-480719.hostingersite.com\/tienda\/producto\/lamina-termoplastica-orfit-flex\/"},"modified":"2024-04-08T19:04:42","modified_gmt":"2024-04-08T19:04:42","slug":"lamina-termoplastica-orfit-flex","status":"publish","type":"product","link":"https:\/\/www.zannasalud.com\/tienda\/producto\/lamina-termoplastica-orfit-flex\/","title":{"rendered":"LAMINA TERMOPLASTICA ORFIT FLEX"},"content":{"rendered":"<p>ORFIT\u00aeFLEX se puede moldear facilmente, directamente y c\u00f3modamente sobre el paciente. Es un material fuerte y duradero que mantiene su forma perfectamente durante el tiempo necesario para el tratamiento. Es el material termopl\u00e1stico de ferulaje ideal y universal para la (in)movilizaci\u00f3n de manos y codos.<\/p>\n<p>ORFIT\u00aeFLEX se puede ajustar inmediatamente despu\u00e9s de calentarlo en el ba\u00f1omaria con una temperatura de 65\u00b0C como m\u00ednimo. Al moldearlo es muy flexible y el\u00e1stico a la vez. Un tiempo de enfriamiento prolongado permite darle la forma ideal en un solo paso. Para suavizar los bordes, se puede recalentar el material en la zona correspondiente y frotarlo con un dedo mojado. Puede remodelar la f\u00e9rula muy f\u00e1cilmente gracias a la memoria termopl\u00e1stica mediana. drivenbycare 29 Si e snecesario, puede ajustar los detalles finales usando una pistola de aire caliente. Puede pegar cinta de velcro usando tiras autoadhesivas. La f\u00e9rula queda lista en cinco minutos como m\u00e1ximo. <\/p>\n<p>La principal caracter\u00edstica de ORFIT\u00aeFLEX es que es muy f\u00e1cil de manejar y que se obtiene una f\u00e9rula de tacto suave y agradable.<\/p>\n<p>ORFIT\u00aeFLEX est\u00e1 fabricada de poli\u00e9ster. Esto hace que la sensibilidad a los rayos UVu a la humedad no sean ning\u00fan problema. El material termopl\u00e1stico se conserva perfectamente. No se decolora con el tiempo ni se ven huellas digitales.<\/p>\n<p>ORFIT\u00aeFLEXes pr\u00e1ctico,c\u00f3modo y est\u00e9tico. Como ve, la f\u00e9rula perfecta de tacto agradable y duradero se puede confeccionar en muy poco tiempo. Solamente hay que combinar el mejor dise\u00f1o posible con las excelentes propiedades del material. <\/p>\n<p>LAMINA DE 20 X 22.5cm X 2.4mm<\/p>\n","protected":false},"excerpt":{"rendered":"<p>ORFIT\u00aeFLEX se puede moldear facilmente, directamente y c\u00f3modamente sobre el paciente. Es un material fuerte y duradero que mantiene su forma perfectamente durante el tiempo necesario para el tratamiento. Es el material termopl\u00e1stico de ferulaje ideal y universal para la (in)movilizaci\u00f3n de manos y codos.<\/p>\n<p>ORFIT\u00aeFLEX se puede ajustar inmediatamente despu\u00e9s de calentarlo en el ba\u00f1omaria con una temperatura de 65\u00b0C como m\u00ednimo. Al moldearlo es muy flexible y el\u00e1stico a la vez. Un tiempo de enfriamiento prolongado permite darle la forma ideal en un solo paso. Para suavizar los bordes, se puede recalentar el material en la zona correspondiente y frotarlo con un dedo mojado. Puede remodelar la f\u00e9rula muy f\u00e1cilmente gracias a la memoria termopl\u00e1stica mediana. drivenbycare 29 Si e snecesario, puede ajustar los detalles finales usando una pistola de aire caliente. Puede pegar cinta de velcro usando tiras autoadhesivas. La f\u00e9rula queda lista en cinco minutos como m\u00e1ximo. <\/p>\n<p>La principal caracter\u00edstica de ORFIT\u00aeFLEX es que es muy f\u00e1cil de manejar y que se obtiene una f\u00e9rula de tacto suave y agradable.<\/p>\n<p>ORFIT\u00aeFLEX est\u00e1 fabricada de poli\u00e9ster. Esto hace que la sensibilidad a los rayos UVu a la humedad no sean ning\u00fan problema. El material termopl\u00e1stico se conserva perfectamente. No se decolora con el tiempo ni se ven huellas digitales.<\/p>\n<p>ORFIT\u00aeFLEXes pr\u00e1ctico,c\u00f3modo y est\u00e9tico. Como ve, la f\u00e9rula perfecta de tacto agradable y duradero se puede confeccionar en muy poco tiempo. Solamente hay que combinar el mejor dise\u00f1o posible con las excelentes propiedades del material. <\/p>\n<p>LAMINA DE 20 X 22.5cm X 2.4mm<\/p>\n","protected":false},"featured_media":11141,"template":"","meta":{"_acf_changed":false,"content-type":""},"product_brand":[],"product_cat":[13350,13255,13349,13338,13347],"product_tag":[12011],"class_list":{"0":"post-31990","1":"product","2":"type-product","3":"status-publish","4":"has-post-thumbnail","6":"product_cat-laminas-termoplasticas","7":"product_cat-marca","8":"product_cat-orfit","9":"product_cat-terapia-para-miembro-superior","10":"product_cat-ferulaje","11":"product_tag-orfit","13":"first","14":"instock","15":"shipping-taxable","16":"purchasable","17":"product-type-variable"},"acf":[],"_links":{"self":[{"href":"https:\/\/www.zannasalud.com\/tienda\/wp-json\/wp\/v2\/product\/31990","targetHints":{"allow":["GET"]}}],"collection":[{"href":"https:\/\/www.zannasalud.com\/tienda\/wp-json\/wp\/v2\/product"}],"about":[{"href":"https:\/\/www.zannasalud.com\/tienda\/wp-json\/wp\/v2\/types\/product"}],"wp:featuredmedia":[{"embeddable":true,"href":"https:\/\/www.zannasalud.com\/tienda\/wp-json\/wp\/v2\/media\/11141"}],"wp:attachment":[{"href":"https:\/\/www.zannasalud.com\/tienda\/wp-json\/wp\/v2\/media?parent=31990"}],"wp:term":[{"taxonomy":"product_brand","embeddable":true,"href":"https:\/\/www.zannasalud.com\/tienda\/wp-json\/wp\/v2\/product_brand?post=31990"},{"taxonomy":"product_cat","embeddable":true,"href":"https:\/\/www.zannasalud.com\/tienda\/wp-json\/wp\/v2\/product_cat?post=31990"},{"taxonomy":"product_tag","embeddable":true,"href":"https:\/\/www.zannasalud.com\/tienda\/wp-json\/wp\/v2\/product_tag?post=31990"}],"curies":[{"name":"wp","href":"https:\/\/api.w.org\/{rel}","templated":true}]}}