{"id":31985,"date":"2020-11-18T20:41:24","date_gmt":"2020-11-18T20:41:24","guid":{"rendered":"https:\/\/silver-louse-480719.hostingersite.com\/tienda\/producto\/lamina-orfit-crystal\/"},"modified":"2024-04-08T19:04:42","modified_gmt":"2024-04-08T19:04:42","slug":"lamina-orfit-crystal","status":"publish","type":"product","link":"https:\/\/www.zannasalud.com\/tienda\/producto\/lamina-orfit-crystal\/","title":{"rendered":"LAMINA ORFIT CRYSTAL"},"content":{"rendered":"<p>Caracter\u00edsticas:<br \/>\n\u2022 Temperaturade activaci\u00f3nbaja.<br \/>\n\u2022 Material transparente en temperatura ambiente.<br \/>\n\u2022 Suavey moldeable.<br \/>\n\u2022 Memoria el\u00e1stica excelente.<br \/>\n\u2022 Resistente al agua.<\/p>\n<p>Ventajas:<br \/>\n\u2022 Sin riesgo de quemar la piel. Se enfr\u00eda y endurece en algunos minutos.<br \/>\n\u2022 Permite observaci\u00f3n de la anatom\u00eda subyacente durante el moldeado.<br \/>\n\u2022 Se puede cortar con tijeras regulares sin calentamiento.<br \/>\n\u2022 Completamente remoldeable.<br \/>\n\u2022 F\u00e1cil de limpiar.<\/p>\n<p>Beneficios:<br \/>\n\u2022 Se enfr\u00eda en algunos minutos.<br \/>\n\u2022 \u00c1reas de presi\u00f3n son f\u00e1ciles de detectar y corregir.<br \/>\n\u2022 Sumamente c\u00f3modo.<br \/>\n\u2022 Correcciones en la posici\u00f3n y forma de la f\u00e9rula en funci\u00f3n de la evoludrivenbycare 15 evoluci\u00f3n del paciente se hacen de una manera f\u00e1cil.<br \/>\n\u2022 Menos perceptible que materiales opacos.<\/p>\n<p>Aplicaciones en f\u00e9rulas:<br \/>\n\u2022 Excelente para f\u00e9rulas circunferenciales ofreciendo una inmovilizaci\u00f3n suave.<br \/>\n\u2022 Ideal para f\u00e9rulas de tratamiento de cicatrices.<br \/>\n\u2022 F\u00e9rulas de correcci\u00f3n de artritis reumatoide.<br \/>\n\u2022 F\u00e9rulas para ruptura de ligamento y tend\u00f3n.<br \/>\n\u2022 Abrazaderas de deporte.<\/p>\n","protected":false},"excerpt":{"rendered":"<p>Caracter\u00edsticas:<br \/>\n\u2022 Temperaturade activaci\u00f3nbaja.<br \/>\n\u2022 Material transparente en temperatura ambiente.<br \/>\n\u2022 Suavey moldeable.<br \/>\n\u2022 Memoria el\u00e1stica excelente.<br \/>\n\u2022 Resistente al agua.<\/p>\n<p>Ventajas:<br \/>\n\u2022 Sin riesgo de quemar la piel. Se enfr\u00eda y endurece en algunos minutos.<br \/>\n\u2022 Permite observaci\u00f3n de la anatom\u00eda subyacente durante el moldeado.<br \/>\n\u2022 Se puede cortar con tijeras regulares sin calentamiento.<br \/>\n\u2022 Completamente remoldeable.<br \/>\n\u2022 F\u00e1cil de limpiar.<\/p>\n<p>Beneficios:<br \/>\n\u2022 Se enfr\u00eda en algunos minutos.<br \/>\n\u2022 \u00c1reas de presi\u00f3n son f\u00e1ciles de detectar y corregir.<br \/>\n\u2022 Sumamente c\u00f3modo.<br \/>\n\u2022 Correcciones en la posici\u00f3n y forma de la f\u00e9rula en funci\u00f3n de la evoludrivenbycare 15 evoluci\u00f3n del paciente se hacen de una manera f\u00e1cil.<br \/>\n\u2022 Menos perceptible que materiales opacos.<\/p>\n<p>Aplicaciones en f\u00e9rulas:<br \/>\n\u2022 Excelente para f\u00e9rulas circunferenciales ofreciendo una inmovilizaci\u00f3n suave.<br \/>\n\u2022 Ideal para f\u00e9rulas de tratamiento de cicatrices.<br \/>\n\u2022 F\u00e9rulas de correcci\u00f3n de artritis reumatoide.<br \/>\n\u2022 F\u00e9rulas para ruptura de ligamento y tend\u00f3n.<br \/>\n\u2022 Abrazaderas de deporte.<\/p>\n","protected":false},"featured_media":0,"template":"","meta":{"_acf_changed":false,"content-type":""},"product_brand":[],"product_cat":[13350,13255,13349,13338,13347],"product_tag":[12011],"class_list":{"0":"post-31985","1":"product","2":"type-product","3":"status-publish","5":"product_cat-laminas-termoplasticas","6":"product_cat-marca","7":"product_cat-orfit","8":"product_cat-terapia-para-miembro-superior","9":"product_cat-ferulaje","10":"product_tag-orfit","12":"first","13":"onbackorder","14":"shipping-taxable","15":"purchasable","16":"product-type-variable"},"acf":[],"_links":{"self":[{"href":"https:\/\/www.zannasalud.com\/tienda\/wp-json\/wp\/v2\/product\/31985","targetHints":{"allow":["GET"]}}],"collection":[{"href":"https:\/\/www.zannasalud.com\/tienda\/wp-json\/wp\/v2\/product"}],"about":[{"href":"https:\/\/www.zannasalud.com\/tienda\/wp-json\/wp\/v2\/types\/product"}],"wp:attachment":[{"href":"https:\/\/www.zannasalud.com\/tienda\/wp-json\/wp\/v2\/media?parent=31985"}],"wp:term":[{"taxonomy":"product_brand","embeddable":true,"href":"https:\/\/www.zannasalud.com\/tienda\/wp-json\/wp\/v2\/product_brand?post=31985"},{"taxonomy":"product_cat","embeddable":true,"href":"https:\/\/www.zannasalud.com\/tienda\/wp-json\/wp\/v2\/product_cat?post=31985"},{"taxonomy":"product_tag","embeddable":true,"href":"https:\/\/www.zannasalud.com\/tienda\/wp-json\/wp\/v2\/product_tag?post=31985"}],"curies":[{"name":"wp","href":"https:\/\/api.w.org\/{rel}","templated":true}]}}