{"id":31962,"date":"2020-11-18T20:41:14","date_gmt":"2020-11-18T20:41:14","guid":{"rendered":"https:\/\/silver-louse-480719.hostingersite.com\/tienda\/producto\/lamina-aquafit\/"},"modified":"2025-04-08T03:50:56","modified_gmt":"2025-04-08T03:50:56","slug":"lamina-aquafit","status":"publish","type":"product","link":"https:\/\/www.zannasalud.com\/tienda\/producto\/lamina-aquafit\/","title":{"rendered":"LAMINA AQUAFIT"},"content":{"rendered":"<p>Es una excelente opci\u00f3n para ortesis tanto grandes como peque\u00f1as, seg\u00fan el grosor que selecciones. Cuando se retira el recubrimiento, todos los accesorios se pueden adherir usando calor seco. Caracter\u00edsticas:<\/p>\n<p>Transparente cuando se activa.<br \/>\nExcelente elasticidad (1000 %) sin desgarros.<br \/>\nMaterial con recubrimiento antiadherente.<br \/>\nExcelente memoria el\u00e1stica (100 %).<br \/>\nF\u00e1cil de recortar en los bordes.<br \/>\nDisponible en versi\u00f3n de alta elasticidad (suave) y baja elasticidad (r\u00edgida).<br \/>\nFuncionamiento y apariencia<br \/>\nLa transparencia indica cu\u00e1ndo el material est\u00e1 listo para moldearse. Permite una alineaci\u00f3n adecuada y el monitoreo visual sobre puntos de referencia anat\u00f3micos. El moldeado muy preciso se ajusta a la anatom\u00eda del paciente, por ejemplo, en los arcos de la mano y el primer espacio interdigital. El moldeado exacto mejora la dispersi\u00f3n correcta de la presi\u00f3n sobre la piel. No hay adhesi\u00f3n accidental. El recubrimiento permite una uni\u00f3n temporal durante la fabricaci\u00f3n. Es posible una uni\u00f3n permanente y confiable despu\u00e9s de retirar el recubrimiento y usar calor seco. Todos los accesorios y soportes se pueden aplicar con la m\u00e1xima facilidad. Superficie blanca brillante y est\u00e9ticamente agradable. Evita que el material se adhiera a vendajes o forros de algod\u00f3n. Completamente remodelable y se puede ajustar f\u00e1cilmente despu\u00e9s de recalentar localmente, evitando el desperdicio de material. Comodidad extrema para el paciente. La versi\u00f3n suave tiene menos resistencia al estiramiento y mayor adaptabilidad. La versi\u00f3n r\u00edgida tiene mayor resistencia al estiramiento y menor adaptabilidad.<\/p>\n<p>Aplicaciones recomendadas<br \/>\nPotencial ilimitado para la fabricaci\u00f3n de ortesis de extremidades superiores e inferiores, desde muy grandes hasta muy peque\u00f1as.<\/p>\n<p>Suave: ortesis para dedos peque\u00f1os, ortesis de pulgar, ortesis de mano, mu\u00f1eca, mu\u00f1eca\/pulgar, ortesis de codo, collarines cervicales, ortesis para dedos de los pies.<br \/>\nR\u00edgida: ortesis grandes, ortesis largas para brazo, AFO (\u00f3rtesis de tobillo-pie) y f\u00e9rulas para fracturas (si se aplican de manera circunferencial).<br \/>\nEl recubrimiento antiadherente permite moldear directamente sobre vendajes y forros de algod\u00f3n en condiciones postquir\u00fargicas.<br \/>\nMaterial excelente para la fabricaci\u00f3n de m\u00e1scaras de presi\u00f3n con c\u00e1scara dura utilizadas para asegurar una excelente cicatrizaci\u00f3n de cicatrices en el tratamiento de pacientes quemados.<\/p>\n<p>&nbsp;<\/p>\n<p>&nbsp;<\/p>\n<p>&nbsp;<\/p>\n","protected":false},"excerpt":{"rendered":"<p>AQUAFIT NS son l\u00e1minas termopl\u00e1sticas desuperficie blanca y lisa. El material es adecuado para una amplia gama de ferulas.<\/p>\n","protected":false},"featured_media":11282,"template":"","meta":{"_acf_changed":false,"content-type":""},"product_brand":[],"product_cat":[13350,13255,13349,13338,13347],"product_tag":[12011],"class_list":{"0":"post-31962","1":"product","2":"type-product","3":"status-publish","4":"has-post-thumbnail","6":"product_cat-laminas-termoplasticas","7":"product_cat-marca","8":"product_cat-orfit","9":"product_cat-terapia-para-miembro-superior","10":"product_cat-ferulaje","11":"product_tag-orfit","13":"first","14":"instock","15":"shipping-taxable","16":"purchasable","17":"product-type-variable"},"acf":[],"_links":{"self":[{"href":"https:\/\/www.zannasalud.com\/tienda\/wp-json\/wp\/v2\/product\/31962","targetHints":{"allow":["GET"]}}],"collection":[{"href":"https:\/\/www.zannasalud.com\/tienda\/wp-json\/wp\/v2\/product"}],"about":[{"href":"https:\/\/www.zannasalud.com\/tienda\/wp-json\/wp\/v2\/types\/product"}],"wp:featuredmedia":[{"embeddable":true,"href":"https:\/\/www.zannasalud.com\/tienda\/wp-json\/wp\/v2\/media\/11282"}],"wp:attachment":[{"href":"https:\/\/www.zannasalud.com\/tienda\/wp-json\/wp\/v2\/media?parent=31962"}],"wp:term":[{"taxonomy":"product_brand","embeddable":true,"href":"https:\/\/www.zannasalud.com\/tienda\/wp-json\/wp\/v2\/product_brand?post=31962"},{"taxonomy":"product_cat","embeddable":true,"href":"https:\/\/www.zannasalud.com\/tienda\/wp-json\/wp\/v2\/product_cat?post=31962"},{"taxonomy":"product_tag","embeddable":true,"href":"https:\/\/www.zannasalud.com\/tienda\/wp-json\/wp\/v2\/product_tag?post=31962"}],"curies":[{"name":"wp","href":"https:\/\/api.w.org\/{rel}","templated":true}]}}