{"id":31952,"date":"2020-11-18T20:41:14","date_gmt":"2020-11-18T20:41:14","guid":{"rendered":"https:\/\/silver-louse-480719.hostingersite.com\/tienda\/producto\/lamina-orfilight\/"},"modified":"2025-04-07T23:03:55","modified_gmt":"2025-04-07T23:03:55","slug":"lamina-orfilight","status":"publish","type":"product","link":"https:\/\/www.zannasalud.com\/tienda\/producto\/lamina-orfilight\/","title":{"rendered":"LAMINA ORFILIGHT"},"content":{"rendered":"<p>Las laminas termoplasticas Orfilight NS est\u00e1n espec\u00edficamente dise\u00f1adas para ser m\u00e1s livianas y c\u00f3modas para el paciente.<\/p>\n<p>Caracter\u00edsticas<br \/>\nPesa un 25 a 30 % menos que otros materiales.<br \/>\nExcelente elasticidad, moderada memoria el\u00e1stica.<br \/>\nM\u00e1xima capacidad de estiramiento sin desgarros.<br \/>\nModerada memoria.<br \/>\nSuperficie suave al tacto, tipo terciopelo, y bordes f\u00e1ciles de recortar.<br \/>\nRecubrimiento antiadherente.<br \/>\nDisponible en formatos pre-cortados.<br \/>\nFuncionamiento y apariencia<br \/>\nCrea ortesis ligeras, incluso en dise\u00f1os de equipos muy grandes.<br \/>\nMoldeado f\u00e1cil de la ortesis a la anatom\u00eda del paciente.<br \/>\nF\u00e1cil de manejar y perfecto control del material durante el moldeado. Permite estirar suficientemente para posicionar el material correctamente y mantenerlo en su lugar durante la fabricaci\u00f3n de la f\u00e9rula.<br \/>\nEl material es completamente remodelable.<br \/>\nMayor comodidad para el paciente.<br \/>\nEl recubrimiento NS evita que el material se adhiera a vendajes o forros de algod\u00f3n.<br \/>\nAhorro de tiempo. Evita el desperdicio de material.<br \/>\nAplicaciones recomendadas<br \/>\nMaterial excelente para todo tipo de ortesis peque\u00f1as, medianas y grandes.<br \/>\nEspecialmente recomendado para pacientes con p\u00e9rdida de fuerza y\/o piel fr\u00e1gil y sensible, como personas mayores y tratamientos pedi\u00e1tricos o reum\u00e1ticos.<br \/>\nBase ligera para todos los accesorios.<br \/>\nMaterial ideal para fabricar ortesis postquir\u00fargicas.<\/p>\n","protected":false},"excerpt":{"rendered":"<p>Los productos Orfilight NS son materiales \u00fanicos para f\u00e9rulas, ligeros y con un recubrimiento antiadherente (NS).<\/p>\n","protected":false},"featured_media":11261,"template":"","meta":{"_acf_changed":false,"content-type":""},"product_brand":[],"product_cat":[13350,13255,13349,13338,13347],"product_tag":[12011],"class_list":{"0":"post-31952","1":"product","2":"type-product","3":"status-publish","4":"has-post-thumbnail","6":"product_cat-laminas-termoplasticas","7":"product_cat-marca","8":"product_cat-orfit","9":"product_cat-terapia-para-miembro-superior","10":"product_cat-ferulaje","11":"product_tag-orfit","13":"first","14":"instock","15":"shipping-taxable","16":"purchasable","17":"product-type-variable"},"acf":[],"_links":{"self":[{"href":"https:\/\/www.zannasalud.com\/tienda\/wp-json\/wp\/v2\/product\/31952","targetHints":{"allow":["GET"]}}],"collection":[{"href":"https:\/\/www.zannasalud.com\/tienda\/wp-json\/wp\/v2\/product"}],"about":[{"href":"https:\/\/www.zannasalud.com\/tienda\/wp-json\/wp\/v2\/types\/product"}],"wp:featuredmedia":[{"embeddable":true,"href":"https:\/\/www.zannasalud.com\/tienda\/wp-json\/wp\/v2\/media\/11261"}],"wp:attachment":[{"href":"https:\/\/www.zannasalud.com\/tienda\/wp-json\/wp\/v2\/media?parent=31952"}],"wp:term":[{"taxonomy":"product_brand","embeddable":true,"href":"https:\/\/www.zannasalud.com\/tienda\/wp-json\/wp\/v2\/product_brand?post=31952"},{"taxonomy":"product_cat","embeddable":true,"href":"https:\/\/www.zannasalud.com\/tienda\/wp-json\/wp\/v2\/product_cat?post=31952"},{"taxonomy":"product_tag","embeddable":true,"href":"https:\/\/www.zannasalud.com\/tienda\/wp-json\/wp\/v2\/product_tag?post=31952"}],"curies":[{"name":"wp","href":"https:\/\/api.w.org\/{rel}","templated":true}]}}