{"id":31891,"date":"2020-11-18T20:40:46","date_gmt":"2020-11-18T20:40:46","guid":{"rendered":"https:\/\/silver-louse-480719.hostingersite.com\/tienda\/producto\/bola-mini\/"},"modified":"2025-04-07T14:59:10","modified_gmt":"2025-04-07T14:59:10","slug":"bola-mini","status":"publish","type":"product","link":"https:\/\/www.zannasalud.com\/tienda\/producto\/bola-mini\/","title":{"rendered":"BOLA MINI"},"content":{"rendered":"<p>Pelota de pesas de ejercicio vers\u00e1til con superficie lisa pero flexible, de 3.5&#8243; de di\u00e1metro que cabe c\u00f3modamente en la palma de la mano<br \/>\nViene en pares, sostenga uno en cada mano para una resistencia adicional con un rango completo de movimiento<br \/>\nFabricado con PVC, relleno de arena de hierro ecol\u00f3gica, libre de l\u00e1tex<\/p>\n","protected":false},"excerpt":{"rendered":"<p>Bola para trabajo Sensorial y Masaje.<\/p>\n","protected":false},"featured_media":4353,"template":"","meta":{"_acf_changed":false,"content-type":""},"product_brand":[],"product_cat":[13339,13255,13400,13573,13338],"product_tag":[11871],"class_list":{"0":"post-31891","1":"product","2":"type-product","3":"status-publish","4":"has-post-thumbnail","6":"product_cat-ejercitadores-de-dedo-y-mano","7":"product_cat-marca","8":"product_cat-aeromats","9":"product_cat-peso","10":"product_cat-terapia-para-miembro-superior","11":"product_tag-aeromats","13":"first","14":"instock","15":"taxable","16":"shipping-taxable","17":"purchasable","18":"product-type-variable"},"acf":[],"_links":{"self":[{"href":"https:\/\/www.zannasalud.com\/tienda\/wp-json\/wp\/v2\/product\/31891","targetHints":{"allow":["GET"]}}],"collection":[{"href":"https:\/\/www.zannasalud.com\/tienda\/wp-json\/wp\/v2\/product"}],"about":[{"href":"https:\/\/www.zannasalud.com\/tienda\/wp-json\/wp\/v2\/types\/product"}],"wp:featuredmedia":[{"embeddable":true,"href":"https:\/\/www.zannasalud.com\/tienda\/wp-json\/wp\/v2\/media\/4353"}],"wp:attachment":[{"href":"https:\/\/www.zannasalud.com\/tienda\/wp-json\/wp\/v2\/media?parent=31891"}],"wp:term":[{"taxonomy":"product_brand","embeddable":true,"href":"https:\/\/www.zannasalud.com\/tienda\/wp-json\/wp\/v2\/product_brand?post=31891"},{"taxonomy":"product_cat","embeddable":true,"href":"https:\/\/www.zannasalud.com\/tienda\/wp-json\/wp\/v2\/product_cat?post=31891"},{"taxonomy":"product_tag","embeddable":true,"href":"https:\/\/www.zannasalud.com\/tienda\/wp-json\/wp\/v2\/product_tag?post=31891"}],"curies":[{"name":"wp","href":"https:\/\/api.w.org\/{rel}","templated":true}]}}