{"id":31855,"date":"2020-11-18T20:40:27","date_gmt":"2020-11-18T20:40:27","guid":{"rendered":"https:\/\/silver-louse-480719.hostingersite.com\/tienda\/producto\/pesa-ajustable-wavehealth\/"},"modified":"2024-04-08T19:04:40","modified_gmt":"2024-04-08T19:04:40","slug":"pesa-ajustable-wavehealth","status":"publish","type":"product","link":"https:\/\/www.zannasalud.com\/tienda\/producto\/pesa-ajustable-wavehealth\/","title":{"rendered":"PESA AJUSTABLE WAVEHEALTH"},"content":{"rendered":"<p>Durable, Ajustable por Peso. Ideal para Instituciones de alto trafico.FORRO EN LONA CODRA O MORRAL IMPERMEABLE. ANTIFLU\u00cdDO, BASE DE LONA, RECUBRIMIENTO EN PVC, QUE LO HACE IDEAL PARA RETENER L\u00cdQUIDOS. RETARDANTE AL FUEGO. MATERIAL SINT\u00c9TICO. F\u00c1CIL LIMPIEZA Y DESINFECCI\u00d3N. RESISTENTE A RASGADURAS.<\/p>\n<p>RELLENO: Hierro colado en presentaci\u00f3n de esferas o monedas. Resistente al desgaste, lo que permite conservar siempre su apariencia. Presenta niveles de toxicidad si es ingerido. Peso de alta densidad que permite agruparlo en bolsas de libra en espacios de 8 cm x 5 cm, facilitando la manipulaci\u00f3n por parte de la terapeuta, en caso de emplearse cada bolsa por aparte.<br \/>\nCORREA: Reata morral 1 \u00bc pulaga. Material polipropileno, 85 hilos, con velcro para asegurar y hebilla met\u00e1lica para evitar que se afloje.<\/p>\n","protected":false},"excerpt":{"rendered":"<p>Durable, Ajustable por Peso. Ideal para Instituciones de alto trafico.FORRO EN LONA CODRA O MORRAL IMPERMEABLE. ANTIFLU\u00cdDO, BASE DE LONA, RECUBRIMIENTO EN PVC, QUE LO HACE IDEAL PARA RETENER L\u00cdQUIDOS. RETARDANTE AL FUEGO. MATERIAL SINT\u00c9TICO. F\u00c1CIL LIMPIEZA Y DESINFECCI\u00d3N. RESISTENTE A RASGADURAS.<\/p>\n<p>RELLENO: Hierro colado en presentaci\u00f3n de esferas o monedas. Resistente al desgaste, lo que permite conservar siempre su apariencia. Presenta niveles de toxicidad si es ingerido. Peso de alta densidad que permite agruparlo en bolsas de libra en espacios de 8 cm x 5 cm, facilitando la manipulaci\u00f3n por parte de la terapeuta, en caso de emplearse cada bolsa por aparte.<br \/>\nCORREA: Reata morral 1 \u00bc pulaga. Material polipropileno, 85 hilos, con velcro para asegurar y hebilla met\u00e1lica para evitar que se afloje.<\/p>\n","protected":false},"featured_media":4697,"template":"","meta":{"_acf_changed":false,"content-type":""},"product_brand":[],"product_cat":[13339,13255,13381,13573,13338],"product_tag":[11948],"class_list":{"0":"post-31855","1":"product","2":"type-product","3":"status-publish","4":"has-post-thumbnail","6":"product_cat-ejercitadores-de-dedo-y-mano","7":"product_cat-marca","8":"product_cat-sportiva","9":"product_cat-peso","10":"product_cat-terapia-para-miembro-superior","11":"product_tag-sportiva","13":"first","14":"onbackorder","15":"taxable","16":"shipping-taxable","17":"purchasable","18":"product-type-variable"},"acf":[],"_links":{"self":[{"href":"https:\/\/www.zannasalud.com\/tienda\/wp-json\/wp\/v2\/product\/31855","targetHints":{"allow":["GET"]}}],"collection":[{"href":"https:\/\/www.zannasalud.com\/tienda\/wp-json\/wp\/v2\/product"}],"about":[{"href":"https:\/\/www.zannasalud.com\/tienda\/wp-json\/wp\/v2\/types\/product"}],"wp:featuredmedia":[{"embeddable":true,"href":"https:\/\/www.zannasalud.com\/tienda\/wp-json\/wp\/v2\/media\/4697"}],"wp:attachment":[{"href":"https:\/\/www.zannasalud.com\/tienda\/wp-json\/wp\/v2\/media?parent=31855"}],"wp:term":[{"taxonomy":"product_brand","embeddable":true,"href":"https:\/\/www.zannasalud.com\/tienda\/wp-json\/wp\/v2\/product_brand?post=31855"},{"taxonomy":"product_cat","embeddable":true,"href":"https:\/\/www.zannasalud.com\/tienda\/wp-json\/wp\/v2\/product_cat?post=31855"},{"taxonomy":"product_tag","embeddable":true,"href":"https:\/\/www.zannasalud.com\/tienda\/wp-json\/wp\/v2\/product_tag?post=31855"}],"curies":[{"name":"wp","href":"https:\/\/api.w.org\/{rel}","templated":true}]}}