{"id":31761,"date":"2020-11-18T20:39:38","date_gmt":"2020-11-18T20:39:38","guid":{"rendered":"https:\/\/silver-louse-480719.hostingersite.com\/tienda\/producto\/tyromotion-pablo-ref-zatyp-500\/"},"modified":"2024-04-08T19:04:38","modified_gmt":"2024-04-08T19:04:38","slug":"tyromotion-pablo-ref-zatyp-500","status":"publish","type":"product","link":"https:\/\/www.zannasalud.com\/tienda\/producto\/tyromotion-pablo-ref-zatyp-500\/","title":{"rendered":"TYROMOTION PABLO\u00ae REF. ZATYP.500"},"content":{"rendered":"<p>El sistema Pablo\u00ae abre nuevas perspectivas y las variaciones en la rehabilitaci\u00f3n motora a nivel funcional y de actividad. <\/p>\n<p>Soluciones del sistema incluyen:<br \/>\nMango sensor Pablo\u00ae permite la medici\u00f3n de la fuerza en todas las formas de sujeci\u00f3n tales. Como Zylindergriff- y el agarre de pinza. Incorporado sensores de posici\u00f3n, el dispositivo tambi\u00e9n mide la amplitud de movimiento del brazo.<br \/>\nEl mango del sensor Pablo\u00ae debe conectarse al puerto USB de un PC o port\u00e1til. Pablo\u00ae pronaci\u00f3n formaci\u00f3n multiball y supinaci\u00f3n del antebrazo y la extensi\u00f3n y flexi\u00f3n de la mu\u00f1eca. Proporciona en una fase temprana de la rehabilitaci\u00f3n tales. Como en aplicaciones espec\u00edficas hemiparesia fl\u00e1cidos en la extremidad superior.<br \/>\nPablo\u00ae Multiboard utiliza para repetitivos Be\u00fcben articulaciones \u00fanicas y m\u00faltiples de la extremidad afectada distal o proximal a uno u otro enfoque.<\/p>\n<p>REHABILITACI\u00d3N mano-brazo Extremadamente dise\u00f1ado compacto y pr\u00e1ctico, que integra un sistema de Pablo\u00ae conjunto de opciones para apoyar a los pacientes con trastornos motores de las manos o los brazos en su movimiento. Desarrollado en colaboraci\u00f3n con m\u00e9dicos y terapeutas, el sistema Pablo\u00ae es una soluci\u00f3n que combina la medici\u00f3n y la terapia.<br \/>\nEl sistema Pablo\u00ae proporciona intervenci\u00f3n terap\u00e9utica en profundidad sobre el nivel funcional y la actividad, y es ideal para papeler\u00eda, as\u00ed como pacientes externos y el hogar tratamiento de adultos y ni\u00f1os con deficiencias motoras tambi\u00e9n inducidas neurol\u00f3gicos y ortop\u00e9dicos. En este punto, el novato de software com\u00fan refleja? S resisten. A medida que el coraz\u00f3n del sistema, el software terap\u00e9uticamente coordinada ofrece ejercicios espec\u00edficos con Pablo\u00ae y una presentaci\u00f3n de informes y la documentaci\u00f3n para fines terap\u00e9uticos. Juegos interactivos hacen terapia sistema Pablo\u00ae a un sistema de medici\u00f3n y tratamiento motivacional.<\/p>\n<p>5 BENEFICIOS DE UNA SOLA FUENTE: Con base en los hallazgos neurocient\u00edficos recientes, Neurol\u00f3gica y alteraciones motoras relacionadas ortop\u00e9dica son tratables, Adecuado para hospitalaria, ambulatoria y terapia en el hogar. M\u00f3dulos de terapia emocionantes y motivadoras, Adecuado para ni\u00f1os y adultos <\/p>\n<p>5 VENTAJAS A LA VISTA:<br \/>\n1 F\u00e1cil de usar debido al software compartido, esto permite periodos de introducci\u00f3n cortos.<br \/>\n2 Pueden realizarse mediciones y\/o terapias est\u00e1ticas y din\u00e1micas.<br \/>\n3 Pueden usarse para terapia a pacientes internados, ambulatorios y dom\u00e9sticos.<br \/>\n4 Opciones de aplicaci\u00f3n muy flexible para las extremidades superiores e inferiores.<br \/>\n5 Las evaluaciones bien concebidas, las terapias interactivas y un sistema de reporte y documentaci\u00f3n bien fundamentado.<\/p>\n","protected":false},"excerpt":{"rendered":"<p>El sistema Pablo\u00ae abre nuevas perspectivas y las variaciones en la rehabilitaci\u00f3n motora a nivel funcional y de actividad. <\/p>\n<p>Soluciones del sistema incluyen:<br \/>\nMango sensor Pablo\u00ae permite la medici\u00f3n de la fuerza en todas las formas de sujeci\u00f3n tales. Como Zylindergriff- y el agarre de pinza. Incorporado sensores de posici\u00f3n, el dispositivo tambi\u00e9n mide la amplitud de movimiento del brazo.<br \/>\nEl mango del sensor Pablo\u00ae debe conectarse al puerto USB de un PC o port\u00e1til. Pablo\u00ae pronaci\u00f3n formaci\u00f3n multiball y supinaci\u00f3n del antebrazo y la extensi\u00f3n y flexi\u00f3n de la mu\u00f1eca. Proporciona en una fase temprana de la rehabilitaci\u00f3n tales. Como en aplicaciones espec\u00edficas hemiparesia fl\u00e1cidos en la extremidad superior.<br \/>\nPablo\u00ae Multiboard utiliza para repetitivos Be\u00fcben articulaciones \u00fanicas y m\u00faltiples de la extremidad afectada distal o proximal a uno u otro enfoque.<\/p>\n<p>REHABILITACI\u00d3N mano-brazo Extremadamente dise\u00f1ado compacto y pr\u00e1ctico, que integra un sistema de Pablo\u00ae conjunto de opciones para apoyar a los pacientes con trastornos motores de las manos o los brazos en su movimiento. Desarrollado en colaboraci\u00f3n con m\u00e9dicos y terapeutas, el sistema Pablo\u00ae es una soluci\u00f3n que combina la medici\u00f3n y la terapia.<br \/>\nEl sistema Pablo\u00ae proporciona intervenci\u00f3n terap\u00e9utica en profundidad sobre el nivel funcional y la actividad, y es ideal para papeler\u00eda, as\u00ed como pacientes externos y el hogar tratamiento de adultos y ni\u00f1os con deficiencias motoras tambi\u00e9n inducidas neurol\u00f3gicos y ortop\u00e9dicos. En este punto, el novato de software com\u00fan refleja? S resisten. A medida que el coraz\u00f3n del sistema, el software terap\u00e9uticamente coordinada ofrece ejercicios espec\u00edficos con Pablo\u00ae y una presentaci\u00f3n de informes y la documentaci\u00f3n para fines terap\u00e9uticos. Juegos interactivos hacen terapia sistema Pablo\u00ae a un sistema de medici\u00f3n y tratamiento motivacional.<\/p>\n<p>5 BENEFICIOS DE UNA SOLA FUENTE: Con base en los hallazgos neurocient\u00edficos recientes, Neurol\u00f3gica y alteraciones motoras relacionadas ortop\u00e9dica son tratables, Adecuado para hospitalaria, ambulatoria y terapia en el hogar. M\u00f3dulos de terapia emocionantes y motivadoras, Adecuado para ni\u00f1os y adultos <\/p>\n<p>5 VENTAJAS A LA VISTA:<br \/>\n1 F\u00e1cil de usar debido al software compartido, esto permite periodos de introducci\u00f3n cortos.<br \/>\n2 Pueden realizarse mediciones y\/o terapias est\u00e1ticas y din\u00e1micas.<br \/>\n3 Pueden usarse para terapia a pacientes internados, ambulatorios y dom\u00e9sticos.<br \/>\n4 Opciones de aplicaci\u00f3n muy flexible para las extremidades superiores e inferiores.<br \/>\n5 Las evaluaciones bien concebidas, las terapias interactivas y un sistema de reporte y documentaci\u00f3n bien fundamentado.<\/p>\n","protected":false},"featured_media":5039,"template":"","meta":{"_acf_changed":false,"content-type":""},"product_brand":[],"product_cat":[13329,13255,13337,13334],"product_tag":[11893],"class_list":{"0":"post-31761","1":"product","2":"type-product","3":"status-publish","4":"has-post-thumbnail","6":"product_cat-entrenamiento-con-alta-tecnologia-y-virtual","7":"product_cat-marca","8":"product_cat-tyromotion","9":"product_cat-robotica","10":"product_tag-tyromotion","12":"first","13":"onbackorder","14":"taxable","15":"shipping-taxable","16":"purchasable","17":"product-type-variable"},"acf":[],"_links":{"self":[{"href":"https:\/\/www.zannasalud.com\/tienda\/wp-json\/wp\/v2\/product\/31761","targetHints":{"allow":["GET"]}}],"collection":[{"href":"https:\/\/www.zannasalud.com\/tienda\/wp-json\/wp\/v2\/product"}],"about":[{"href":"https:\/\/www.zannasalud.com\/tienda\/wp-json\/wp\/v2\/types\/product"}],"wp:featuredmedia":[{"embeddable":true,"href":"https:\/\/www.zannasalud.com\/tienda\/wp-json\/wp\/v2\/media\/5039"}],"wp:attachment":[{"href":"https:\/\/www.zannasalud.com\/tienda\/wp-json\/wp\/v2\/media?parent=31761"}],"wp:term":[{"taxonomy":"product_brand","embeddable":true,"href":"https:\/\/www.zannasalud.com\/tienda\/wp-json\/wp\/v2\/product_brand?post=31761"},{"taxonomy":"product_cat","embeddable":true,"href":"https:\/\/www.zannasalud.com\/tienda\/wp-json\/wp\/v2\/product_cat?post=31761"},{"taxonomy":"product_tag","embeddable":true,"href":"https:\/\/www.zannasalud.com\/tienda\/wp-json\/wp\/v2\/product_tag?post=31761"}],"curies":[{"name":"wp","href":"https:\/\/api.w.org\/{rel}","templated":true}]}}