{"id":31731,"date":"2020-11-18T20:39:28","date_gmt":"2020-11-18T20:39:28","guid":{"rendered":"https:\/\/silver-louse-480719.hostingersite.com\/tienda\/producto\/virtual-triage-programa-online-licencia\/"},"modified":"2024-04-08T19:04:38","modified_gmt":"2024-04-08T19:04:38","slug":"virtual-triage-programa-online-licencia","status":"publish","type":"product","link":"https:\/\/www.zannasalud.com\/tienda\/producto\/virtual-triage-programa-online-licencia\/","title":{"rendered":"VIRTUAL TRIAGE PROGRAMA ONLINE LICENCIA"},"content":{"rendered":"<p>\u2022M\u00e9todo intuitivo y altamente pr\u00e1ctico que facilita la asimilaci\u00f3n progresiva del m\u00e9todo de Triage hasta crear en el usurario un procedimiento de actuaci\u00f3n mec\u00e1nica e inmediata.<br \/>\n\u2022Aprendizaje bajo estr\u00e9s para una mayor preparaci\u00f3n.<br \/>\n\u2022Gestiona gran cantidad de usuarios con un m\u00ednimo mantenimiento.<br \/>\n\u2022Sistema de formaci\u00f3n online: contenidos te\u00f3ricos, acceso alsistema de casos pr\u00e1cticos y examen final.<\/p>\n","protected":false},"excerpt":{"rendered":"<p>\u2022M\u00e9todo intuitivo y altamente pr\u00e1ctico que facilita la asimilaci\u00f3n progresiva del m\u00e9todo de Triage hasta crear en el usurario un procedimiento de actuaci\u00f3n mec\u00e1nica e inmediata.<br \/>\n\u2022Aprendizaje bajo estr\u00e9s para una mayor preparaci\u00f3n.<br \/>\n\u2022Gestiona gran cantidad de usuarios con un m\u00ednimo mantenimiento.<br \/>\n\u2022Sistema de formaci\u00f3n online: contenidos te\u00f3ricos, acceso alsistema de casos pr\u00e1cticos y examen final.<\/p>\n","protected":false},"featured_media":9674,"template":"","meta":{"_acf_changed":false,"content-type":""},"product_brand":[],"product_cat":[13329,13330,13255,13331],"product_tag":[11890],"class_list":{"0":"post-31731","1":"product","2":"type-product","3":"status-publish","4":"has-post-thumbnail","6":"product_cat-entrenamiento-con-alta-tecnologia-y-virtual","7":"product_cat-entrenamiento-y-rehabilitacion-virtual","8":"product_cat-marca","9":"product_cat-virtualware","10":"product_tag-virtualware","12":"first","13":"onbackorder","14":"taxable","15":"shipping-taxable","16":"purchasable","17":"product-type-variable"},"acf":[],"_links":{"self":[{"href":"https:\/\/www.zannasalud.com\/tienda\/wp-json\/wp\/v2\/product\/31731","targetHints":{"allow":["GET"]}}],"collection":[{"href":"https:\/\/www.zannasalud.com\/tienda\/wp-json\/wp\/v2\/product"}],"about":[{"href":"https:\/\/www.zannasalud.com\/tienda\/wp-json\/wp\/v2\/types\/product"}],"wp:featuredmedia":[{"embeddable":true,"href":"https:\/\/www.zannasalud.com\/tienda\/wp-json\/wp\/v2\/media\/9674"}],"wp:attachment":[{"href":"https:\/\/www.zannasalud.com\/tienda\/wp-json\/wp\/v2\/media?parent=31731"}],"wp:term":[{"taxonomy":"product_brand","embeddable":true,"href":"https:\/\/www.zannasalud.com\/tienda\/wp-json\/wp\/v2\/product_brand?post=31731"},{"taxonomy":"product_cat","embeddable":true,"href":"https:\/\/www.zannasalud.com\/tienda\/wp-json\/wp\/v2\/product_cat?post=31731"},{"taxonomy":"product_tag","embeddable":true,"href":"https:\/\/www.zannasalud.com\/tienda\/wp-json\/wp\/v2\/product_tag?post=31731"}],"curies":[{"name":"wp","href":"https:\/\/api.w.org\/{rel}","templated":true}]}}