{"id":31706,"date":"2020-11-18T20:39:09","date_gmt":"2020-11-18T20:39:09","guid":{"rendered":"https:\/\/silver-louse-480719.hostingersite.com\/tienda\/producto\/massage-roll-aeromats\/"},"modified":"2025-04-11T16:39:42","modified_gmt":"2025-04-11T16:39:42","slug":"massage-roll-aeromats","status":"publish","type":"product","link":"https:\/\/www.zannasalud.com\/tienda\/producto\/massage-roll-aeromats\/","title":{"rendered":"MASSAGE ROLL AEROMATS"},"content":{"rendered":"<p>Forma cil\u00edndrica con un dise\u00f1o \u00fanico. Rodando a lo largo del \u00e1rea del m\u00fasculo para relajarse despu\u00e9s del ejercicio muscular. 16cm<\/p>\n<p>Bolas de masaje ideales para la estimulaci\u00f3n muscular en dedos, piernas, pies, espalda y m\u00e1s;<br \/>\nEl dise\u00f1o inflable ofrece varias firmezas;<br \/>\nDisponible en dos texturas de n\u00f3dulos: puntiaguda y redonda;<br \/>\nFabricado con PVC, libre de l\u00e1tex, la bomba de aguja se vende por separado<\/p>\n","protected":false},"excerpt":{"rendered":"<p>Bola Texturizada para trabajo Sensorial y Masaje.<\/p>\n","protected":false},"featured_media":10799,"template":"","meta":{"_acf_changed":false,"content-type":""},"product_brand":[],"product_cat":[13255,13400,13325,13322,13252],"product_tag":[11871],"class_list":{"0":"post-31706","1":"product","2":"type-product","3":"status-publish","4":"has-post-thumbnail","6":"product_cat-marca","7":"product_cat-aeromats","8":"product_cat-masajeadores-manuales","9":"product_cat-masajes-y-bienestar","10":"product_cat-modalidades","11":"product_tag-aeromats","13":"first","14":"onbackorder","15":"taxable","16":"shipping-taxable","17":"purchasable","18":"product-type-variable"},"acf":[],"_links":{"self":[{"href":"https:\/\/www.zannasalud.com\/tienda\/wp-json\/wp\/v2\/product\/31706","targetHints":{"allow":["GET"]}}],"collection":[{"href":"https:\/\/www.zannasalud.com\/tienda\/wp-json\/wp\/v2\/product"}],"about":[{"href":"https:\/\/www.zannasalud.com\/tienda\/wp-json\/wp\/v2\/types\/product"}],"wp:featuredmedia":[{"embeddable":true,"href":"https:\/\/www.zannasalud.com\/tienda\/wp-json\/wp\/v2\/media\/10799"}],"wp:attachment":[{"href":"https:\/\/www.zannasalud.com\/tienda\/wp-json\/wp\/v2\/media?parent=31706"}],"wp:term":[{"taxonomy":"product_brand","embeddable":true,"href":"https:\/\/www.zannasalud.com\/tienda\/wp-json\/wp\/v2\/product_brand?post=31706"},{"taxonomy":"product_cat","embeddable":true,"href":"https:\/\/www.zannasalud.com\/tienda\/wp-json\/wp\/v2\/product_cat?post=31706"},{"taxonomy":"product_tag","embeddable":true,"href":"https:\/\/www.zannasalud.com\/tienda\/wp-json\/wp\/v2\/product_tag?post=31706"}],"curies":[{"name":"wp","href":"https:\/\/api.w.org\/{rel}","templated":true}]}}