{"id":31687,"date":"2020-11-18T20:39:00","date_gmt":"2020-11-18T20:39:00","guid":{"rendered":"https:\/\/silver-louse-480719.hostingersite.com\/tienda\/producto\/unidad-refrigeracion-whitehall\/"},"modified":"2024-04-08T19:04:38","modified_gmt":"2024-04-08T19:04:38","slug":"unidad-refrigeracion-whitehall","status":"publish","type":"product","link":"https:\/\/www.zannasalud.com\/tienda\/producto\/unidad-refrigeracion-whitehall\/","title":{"rendered":"UNIDAD REFRIGERACI\u00d3N WHITEHALL"},"content":{"rendered":"<p>Glaciar Freeze proporciona un almacenamiento conveniente y confiable para todos los paquetes de Glacier. Est\u00e1 dise\u00f1ado para mantenerlos correctamente almacenados y listos para usar. Cada unidad viene con estantes en acero inoxidable para 12 paquetes est\u00e1ndar glaciar y un compartimiento moldeado para Copas hielo CUPS (no incluido), que se utilizan para Cryoterapia. Los Paquetes de gran tama\u00f1o se almacenan f\u00e1cilmente en el estante inferior.<\/p>\n<p>Detalles Del Producto:<br \/>\nAdecuada para: Podolog\u00eda, Terapia mano, Preparador F\u00edsico, Terapia F\u00edsica, Terapia Ocupacional, quiropr\u00e1ctica, atenci\u00f3n a largo plazo.<\/p>\n","protected":false},"excerpt":{"rendered":"<p>Glaciar Freeze proporciona un almacenamiento conveniente y confiable para todos los paquetes de Glacier. Est\u00e1 dise\u00f1ado para mantenerlos correctamente almacenados y listos para usar. Cada unidad viene con estantes en acero inoxidable para 12 paquetes est\u00e1ndar glaciar y un compartimiento moldeado para Copas hielo CUPS (no incluido), que se utilizan para Cryoterapia. Los Paquetes de gran tama\u00f1o se almacenan f\u00e1cilmente en el estante inferior.<\/p>\n<p>Detalles Del Producto:<br \/>\nAdecuada para:  Podolog\u00eda, Terapia mano, Preparador F\u00edsico, Terapia F\u00edsica, Terapia Ocupacional, quiropr\u00e1ctica, atenci\u00f3n a largo plazo<\/p>\n","protected":false},"featured_media":4463,"template":"","meta":{"_acf_changed":false,"content-type":""},"product_brand":[],"product_cat":[13255,13275,13252,13318,13314],"product_tag":[11840],"class_list":{"0":"post-31687","1":"product","2":"type-product","3":"status-publish","4":"has-post-thumbnail","6":"product_cat-marca","7":"product_cat-whitehall","8":"product_cat-modalidades","9":"product_cat-neveras","10":"product_cat-terapia-de-frio-y-calor","11":"product_tag-whitehall","13":"first","14":"onbackorder","15":"taxable","16":"shipping-taxable","17":"purchasable","18":"product-type-variable"},"acf":[],"_links":{"self":[{"href":"https:\/\/www.zannasalud.com\/tienda\/wp-json\/wp\/v2\/product\/31687","targetHints":{"allow":["GET"]}}],"collection":[{"href":"https:\/\/www.zannasalud.com\/tienda\/wp-json\/wp\/v2\/product"}],"about":[{"href":"https:\/\/www.zannasalud.com\/tienda\/wp-json\/wp\/v2\/types\/product"}],"wp:featuredmedia":[{"embeddable":true,"href":"https:\/\/www.zannasalud.com\/tienda\/wp-json\/wp\/v2\/media\/4463"}],"wp:attachment":[{"href":"https:\/\/www.zannasalud.com\/tienda\/wp-json\/wp\/v2\/media?parent=31687"}],"wp:term":[{"taxonomy":"product_brand","embeddable":true,"href":"https:\/\/www.zannasalud.com\/tienda\/wp-json\/wp\/v2\/product_brand?post=31687"},{"taxonomy":"product_cat","embeddable":true,"href":"https:\/\/www.zannasalud.com\/tienda\/wp-json\/wp\/v2\/product_cat?post=31687"},{"taxonomy":"product_tag","embeddable":true,"href":"https:\/\/www.zannasalud.com\/tienda\/wp-json\/wp\/v2\/product_tag?post=31687"}],"curies":[{"name":"wp","href":"https:\/\/api.w.org\/{rel}","templated":true}]}}