{"id":31675,"date":"2020-11-18T20:39:00","date_gmt":"2020-11-18T20:39:00","guid":{"rendered":"https:\/\/silver-louse-480719.hostingersite.com\/tienda\/producto\/paquete-frio-wavehealth\/"},"modified":"2024-04-08T19:04:37","modified_gmt":"2024-04-08T19:04:37","slug":"paquete-frio-wavehealth","status":"publish","type":"product","link":"https:\/\/www.zannasalud.com\/tienda\/producto\/paquete-frio-wavehealth\/","title":{"rendered":"PAQUETE FRIO WAVEHEALTH"},"content":{"rendered":"<p>Paquete frio innovador. Es reutilizable y no necesita de covertores de toalla para ser usado directamente sobre la piel. Relleno de un innovador gel para mayor concentracion de frio. Seguro y f\u00e1cil de usar. Esta almohadilla absorbente no es libre de condensaci\u00f3n. Se mantienen seco, suave y flexible durante el tratamiento. Su cubierta esta hecha de poli\u00e9ster uretano, que permite la aplicaci\u00f3n directa sobre la piel. Coloque la almohadilla en el congelador durante dos horas, luego remuevalo y apliquelo sobre la zona afectada durante 30 minutos. Tama\u00f1o 25 X 30 cms<\/p>\n","protected":false},"excerpt":{"rendered":"<p>Paquete frio innovador. Es reutilizable y no necesita de covertores de toalla para ser usado directamente sobre la piel. Relleno de un innovador gel para mayor concentracion de frio. Seguro y f\u00e1cil de usar. Esta almohadillas absorbente no es libre de condensaci\u00f3n. Se mantienen seco, suave y flexible durante el tratamiento. Su cubierta esta hecha de poli\u00e9ster uretano, que permite la aplicaci\u00f3n directa sobre la piel. Coloque la almohadilla en el congelador durante dos horas, luego remuevalo y apliquelo sobre la zona afectada durante 30 minutos. <\/p>\n<p>Tama\u00f1o 25 X 30 cms<\/p>\n","protected":false},"featured_media":4481,"template":"","meta":{"_acf_changed":false,"content-type":""},"product_brand":[],"product_cat":[13255,13269,13252,13312,13314],"product_tag":[11698],"class_list":{"0":"post-31675","1":"product","2":"type-product","3":"status-publish","4":"has-post-thumbnail","6":"product_cat-marca","7":"product_cat-wavehealth","8":"product_cat-modalidades","9":"product_cat-paquetes-de-frio","10":"product_cat-terapia-de-frio-y-calor","11":"product_tag-wavehealth","13":"first","14":"onbackorder","15":"shipping-taxable","16":"purchasable","17":"product-type-variable"},"acf":[],"_links":{"self":[{"href":"https:\/\/www.zannasalud.com\/tienda\/wp-json\/wp\/v2\/product\/31675","targetHints":{"allow":["GET"]}}],"collection":[{"href":"https:\/\/www.zannasalud.com\/tienda\/wp-json\/wp\/v2\/product"}],"about":[{"href":"https:\/\/www.zannasalud.com\/tienda\/wp-json\/wp\/v2\/types\/product"}],"wp:featuredmedia":[{"embeddable":true,"href":"https:\/\/www.zannasalud.com\/tienda\/wp-json\/wp\/v2\/media\/4481"}],"wp:attachment":[{"href":"https:\/\/www.zannasalud.com\/tienda\/wp-json\/wp\/v2\/media?parent=31675"}],"wp:term":[{"taxonomy":"product_brand","embeddable":true,"href":"https:\/\/www.zannasalud.com\/tienda\/wp-json\/wp\/v2\/product_brand?post=31675"},{"taxonomy":"product_cat","embeddable":true,"href":"https:\/\/www.zannasalud.com\/tienda\/wp-json\/wp\/v2\/product_cat?post=31675"},{"taxonomy":"product_tag","embeddable":true,"href":"https:\/\/www.zannasalud.com\/tienda\/wp-json\/wp\/v2\/product_tag?post=31675"}],"curies":[{"name":"wp","href":"https:\/\/api.w.org\/{rel}","templated":true}]}}