{"id":31536,"date":"2020-11-18T20:37:45","date_gmt":"2020-11-18T20:37:45","guid":{"rendered":"https:\/\/silver-louse-480719.hostingersite.com\/tienda\/producto\/tanque-de-hidroterapia-hydrojet\/"},"modified":"2024-04-08T19:04:36","modified_gmt":"2024-04-08T19:04:36","slug":"tanque-de-hidroterapia-hydrojet","status":"publish","type":"product","link":"https:\/\/www.zannasalud.com\/tienda\/producto\/tanque-de-hidroterapia-hydrojet\/","title":{"rendered":"TANQUE DE HIDROTERAPIA HYDROJET"},"content":{"rendered":"<p>Su moderno dise\u00f1o y fabricaci\u00f3n ergon\u00f3mica contribuye a que el paciente se relaje y a brindar un tratamiento m\u00e1s eficiente. Esta tina de baja capacidad permite un uso m\u00e1s econ\u00f3mico del equipo. <\/p>\n<p>GARANTIA 2 A\u00d1OS<\/p>\n","protected":false},"excerpt":{"rendered":"<p>La tina m\u00e9dica T-MP se emplea en los ba\u00f1os m\u00e9dicos: ba\u00f1os de perla, Aromoterapia.<\/p>\n","protected":false},"featured_media":3972,"template":"","meta":{"_acf_changed":false,"content-type":""},"product_brand":[],"product_cat":[13299,13255,13301,13252,13300],"product_tag":[11803],"class_list":{"0":"post-31536","1":"product","2":"type-product","3":"status-publish","4":"has-post-thumbnail","6":"product_cat-hydroterapia","7":"product_cat-marca","8":"product_cat-technomex","9":"product_cat-modalidades","10":"product_cat-tanques-y-baneras","11":"product_tag-technomex","13":"first","14":"onbackorder","15":"taxable","16":"shipping-taxable","17":"purchasable","18":"product-type-variable"},"acf":[],"_links":{"self":[{"href":"https:\/\/www.zannasalud.com\/tienda\/wp-json\/wp\/v2\/product\/31536","targetHints":{"allow":["GET"]}}],"collection":[{"href":"https:\/\/www.zannasalud.com\/tienda\/wp-json\/wp\/v2\/product"}],"about":[{"href":"https:\/\/www.zannasalud.com\/tienda\/wp-json\/wp\/v2\/types\/product"}],"wp:featuredmedia":[{"embeddable":true,"href":"https:\/\/www.zannasalud.com\/tienda\/wp-json\/wp\/v2\/media\/3972"}],"wp:attachment":[{"href":"https:\/\/www.zannasalud.com\/tienda\/wp-json\/wp\/v2\/media?parent=31536"}],"wp:term":[{"taxonomy":"product_brand","embeddable":true,"href":"https:\/\/www.zannasalud.com\/tienda\/wp-json\/wp\/v2\/product_brand?post=31536"},{"taxonomy":"product_cat","embeddable":true,"href":"https:\/\/www.zannasalud.com\/tienda\/wp-json\/wp\/v2\/product_cat?post=31536"},{"taxonomy":"product_tag","embeddable":true,"href":"https:\/\/www.zannasalud.com\/tienda\/wp-json\/wp\/v2\/product_tag?post=31536"}],"curies":[{"name":"wp","href":"https:\/\/api.w.org\/{rel}","templated":true}]}}