{"id":31524,"date":"2020-11-18T20:37:36","date_gmt":"2020-11-18T20:37:36","guid":{"rendered":"https:\/\/silver-louse-480719.hostingersite.com\/tienda\/producto\/tanque-de-hidroterapia-castillo\/"},"modified":"2024-04-08T19:04:36","modified_gmt":"2024-04-08T19:04:36","slug":"tanque-de-hidroterapia-castillo","status":"publish","type":"product","link":"https:\/\/www.zannasalud.com\/tienda\/producto\/tanque-de-hidroterapia-castillo\/","title":{"rendered":"TANQUE DE HIDROTERAPIA CASTILLO"},"content":{"rendered":"<p>Un equipo Castillo est\u00e1ndar cuenta con un mezclador t\u00e9rmico que ayuda a regular con facilidad la temperatura del agua de llenado. Opcionalmente, este modelo de tina puede ser equipado con un panel electr\u00f3nico para regular el tiempo de funcionamiento y el nivel de llenado, as\u00ed como para monitorear la temperatura del agua. (con panel de control electr\u00f3nico). <\/p>\n<p>GARANTIA 2 A\u00d1OS.<\/p>\n","protected":false},"excerpt":{"rendered":"<p>Este tanque de baja capacidad ofrece un excelente sistema para el tratamiento de los miembros superiores.<\/p>\n","protected":false},"featured_media":6959,"template":"","meta":{"_acf_changed":false,"content-type":""},"product_brand":[],"product_cat":[13299,13255,13301,13252,13300],"product_tag":[11803],"class_list":{"0":"post-31524","1":"product","2":"type-product","3":"status-publish","4":"has-post-thumbnail","6":"product_cat-hydroterapia","7":"product_cat-marca","8":"product_cat-technomex","9":"product_cat-modalidades","10":"product_cat-tanques-y-baneras","11":"product_tag-technomex","13":"first","14":"onbackorder","15":"taxable","16":"shipping-taxable","17":"purchasable","18":"product-type-variable"},"acf":[],"_links":{"self":[{"href":"https:\/\/www.zannasalud.com\/tienda\/wp-json\/wp\/v2\/product\/31524","targetHints":{"allow":["GET"]}}],"collection":[{"href":"https:\/\/www.zannasalud.com\/tienda\/wp-json\/wp\/v2\/product"}],"about":[{"href":"https:\/\/www.zannasalud.com\/tienda\/wp-json\/wp\/v2\/types\/product"}],"wp:featuredmedia":[{"embeddable":true,"href":"https:\/\/www.zannasalud.com\/tienda\/wp-json\/wp\/v2\/media\/6959"}],"wp:attachment":[{"href":"https:\/\/www.zannasalud.com\/tienda\/wp-json\/wp\/v2\/media?parent=31524"}],"wp:term":[{"taxonomy":"product_brand","embeddable":true,"href":"https:\/\/www.zannasalud.com\/tienda\/wp-json\/wp\/v2\/product_brand?post=31524"},{"taxonomy":"product_cat","embeddable":true,"href":"https:\/\/www.zannasalud.com\/tienda\/wp-json\/wp\/v2\/product_cat?post=31524"},{"taxonomy":"product_tag","embeddable":true,"href":"https:\/\/www.zannasalud.com\/tienda\/wp-json\/wp\/v2\/product_tag?post=31524"}],"curies":[{"name":"wp","href":"https:\/\/api.w.org\/{rel}","templated":true}]}}