{"id":31490,"date":"2020-11-18T20:37:18","date_gmt":"2020-11-18T20:37:18","guid":{"rendered":"https:\/\/silver-louse-480719.hostingersite.com\/tienda\/producto\/equipo-biofeedback\/"},"modified":"2024-04-08T19:04:35","modified_gmt":"2024-04-08T19:04:35","slug":"equipo-biofeedback","status":"publish","type":"product","link":"https:\/\/www.zannasalud.com\/tienda\/producto\/equipo-biofeedback\/","title":{"rendered":"EQUIPO BIOFEEDBACK"},"content":{"rendered":"<p>Este sistema de calidad m\u00e9dica, proporciona funciones con herramientas sencillas para Evaluaci\u00f3n y Entrenamiento del HRV.<\/p>\n<p>DETALLES: Introduzca Biofeedback de variabilidad del ritmo card\u00edaco en su pr\u00e1ctica con este dispositivo de dos canales compacto y f\u00e1cil de usar, que viene con un pulso de dedo, un sensor de la respiraci\u00f3n, y un potente software multimedia, acompa\u00f1ado de la Suite HRV. Perfecto para los psic\u00f3logos y otros terapeutas que quieran descubrir los beneficios del biofeedback para l la variabilidad del ritmo card\u00edaco con herramientas sencillas, pero potentes. Con el paquete de la HRV, se puede realizar una evaluaci\u00f3n b\u00e1sica, ejecutar sesiones de biofeedback y ense\u00f1ar a los ususarios, habilidades de relajaci\u00f3n profunda con ejercicios de respiraci\u00f3n de ritmo. ProComp 2 codificador &#8211; 2 canales<\/p>\n<p>El ProComp2 \u2122 es un dispositivo compacto de 2 canales y potente que permite a los profesionales clinicos establecer un segundo sistema cl\u00ednico &#8211; para potenciar el tratamiento, con opcion Take-home. El ProComp2 \u2122 se puede utilizar cualquiera de los dos sensores del ProComp Infiniti \u2122 o expandirse a neurofeedback, incluyendo un EEG sensor (s\u00f3lo tiene que conectar a un alargador de cable para la monitorizaci\u00f3n EEG y el biofeedback). El sistema ProComp2 \u2122 contiene todos los perif\u00e9ricos para conectarse f\u00e1cilmente a un ordenador de escritorio o port\u00e1til compatible con PC IBM.<\/p>\n<p>BENEFICIOS: A\u00f1adir salas de entrenamiento adicionales a su cl\u00ednica de forma r\u00e1pida y econ\u00f3mica. Promover la sesi\u00f3n de ejercicios en el entorno del hogar para mejorar los resultados. Mejorar el cumplimiento a largo plazo. Incluye un sensor de EEG integrado para la oportunidad de ampliar su pr\u00e1ctica. Seguimiento de los instrumentos perif\u00e9ricos como EEG. Proveedor experto en calidad y soporte.<\/p>\n<p>Incluye:<br \/>\nProComp 2 \u2013 2 Canales<br \/>\nSoftware Biograph Infiniti<br \/>\nHRV Suite<br \/>\nSensor BVP<br \/>\nSensor Respiraci\u00f3n<\/p>\n","protected":false},"excerpt":{"rendered":"<p>Es ideal para los profesionales cuyo interes es explorar el ritmo card\u00edaco con biofeedback .<\/p>\n","protected":false},"featured_media":3841,"template":"","meta":{"_acf_changed":false,"content-type":""},"product_brand":[],"product_cat":[13557,13255,13287,13252,13279],"product_tag":[11768],"class_list":{"0":"post-31490","1":"product","2":"type-product","3":"status-publish","4":"has-post-thumbnail","6":"product_cat-biofeedback-variabilidad-cardiaca","7":"product_cat-marca","8":"product_cat-thought-technology","9":"product_cat-modalidades","10":"product_cat-retroalimentadores-biofeedback-neurofeedback-psicologia-y-rehabilitacion-fisica-incontinencia","11":"product_tag-thought-technology","13":"first","14":"onbackorder","15":"taxable","16":"shipping-taxable","17":"purchasable","18":"product-type-variable"},"acf":[],"_links":{"self":[{"href":"https:\/\/www.zannasalud.com\/tienda\/wp-json\/wp\/v2\/product\/31490","targetHints":{"allow":["GET"]}}],"collection":[{"href":"https:\/\/www.zannasalud.com\/tienda\/wp-json\/wp\/v2\/product"}],"about":[{"href":"https:\/\/www.zannasalud.com\/tienda\/wp-json\/wp\/v2\/types\/product"}],"wp:featuredmedia":[{"embeddable":true,"href":"https:\/\/www.zannasalud.com\/tienda\/wp-json\/wp\/v2\/media\/3841"}],"wp:attachment":[{"href":"https:\/\/www.zannasalud.com\/tienda\/wp-json\/wp\/v2\/media?parent=31490"}],"wp:term":[{"taxonomy":"product_brand","embeddable":true,"href":"https:\/\/www.zannasalud.com\/tienda\/wp-json\/wp\/v2\/product_brand?post=31490"},{"taxonomy":"product_cat","embeddable":true,"href":"https:\/\/www.zannasalud.com\/tienda\/wp-json\/wp\/v2\/product_cat?post=31490"},{"taxonomy":"product_tag","embeddable":true,"href":"https:\/\/www.zannasalud.com\/tienda\/wp-json\/wp\/v2\/product_tag?post=31490"}],"curies":[{"name":"wp","href":"https:\/\/api.w.org\/{rel}","templated":true}]}}