{"id":31486,"date":"2020-11-18T20:37:18","date_gmt":"2020-11-18T20:37:18","guid":{"rendered":"https:\/\/silver-louse-480719.hostingersite.com\/tienda\/producto\/triode-electrode\/"},"modified":"2025-04-04T16:50:45","modified_gmt":"2025-04-04T16:50:45","slug":"triode-electrode","status":"publish","type":"product","link":"https:\/\/www.zannasalud.com\/tienda\/producto\/triode-electrode\/","title":{"rendered":"TRIODE\u2122 ELECTRODE"},"content":{"rendered":"<p>con un espaciamiento est\u00e1ndar de 2 cm de electrodos de plata y cloruro de plata, respaldados con broches de presi\u00f3n de lat\u00f3n niquelado para evitar la corrosi\u00f3n cuando se conectan a preamplificadores durante per\u00edodos prolongados.<\/p>\n","protected":false},"excerpt":{"rendered":"<p>con un espaciamiento est\u00e1ndar de 2 cm de electrodos de plata y cloruro de plata, respaldados con broches de presi\u00f3n de lat\u00f3n niquelado para evitar la corrosi\u00f3n cuando se conectan a preamplificadores durante per\u00edodos prolongados.<\/p>\n","protected":false},"featured_media":0,"template":"","meta":{"_acf_changed":false,"content-type":""},"product_brand":[],"product_cat":[13556,13255,13287,13252,13279],"product_tag":[11768],"class_list":{"0":"post-31486","1":"product","2":"type-product","3":"status-publish","5":"product_cat-electrodos-neurofeedback-biofeedback","6":"product_cat-marca","7":"product_cat-thought-technology","8":"product_cat-modalidades","9":"product_cat-retroalimentadores-biofeedback-neurofeedback-psicologia-y-rehabilitacion-fisica-incontinencia","10":"product_tag-thought-technology","12":"first","13":"onbackorder","14":"taxable","15":"shipping-taxable","16":"purchasable","17":"product-type-variable"},"acf":[],"_links":{"self":[{"href":"https:\/\/www.zannasalud.com\/tienda\/wp-json\/wp\/v2\/product\/31486","targetHints":{"allow":["GET"]}}],"collection":[{"href":"https:\/\/www.zannasalud.com\/tienda\/wp-json\/wp\/v2\/product"}],"about":[{"href":"https:\/\/www.zannasalud.com\/tienda\/wp-json\/wp\/v2\/types\/product"}],"wp:attachment":[{"href":"https:\/\/www.zannasalud.com\/tienda\/wp-json\/wp\/v2\/media?parent=31486"}],"wp:term":[{"taxonomy":"product_brand","embeddable":true,"href":"https:\/\/www.zannasalud.com\/tienda\/wp-json\/wp\/v2\/product_brand?post=31486"},{"taxonomy":"product_cat","embeddable":true,"href":"https:\/\/www.zannasalud.com\/tienda\/wp-json\/wp\/v2\/product_cat?post=31486"},{"taxonomy":"product_tag","embeddable":true,"href":"https:\/\/www.zannasalud.com\/tienda\/wp-json\/wp\/v2\/product_tag?post=31486"}],"curies":[{"name":"wp","href":"https:\/\/api.w.org\/{rel}","templated":true}]}}