{"id":31451,"date":"2020-11-18T20:37:09","date_gmt":"2020-11-18T20:37:09","guid":{"rendered":"https:\/\/silver-louse-480719.hostingersite.com\/tienda\/producto\/laser-cyborg\/"},"modified":"2024-04-08T19:04:34","modified_gmt":"2024-04-08T19:04:34","slug":"laser-cyborg","status":"publish","type":"product","link":"https:\/\/www.zannasalud.com\/tienda\/producto\/laser-cyborg\/","title":{"rendered":"LASER CYBORG"},"content":{"rendered":"<p>\u2022 alta potencia de emisi\u00f3n;<br \/>\n\u2022 funcionamiento continuo y pulsado hasta 100.000 Hz;<br \/>\n\u2022 ciclo de trabajo ajustable en el rango del 10% al 90%;<br \/>\n\u2022 posibilidad de crear programas complejos combinando fases de tratamiento por puntos con fases de barrido;<br \/>\n\u2022 ajuste de la frecuencia y del ciclo de trabajo en el modo barrido;<br \/>\n\u2022 uso de expansores de haz para el tratamiento de grandes \u00e1reas del cuerpo.<\/p>\n<p>El aparato brinda complejos protocolos de tratamiento para las patolog\u00edas m\u00e1s comunes y permite la creaci\u00f3n y el almacenamiento de programas definidos por el usuario. La interfase de usuario consiste en un avanzado sistema t\u00e1ctil de colores que hace de \u00e9sta una unidad de muy f\u00e1cil manejo. El empleo de conos permite el tratamiento de grandes \u00e1reas (30,120 cm2) sin la presencia del fisioterapeuta.  Caracteristicas Generales: Una c\u00f3moda conexi\u00f3n USB permite transferir los datos del paciente a un archivo externo, as\u00ed como tambi\u00e9n actualizar el software.<br \/>\n\u2022 Con su novedoso y patentado Sistema (Total Emission Control), el Cyborg Laser ofrece una gran flexibilidad en los par\u00e1metros de tratamiento, permitiendo proporcionar una alt\u00edsima densidad de potencia sin recalentar los tejidos. La unidad cuenta adem\u00e1s con un sistema autom\u00e1tico que controla la cantidad de energ\u00eda efectivamente entregada al paciente.<br \/>\n\u2022 Sistema (Multi Parameters Protocols): programas y protocolos altamente complejos que combinar\u00e1n la frecuencia, el ciclo de rendimiento, la duraci\u00f3n de la pulsaci\u00f3n, la curvatura, la frecuencia de reposo y acci\u00f3n, la intensidad y el tiempo de relajaci\u00f3n. Todos estos par\u00e1metros son modificados de forma autom\u00e1tica durante el programa, sin la intervenci\u00f3n del operador.<\/p>\n","protected":false},"excerpt":{"rendered":"<p>CYBORG LASER P.K. (Pain Killer) 1064 permite realizar una gran variedad de aplicaciones terap\u00e9uticas, lo que lo convierte en la unidad de laserterapia m\u00e1s vers\u00e1til del mercado<\/p>\n","protected":false},"featured_media":3793,"template":"","meta":{"_acf_changed":false,"content-type":""},"product_brand":[],"product_cat":[13253,13544,13255,13277,13252],"product_tag":[11706],"class_list":{"0":"post-31451","1":"product","2":"type-product","3":"status-publish","4":"has-post-thumbnail","6":"product_cat-electroterapia-ultrasonidos-accesorios-laser-diaterma-microondas-onda-corta-estim-magnet","7":"product_cat-laser","8":"product_cat-marca","9":"product_cat-cosmogamma","10":"product_cat-modalidades","11":"product_tag-cosmogamma","13":"first","14":"onbackorder","15":"taxable","16":"shipping-taxable","17":"purchasable","18":"product-type-variable"},"acf":[],"_links":{"self":[{"href":"https:\/\/www.zannasalud.com\/tienda\/wp-json\/wp\/v2\/product\/31451","targetHints":{"allow":["GET"]}}],"collection":[{"href":"https:\/\/www.zannasalud.com\/tienda\/wp-json\/wp\/v2\/product"}],"about":[{"href":"https:\/\/www.zannasalud.com\/tienda\/wp-json\/wp\/v2\/types\/product"}],"wp:featuredmedia":[{"embeddable":true,"href":"https:\/\/www.zannasalud.com\/tienda\/wp-json\/wp\/v2\/media\/3793"}],"wp:attachment":[{"href":"https:\/\/www.zannasalud.com\/tienda\/wp-json\/wp\/v2\/media?parent=31451"}],"wp:term":[{"taxonomy":"product_brand","embeddable":true,"href":"https:\/\/www.zannasalud.com\/tienda\/wp-json\/wp\/v2\/product_brand?post=31451"},{"taxonomy":"product_cat","embeddable":true,"href":"https:\/\/www.zannasalud.com\/tienda\/wp-json\/wp\/v2\/product_cat?post=31451"},{"taxonomy":"product_tag","embeddable":true,"href":"https:\/\/www.zannasalud.com\/tienda\/wp-json\/wp\/v2\/product_tag?post=31451"}],"curies":[{"name":"wp","href":"https:\/\/api.w.org\/{rel}","templated":true}]}}