{"id":31442,"date":"2020-11-18T20:36:59","date_gmt":"2020-11-18T20:36:59","guid":{"rendered":"https:\/\/silver-louse-480719.hostingersite.com\/tienda\/producto\/equipo-laser\/"},"modified":"2024-04-08T19:04:34","modified_gmt":"2024-04-08T19:04:34","slug":"equipo-laser","status":"publish","type":"product","link":"https:\/\/www.zannasalud.com\/tienda\/producto\/equipo-laser\/","title":{"rendered":"EQUIPO LASER"},"content":{"rendered":"<p>La terapia l\u00e1ser es definitivamente una de las t\u00e9cnicas terap\u00e9uticas m\u00e1s seguras y f\u00e1ciles de utilizar. Las aplicaciones de l\u00e1ser son aceptadas, incluso, por pacientes poco cooperativos. La terapia l\u00e1ser produce un marcado efecto analg\u00e9sico y anti-inflamatorio sintom\u00e1tico. Cuenta con un dise\u00f1o altamente ergon\u00f3mico para a\u00f1adir confort durante largas sesiones de tratamiento. Salida del l\u00e1ser continua <\/p>\n<p>\u2022 C\u00e1lculo autom\u00e1tico del tiempo real de tratamiento<br \/>\n\u2022 Facilidad de ajuste y dosificaci\u00f3n de la emisi\u00f3n<br \/>\n\u2022 Programas predefinidos para las patolog\u00edas m\u00e1s comunes<br \/>\n\u2022 Par\u00e1metros programables en funcionamiento manual<br \/>\n\u2022 F\u00e1cil de transportar<br \/>\n\u2022 Extremadamente ligero.<\/p>\n","protected":false},"excerpt":{"rendered":"<p>El LP 1000 es un generador de rayo l\u00e1ser infrarrojo para aplicaciones de fisioterapia<\/p>\n","protected":false},"featured_media":3797,"template":"","meta":{"_acf_changed":false,"content-type":""},"product_brand":[],"product_cat":[13253,13544,13255,13277,13252],"product_tag":[11706],"class_list":{"0":"post-31442","1":"product","2":"type-product","3":"status-publish","4":"has-post-thumbnail","6":"product_cat-electroterapia-ultrasonidos-accesorios-laser-diaterma-microondas-onda-corta-estim-magnet","7":"product_cat-laser","8":"product_cat-marca","9":"product_cat-cosmogamma","10":"product_cat-modalidades","11":"product_tag-cosmogamma","13":"first","14":"onbackorder","15":"taxable","16":"shipping-taxable","17":"purchasable","18":"product-type-variable"},"acf":[],"_links":{"self":[{"href":"https:\/\/www.zannasalud.com\/tienda\/wp-json\/wp\/v2\/product\/31442","targetHints":{"allow":["GET"]}}],"collection":[{"href":"https:\/\/www.zannasalud.com\/tienda\/wp-json\/wp\/v2\/product"}],"about":[{"href":"https:\/\/www.zannasalud.com\/tienda\/wp-json\/wp\/v2\/types\/product"}],"wp:featuredmedia":[{"embeddable":true,"href":"https:\/\/www.zannasalud.com\/tienda\/wp-json\/wp\/v2\/media\/3797"}],"wp:attachment":[{"href":"https:\/\/www.zannasalud.com\/tienda\/wp-json\/wp\/v2\/media?parent=31442"}],"wp:term":[{"taxonomy":"product_brand","embeddable":true,"href":"https:\/\/www.zannasalud.com\/tienda\/wp-json\/wp\/v2\/product_brand?post=31442"},{"taxonomy":"product_cat","embeddable":true,"href":"https:\/\/www.zannasalud.com\/tienda\/wp-json\/wp\/v2\/product_cat?post=31442"},{"taxonomy":"product_tag","embeddable":true,"href":"https:\/\/www.zannasalud.com\/tienda\/wp-json\/wp\/v2\/product_tag?post=31442"}],"curies":[{"name":"wp","href":"https:\/\/api.w.org\/{rel}","templated":true}]}}