{"id":31389,"date":"2020-11-18T20:36:32","date_gmt":"2020-11-18T20:36:32","guid":{"rendered":"https:\/\/silver-louse-480719.hostingersite.com\/tienda\/producto\/electroestimulador-black-box-evo-vacuum-unit\/"},"modified":"2024-04-08T19:04:34","modified_gmt":"2024-04-08T19:04:34","slug":"electroestimulador-black-box-evo-vacuum-unit","status":"publish","type":"product","link":"https:\/\/www.zannasalud.com\/tienda\/producto\/electroestimulador-black-box-evo-vacuum-unit\/","title":{"rendered":"ELECTROESTIMULADOR BLACK BOX EVO \u2013 VACUUM UNIT"},"content":{"rendered":"<p>El equipo de vacumterapia Black Box es una unidad aut\u00f3noma que puede utilizarse encima de una mesa o colocarse bajo de un estimulador como el FIRING con el que se integra perfectamente. La nueva bomba de vac\u00edo optimizada permite largos ciclos de trabajo y un funcionamiento silencioso. La fuerza de succi\u00f3n se regula mediante dos perillas de ajuste de gran tama\u00f1o. El equipo incluye dos grandes cubetas de recogida de condensados. <\/p>\n<p>Caracter\u00edsticas generales:<br \/>\nPuede conectarse a todos los equipos de electroterapia.<br \/>\n\u2022 Cuenta con una bomba de gran calidad, alta potencia y larga duraci\u00f3n.<br \/>\n\u2022 F\u00e1cil posicionamiento de los electrodos en cualquier parte del cuerpo.<br \/>\n\u2022 Succi\u00f3n continua e intermitente.<br \/>\n\u2022 Ajuste del tiempo de intermitencia.<br \/>\n\u2022 Ajuste de la potencia de succi\u00f3n.<br \/>\n\u2022 Indicaci\u00f3n del nivel de succi\u00f3n mediante barra luminosa.<br \/>\n\u2022 Especialmente dise\u00f1ado para integrarse bajo los estimuladores.<br \/>\n\u2022 Reducci\u00f3n \u00f3ptima de la impedancia de los tejidos por efecto de la hiperemia asociada al tratamiento.<br \/>\n\u2022 Mejora la elasticidad y vascularizaci\u00f3n de los tejidos.<br \/>\n\u2022 Cuenta con 2 cubetas de condensadas de gran capacidad para proteger la bomba contra la penetraci\u00f3n de agua.<\/p>\n","protected":false},"excerpt":{"rendered":"<p>BLACK BOX es un equipo autom\u00e1tico para terapia de vac\u00edo con dos canales independientes que puede conectarse a todos los estimuladores Cosmogamma<\/p>\n","protected":false},"featured_media":3728,"template":"","meta":{"_acf_changed":false,"content-type":""},"product_brand":[],"product_cat":[13254,13253,13255,13277,13252],"product_tag":[11706],"class_list":{"0":"post-31389","1":"product","2":"type-product","3":"status-publish","4":"has-post-thumbnail","6":"product_cat-electroestimulacion-profesional","7":"product_cat-electroterapia-ultrasonidos-accesorios-laser-diaterma-microondas-onda-corta-estim-magnet","8":"product_cat-marca","9":"product_cat-cosmogamma","10":"product_cat-modalidades","11":"product_tag-cosmogamma","13":"first","14":"onbackorder","15":"taxable","16":"shipping-taxable","17":"purchasable","18":"product-type-variable"},"acf":[],"_links":{"self":[{"href":"https:\/\/www.zannasalud.com\/tienda\/wp-json\/wp\/v2\/product\/31389","targetHints":{"allow":["GET"]}}],"collection":[{"href":"https:\/\/www.zannasalud.com\/tienda\/wp-json\/wp\/v2\/product"}],"about":[{"href":"https:\/\/www.zannasalud.com\/tienda\/wp-json\/wp\/v2\/types\/product"}],"wp:featuredmedia":[{"embeddable":true,"href":"https:\/\/www.zannasalud.com\/tienda\/wp-json\/wp\/v2\/media\/3728"}],"wp:attachment":[{"href":"https:\/\/www.zannasalud.com\/tienda\/wp-json\/wp\/v2\/media?parent=31389"}],"wp:term":[{"taxonomy":"product_brand","embeddable":true,"href":"https:\/\/www.zannasalud.com\/tienda\/wp-json\/wp\/v2\/product_brand?post=31389"},{"taxonomy":"product_cat","embeddable":true,"href":"https:\/\/www.zannasalud.com\/tienda\/wp-json\/wp\/v2\/product_cat?post=31389"},{"taxonomy":"product_tag","embeddable":true,"href":"https:\/\/www.zannasalud.com\/tienda\/wp-json\/wp\/v2\/product_tag?post=31389"}],"curies":[{"name":"wp","href":"https:\/\/api.w.org\/{rel}","templated":true}]}}