{"id":31352,"date":"2020-11-18T20:36:23","date_gmt":"2020-11-18T20:36:23","guid":{"rendered":"https:\/\/silver-louse-480719.hostingersite.com\/tienda\/producto\/electroestimulaodr-estim\/"},"modified":"2025-06-26T20:09:09","modified_gmt":"2025-06-26T20:09:09","slug":"electroestimulador-estim","status":"publish","type":"product","link":"https:\/\/www.zannasalud.com\/tienda\/producto\/electroestimulador-estim\/","title":{"rendered":"ELECTROESTIMULADOR ESTIM"},"content":{"rendered":"<p>El 208A es un dispositivo digital de estimulaci\u00f3n de bajo voltaje de dos canales. Est\u00e1 dise\u00f1ado espec\u00edficamente para el tratamiento del manejo del dolor. La unidad controlada por microprocesador permite una forma de onda suave y c\u00f3moda. El temporizador digital es visible desde todos los \u00e1ngulos de la habitaci\u00f3n. Las perillas de control de intensidad permiten al m\u00e9dico aumentar o disminuir la intensidad en peque\u00f1os incrementos, lo que permite un mejor control y comodidad.<\/p>\n","protected":false},"excerpt":{"rendered":"<p>Dispositivo de estimulaci\u00f3n de bajo voltaje para manejo del dolor.<\/p>\n","protected":false},"featured_media":3751,"template":"","meta":{"_acf_changed":false,"content-type":""},"product_brand":[],"product_cat":[13258,13254,13253,13255,13256,13252],"product_tag":[11670],"class_list":{"0":"post-31352","1":"product","2":"type-product","3":"status-publish","4":"has-post-thumbnail","6":"product_cat-cabeza-cuello","7":"product_cat-electroestimulacion-profesional","8":"product_cat-electroterapia-ultrasonidos-accesorios-laser-diaterma-microondas-onda-corta-estim-magnet","9":"product_cat-marca","10":"product_cat-mettler-electronics","11":"product_cat-modalidades","12":"product_tag-mettler-electronics","14":"first","15":"onbackorder","16":"taxable","17":"shipping-taxable","18":"purchasable","19":"product-type-simple"},"acf":[],"_links":{"self":[{"href":"https:\/\/www.zannasalud.com\/tienda\/wp-json\/wp\/v2\/product\/31352","targetHints":{"allow":["GET"]}}],"collection":[{"href":"https:\/\/www.zannasalud.com\/tienda\/wp-json\/wp\/v2\/product"}],"about":[{"href":"https:\/\/www.zannasalud.com\/tienda\/wp-json\/wp\/v2\/types\/product"}],"wp:featuredmedia":[{"embeddable":true,"href":"https:\/\/www.zannasalud.com\/tienda\/wp-json\/wp\/v2\/media\/3751"}],"wp:attachment":[{"href":"https:\/\/www.zannasalud.com\/tienda\/wp-json\/wp\/v2\/media?parent=31352"}],"wp:term":[{"taxonomy":"product_brand","embeddable":true,"href":"https:\/\/www.zannasalud.com\/tienda\/wp-json\/wp\/v2\/product_brand?post=31352"},{"taxonomy":"product_cat","embeddable":true,"href":"https:\/\/www.zannasalud.com\/tienda\/wp-json\/wp\/v2\/product_cat?post=31352"},{"taxonomy":"product_tag","embeddable":true,"href":"https:\/\/www.zannasalud.com\/tienda\/wp-json\/wp\/v2\/product_tag?post=31352"}],"curies":[{"name":"wp","href":"https:\/\/api.w.org\/{rel}","templated":true}]}}